{"id":136595,"date":"2025-11-24T12:15:49","date_gmt":"2025-11-24T11:15:49","guid":{"rendered":"https:\/\/www.giambattistavalli.com\/?post_type=product&#038;p=136595"},"modified":"2025-11-24T12:18:56","modified_gmt":"2025-11-24T11:18:56","slug":"abito-marron-midi-a-maglia-con-pizzo","status":"publish","type":"product","link":"https:\/\/www.giambattistavalli.com\/it\/eshop\/abiti_it\/midi_abiti_it\/abito-marron-midi-a-maglia-con-pizzo\/","title":{"rendered":"Abito marron midi a maglia con pizzo"},"content":{"rendered":"<p>Questo abito midi marrone in cotone presenta una silhouette aderente con gonna a trombetta collegata a un corpetto a maniche lunghe tramite un pannello in pizzo trasparente. Il punto vita \u00e8 valorizzato da una cintura non removibile. <\/p>\n<p><strong>Taglia e vestibilit\u00e0 :<\/strong><br \/>\n&#8211; Lunghezza 60 cm (23,6 pollici) dalla vita<br \/>\n&#8211; La modella \u00e8 alta 175 cm (69 pollici) e indossa la taglia 40 italiana<\/p>\n<p><strong>Dettagli :<\/strong><br \/>\n&#8211; Cerniera invisibile sul retro con chiusura con gancetto<br \/>\n&#8211; Cinturina non removibile in vita<br \/>\n&#8211; Senza fodera<br \/>\n&#8211; 70% Viscosa 30% Poliestere<br \/>\n&#8211; Lavaggio a secco<br \/>\n&#8211; Capo prodotto in Italia<\/p>\n","protected":false},"excerpt":{"rendered":"<p>Questo abito midi marrone in cotone presenta una silhouette aderente con gonna a trombetta collegata a un corpetto a maniche lunghe tramite un pannello in pizzo trasparente. Il punto vita \u00e8 valorizzato da una cintura non removibile. Taglia e vestibilit\u00e0 : &#8211; Lunghezza 60 cm (23,6 pollici) dalla vita &#8211; La modella \u00e8 alta 175 [&hellip;]<\/p>\n","protected":false},"featured_media":138280,"template":"","meta":{"_acf_changed":false,"footnotes":""},"product_brand":[],"product_cat":[847,850,785,515,518,508,510],"product_tag":[],"class_list":{"0":"post-136595","1":"product","2":"type-product","3":"status-publish","4":"has-post-thumbnail","6":"product_cat-abiti_it","7":"product_cat-midi_abiti_it","8":"product_cat-non-classe-it","9":"product_cat-primavera_it","10":"product_cat-abiti_primavera_it","11":"product_cat-tutti_i_vestiti_it","12":"product_cat-tutti_i_vestiti_abiti_it","13":"pa_tailles-it38_fr34_rtw_it","14":"pa_tailles-it40_fr36_rtw_it","15":"pa_tailles-it42_fr38_rtw_it","16":"pa_tailles-it44_fr40_rtw_it","17":"pa_tailles-it46_fr42_rtw_it","18":"pa_tailles-it48_fr44_rtw_it","20":"first","21":"outofstock","22":"taxable","23":"shipping-taxable","24":"purchasable","25":"product-type-variable","26":"has-default-attributes","27":"wvs-archive-product-wrapper"},"acf":[],"_links":{"self":[{"href":"https:\/\/www.giambattistavalli.com\/it\/wp-json\/wp\/v2\/product\/136595","targetHints":{"allow":["GET"]}}],"collection":[{"href":"https:\/\/www.giambattistavalli.com\/it\/wp-json\/wp\/v2\/product"}],"about":[{"href":"https:\/\/www.giambattistavalli.com\/it\/wp-json\/wp\/v2\/types\/product"}],"version-history":[{"count":1,"href":"https:\/\/www.giambattistavalli.com\/it\/wp-json\/wp\/v2\/product\/136595\/revisions"}],"predecessor-version":[{"id":136596,"href":"https:\/\/www.giambattistavalli.com\/it\/wp-json\/wp\/v2\/product\/136595\/revisions\/136596"}],"wp:featuredmedia":[{"embeddable":true,"href":"https:\/\/www.giambattistavalli.com\/it\/wp-json\/wp\/v2\/media\/138280"}],"wp:attachment":[{"href":"https:\/\/www.giambattistavalli.com\/it\/wp-json\/wp\/v2\/media?parent=136595"}],"wp:term":[{"taxonomy":"product_brand","embeddable":true,"href":"https:\/\/www.giambattistavalli.com\/it\/wp-json\/wp\/v2\/product_brand?post=136595"},{"taxonomy":"product_cat","embeddable":true,"href":"https:\/\/www.giambattistavalli.com\/it\/wp-json\/wp\/v2\/product_cat?post=136595"},{"taxonomy":"product_tag","embeddable":true,"href":"https:\/\/www.giambattistavalli.com\/it\/wp-json\/wp\/v2\/product_tag?post=136595"}],"curies":[{"name":"wp","href":"https:\/\/api.w.org\/{rel}","templated":true}]}}