{"id":136441,"date":"2025-11-24T12:15:52","date_gmt":"2025-11-24T11:15:52","guid":{"rendered":"https:\/\/www.giambattistavalli.com\/?post_type=product&#038;p=136441"},"modified":"2025-11-24T12:18:53","modified_gmt":"2025-11-24T11:18:53","slug":"abito-maxi-nero-assimetrico-in-pizzo","status":"publish","type":"product","link":"https:\/\/www.giambattistavalli.com\/it\/eshop\/abiti_it\/lungo_abiti_it\/abito-maxi-nero-assimetrico-in-pizzo\/","title":{"rendered":"Abito maxi nero assimetrico in pizzo"},"content":{"rendered":"<p>Questo abito lungo nero presenta una scollatura monospalla in pizzo nero regolabile tramite un fiocco in raso sulla spalla sinistra. La vita, aderente, \u00e8 definita da una fascia di pizzo nero velato che connette il corpino alla gonna morbida. <\/p>\n<p><strong>Taglia e vestibilit\u00e0 :<\/strong><br \/>\n&#8211; Lunghezza 120 cm (47,2 pollici) dalla vita<br \/>\n&#8211; La modella \u00e8 alta 175 cm (69 pollici) e indossa la taglia 40 italiana<\/p>\n<p><strong>Dettagli :<\/strong><br \/>\n&#8211; Vita con apertura coperta da una fascia di pizzo nero velato<br \/>\n&#8211; Cerniera invisibile sulla destra con chiusura a gancietto<br \/>\n&#8211; Spallina sinistra regolabile con chiusura con fiocco<br \/>\n&#8211; Foderato<br \/>\n&#8211; 100% Viscosa<br \/>\n&#8211; Lavaggio a secco<br \/>\n&#8211; Capo prodotto in Italia<\/p>\n","protected":false},"excerpt":{"rendered":"<p>Questo abito lungo nero presenta una scollatura monospalla in pizzo nero regolabile tramite un fiocco in raso sulla spalla sinistra. La vita, aderente, \u00e8 definita da una fascia di pizzo nero velato che connette il corpino alla gonna morbida. Taglia e vestibilit\u00e0 : &#8211; Lunghezza 120 cm (47,2 pollici) dalla vita &#8211; La modella \u00e8 [&hellip;]<\/p>\n","protected":false},"featured_media":137925,"template":"","meta":{"_acf_changed":false,"footnotes":""},"product_brand":[],"product_cat":[847,849,785,515,518,508,510],"product_tag":[],"class_list":{"0":"post-136441","1":"product","2":"type-product","3":"status-publish","4":"has-post-thumbnail","6":"product_cat-abiti_it","7":"product_cat-lungo_abiti_it","8":"product_cat-non-classe-it","9":"product_cat-primavera_it","10":"product_cat-abiti_primavera_it","11":"product_cat-tutti_i_vestiti_it","12":"product_cat-tutti_i_vestiti_abiti_it","13":"pa_tailles-it38_fr34_rtw_it","14":"pa_tailles-it40_fr36_rtw_it","15":"pa_tailles-it42_fr38_rtw_it","16":"pa_tailles-it44_fr40_rtw_it","17":"pa_tailles-it46_fr42_rtw_it","18":"pa_tailles-it48_fr44_rtw_it","20":"first","21":"outofstock","22":"taxable","23":"shipping-taxable","24":"purchasable","25":"product-type-variable","26":"has-default-attributes","27":"wvs-archive-product-wrapper"},"acf":[],"_links":{"self":[{"href":"https:\/\/www.giambattistavalli.com\/it\/wp-json\/wp\/v2\/product\/136441","targetHints":{"allow":["GET"]}}],"collection":[{"href":"https:\/\/www.giambattistavalli.com\/it\/wp-json\/wp\/v2\/product"}],"about":[{"href":"https:\/\/www.giambattistavalli.com\/it\/wp-json\/wp\/v2\/types\/product"}],"version-history":[{"count":1,"href":"https:\/\/www.giambattistavalli.com\/it\/wp-json\/wp\/v2\/product\/136441\/revisions"}],"predecessor-version":[{"id":136442,"href":"https:\/\/www.giambattistavalli.com\/it\/wp-json\/wp\/v2\/product\/136441\/revisions\/136442"}],"wp:featuredmedia":[{"embeddable":true,"href":"https:\/\/www.giambattistavalli.com\/it\/wp-json\/wp\/v2\/media\/137925"}],"wp:attachment":[{"href":"https:\/\/www.giambattistavalli.com\/it\/wp-json\/wp\/v2\/media?parent=136441"}],"wp:term":[{"taxonomy":"product_brand","embeddable":true,"href":"https:\/\/www.giambattistavalli.com\/it\/wp-json\/wp\/v2\/product_brand?post=136441"},{"taxonomy":"product_cat","embeddable":true,"href":"https:\/\/www.giambattistavalli.com\/it\/wp-json\/wp\/v2\/product_cat?post=136441"},{"taxonomy":"product_tag","embeddable":true,"href":"https:\/\/www.giambattistavalli.com\/it\/wp-json\/wp\/v2\/product_tag?post=136441"}],"curies":[{"name":"wp","href":"https:\/\/api.w.org\/{rel}","templated":true}]}}