{"id":136091,"date":"2025-11-24T12:16:01","date_gmt":"2025-11-24T11:16:01","guid":{"rendered":"https:\/\/www.giambattistavalli.com\/?post_type=product&#038;p=136091"},"modified":"2025-11-24T12:18:47","modified_gmt":"2025-11-24T11:18:47","slug":"blousa-verde-in-macrame-a-filigrana","status":"publish","type":"product","link":"https:\/\/www.giambattistavalli.com\/it\/eshop\/primavera_it\/top_primavera_it\/blousa-verde-in-macrame-a-filigrana\/","title":{"rendered":"Blousa verde in macram\u00e9 a filigrana"},"content":{"rendered":"<p>Questa bluse lunga verde in macram\u00e9 a filigrana presenta un collo a V con un bottone coperto da un laccetto fine frontale.<\/p>\n<p><strong>Taglia e vestibilit\u00e0 :<\/strong><br \/>\n&#8211; La modella \u00e8 alta 175 cm (69 pollici) e indossa la taglia 40 italiana<\/p>\n<p><strong>Dettagli :<\/strong><br \/>\n&#8211; Scollatura a V chiusa da un bottone<br \/>\n&#8211; Laccetto sottile frontale<br \/>\n&#8211; Senza fodera<br \/>\n&#8211; 100% Poliestere<br \/>\n&#8211; Lavaggio a secco<br \/>\n&#8211; Capo prodotto in Italia<\/p>\n","protected":false},"excerpt":{"rendered":"<p>Questa bluse lunga verde in macram\u00e9 a filigrana presenta un collo a V con un bottone coperto da un laccetto fine frontale. Taglia e vestibilit\u00e0 : &#8211; La modella \u00e8 alta 175 cm (69 pollici) e indossa la taglia 40 italiana Dettagli : &#8211; Scollatura a V chiusa da un bottone &#8211; Laccetto sottile frontale [&hellip;]<\/p>\n","protected":false},"featured_media":136979,"template":"","meta":{"_acf_changed":false,"footnotes":""},"product_brand":[],"product_cat":[785,515,520,508,512],"product_tag":[],"class_list":{"0":"post-136091","1":"product","2":"type-product","3":"status-publish","4":"has-post-thumbnail","6":"product_cat-non-classe-it","7":"product_cat-primavera_it","8":"product_cat-top_primavera_it","9":"product_cat-tutti_i_vestiti_it","10":"product_cat-tutti_i_vestiti_top_it","11":"pa_tailles-it38_fr34_rtw_it","12":"pa_tailles-it40_fr36_rtw_it","13":"pa_tailles-it42_fr38_rtw_it","14":"pa_tailles-it44_fr40_rtw_it","15":"pa_tailles-it46_fr42_rtw_it","16":"pa_tailles-it48_fr44_rtw_it","18":"first","19":"outofstock","20":"taxable","21":"shipping-taxable","22":"purchasable","23":"product-type-variable","24":"has-default-attributes","25":"wvs-archive-product-wrapper"},"acf":[],"_links":{"self":[{"href":"https:\/\/www.giambattistavalli.com\/it\/wp-json\/wp\/v2\/product\/136091","targetHints":{"allow":["GET"]}}],"collection":[{"href":"https:\/\/www.giambattistavalli.com\/it\/wp-json\/wp\/v2\/product"}],"about":[{"href":"https:\/\/www.giambattistavalli.com\/it\/wp-json\/wp\/v2\/types\/product"}],"version-history":[{"count":1,"href":"https:\/\/www.giambattistavalli.com\/it\/wp-json\/wp\/v2\/product\/136091\/revisions"}],"predecessor-version":[{"id":136092,"href":"https:\/\/www.giambattistavalli.com\/it\/wp-json\/wp\/v2\/product\/136091\/revisions\/136092"}],"wp:featuredmedia":[{"embeddable":true,"href":"https:\/\/www.giambattistavalli.com\/it\/wp-json\/wp\/v2\/media\/136979"}],"wp:attachment":[{"href":"https:\/\/www.giambattistavalli.com\/it\/wp-json\/wp\/v2\/media?parent=136091"}],"wp:term":[{"taxonomy":"product_brand","embeddable":true,"href":"https:\/\/www.giambattistavalli.com\/it\/wp-json\/wp\/v2\/product_brand?post=136091"},{"taxonomy":"product_cat","embeddable":true,"href":"https:\/\/www.giambattistavalli.com\/it\/wp-json\/wp\/v2\/product_cat?post=136091"},{"taxonomy":"product_tag","embeddable":true,"href":"https:\/\/www.giambattistavalli.com\/it\/wp-json\/wp\/v2\/product_tag?post=136091"}],"curies":[{"name":"wp","href":"https:\/\/api.w.org\/{rel}","templated":true}]}}