{"id":131422,"date":"2025-08-25T11:39:47","date_gmt":"2025-08-25T09:39:47","guid":{"rendered":"https:\/\/www.giambattistavalli.com\/?post_type=product&#038;p=131422"},"modified":"2025-08-25T11:39:47","modified_gmt":"2025-08-25T09:39:47","slug":"cappotto-senza-maniche-lungo-ikat-jacquard","status":"publish","type":"product","link":"https:\/\/www.giambattistavalli.com\/it\/eshop\/autunno_inverno_it\/cappotti_giacche_autunno_inverno_it\/cappotto-senza-maniche-lungo-ikat-jacquard\/","title":{"rendered":"Cappotto senza maniche lungo Ikat Jacquard"},"content":{"rendered":"<p>Questo lungo cappotto senza maniche con stampa Ikat Jacquard presenta una pelliccia sintetica bianca su tutta la lunghezza. L\u2019interno \u00e8 in pelliccia sintetica e presenta tasche laterali.<\/p>\n<p><strong>Taglia e vestibilit\u00e0 :<\/strong><br \/>\n&#8211; Lunghezza 105 cm (41,3 pollici) dalla vita<br \/>\n&#8211; La modella \u00e8 alta 177 cm (70 pollici) e indossa la taglia 40 italiana<\/p>\n<p><strong>Dettagli :<\/strong><br \/>\n&#8211; 83% poliestere, 15% seta, 2% poliammide<br \/>\n&#8211; Solo lavaggio a secco<br \/>\n&#8211; Questo capo \u00e8 realizzato in Italia<\/p>\n","protected":false},"excerpt":{"rendered":"<p>Questo lungo cappotto senza maniche con stampa Ikat Jacquard presenta una pelliccia sintetica bianca su tutta la lunghezza. L\u2019interno \u00e8 in pelliccia sintetica e presenta tasche laterali. Taglia e vestibilit\u00e0 : &#8211; Lunghezza 105 cm (41,3 pollici) dalla vita &#8211; La modella \u00e8 alta 177 cm (70 pollici) e indossa la taglia 40 italiana Dettagli [&hellip;]<\/p>\n","protected":false},"featured_media":132121,"template":"","meta":{"_acf_changed":false,"footnotes":""},"product_brand":[],"product_cat":[785,710,718,605,762,508,509],"product_tag":[],"class_list":{"0":"post-131422","1":"product","2":"type-product","3":"status-publish","4":"has-post-thumbnail","6":"product_cat-non-classe-it","7":"product_cat-autunno_inverno_it","8":"product_cat-cappotti_giacche_autunno_inverno_it","9":"product_cat-private_sale_it","10":"product_cat-cappotti_giacche_private_sale_it","11":"product_cat-tutti_i_vestiti_it","12":"product_cat-tutti_i_vestiti_cappotti_giacche_it","13":"pa_tailles-it38_fr34_rtw_it","14":"pa_tailles-it40_fr36_rtw_it","15":"pa_tailles-it42_fr38_rtw_it","16":"pa_tailles-it44_fr40_rtw_it","17":"pa_tailles-it46_fr42_rtw_it","18":"pa_tailles-it48_fr44_rtw_it","20":"first","21":"outofstock","22":"sale","23":"taxable","24":"shipping-taxable","25":"purchasable","26":"product-type-variable","27":"has-default-attributes","28":"wvs-archive-product-wrapper"},"acf":[],"_links":{"self":[{"href":"https:\/\/www.giambattistavalli.com\/it\/wp-json\/wp\/v2\/product\/131422","targetHints":{"allow":["GET"]}}],"collection":[{"href":"https:\/\/www.giambattistavalli.com\/it\/wp-json\/wp\/v2\/product"}],"about":[{"href":"https:\/\/www.giambattistavalli.com\/it\/wp-json\/wp\/v2\/types\/product"}],"version-history":[{"count":1,"href":"https:\/\/www.giambattistavalli.com\/it\/wp-json\/wp\/v2\/product\/131422\/revisions"}],"predecessor-version":[{"id":131423,"href":"https:\/\/www.giambattistavalli.com\/it\/wp-json\/wp\/v2\/product\/131422\/revisions\/131423"}],"wp:featuredmedia":[{"embeddable":true,"href":"https:\/\/www.giambattistavalli.com\/it\/wp-json\/wp\/v2\/media\/132121"}],"wp:attachment":[{"href":"https:\/\/www.giambattistavalli.com\/it\/wp-json\/wp\/v2\/media?parent=131422"}],"wp:term":[{"taxonomy":"product_brand","embeddable":true,"href":"https:\/\/www.giambattistavalli.com\/it\/wp-json\/wp\/v2\/product_brand?post=131422"},{"taxonomy":"product_cat","embeddable":true,"href":"https:\/\/www.giambattistavalli.com\/it\/wp-json\/wp\/v2\/product_cat?post=131422"},{"taxonomy":"product_tag","embeddable":true,"href":"https:\/\/www.giambattistavalli.com\/it\/wp-json\/wp\/v2\/product_tag?post=131422"}],"curies":[{"name":"wp","href":"https:\/\/api.w.org\/{rel}","templated":true}]}}