{"id":131380,"date":"2025-08-25T11:39:44","date_gmt":"2025-08-25T09:39:44","guid":{"rendered":"https:\/\/www.giambattistavalli.com\/?post_type=product&#038;p=131380"},"modified":"2025-11-17T14:03:57","modified_gmt":"2025-11-17T13:03:57","slug":"abito-longuette-avorio-macrame-in-lana","status":"publish","type":"product","link":"https:\/\/www.giambattistavalli.com\/it\/eshop\/abiti_it\/midi_abiti_it\/abito-longuette-avorio-macrame-in-lana\/","title":{"rendered":"Abito longuette avorio macram\u00e9 in lana"},"content":{"rendered":"<p>Questo abito longuette \u00e8 completamente rivestito di macram\u00e9, per un look leggero ed elegante.<\/p>\n<p><strong>Taglia e vestibilit\u00e0 :<\/strong><br \/>\n&#8211; Lunghezza 110 cm (43,3 pollici) dalla vita<br \/>\n&#8211; La modella \u00e8 alta 177 cm (70 pollici) e indossa la taglia 40 italiana<\/p>\n<p><strong>Dettagli :<\/strong><br \/>\n&#8211; Fodera<br \/>\n&#8211; Cerniera invisibile sulla schiena<br \/>\n&#8211; 3 bottoni automatici sulla spalla sinistra<br \/>\n&#8211; 43% lana, 43% acrilico, 14% poliestere<br \/>\n&#8211; Solo lavaggio a secco<br \/>\n&#8211; Questo capo \u00e8 realizzato in Italia<\/p>\n","protected":false},"excerpt":{"rendered":"<p>Questo abito longuette \u00e8 completamente rivestito di macram\u00e9, per un look leggero ed elegante. Taglia e vestibilit\u00e0 : &#8211; Lunghezza 110 cm (43,3 pollici) dalla vita &#8211; La modella \u00e8 alta 177 cm (70 pollici) e indossa la taglia 40 italiana Dettagli : &#8211; Fodera &#8211; Cerniera invisibile sulla schiena &#8211; 3 bottoni automatici sulla [&hellip;]<\/p>\n","protected":false},"featured_media":132085,"template":"","meta":{"_acf_changed":false,"footnotes":""},"product_brand":[],"product_cat":[847,850,785,710,716,605,763,508,510],"product_tag":[],"class_list":{"0":"post-131380","1":"product","2":"type-product","3":"status-publish","4":"has-post-thumbnail","6":"product_cat-abiti_it","7":"product_cat-midi_abiti_it","8":"product_cat-non-classe-it","9":"product_cat-autunno_inverno_it","10":"product_cat-abiti_autunno_inverno_it","11":"product_cat-private_sale_it","12":"product_cat-abiti_private_sale_it","13":"product_cat-tutti_i_vestiti_it","14":"product_cat-tutti_i_vestiti_abiti_it","15":"pa_tailles-it38_fr34_rtw_it","16":"pa_tailles-it40_fr36_rtw_it","17":"pa_tailles-it42_fr38_rtw_it","18":"pa_tailles-it44_fr40_rtw_it","19":"pa_tailles-it46_fr42_rtw_it","20":"pa_tailles-it48_fr44_rtw_it","22":"first","23":"outofstock","24":"sale","25":"taxable","26":"shipping-taxable","27":"purchasable","28":"product-type-variable","29":"has-default-attributes","30":"wvs-archive-product-wrapper"},"acf":[],"_links":{"self":[{"href":"https:\/\/www.giambattistavalli.com\/it\/wp-json\/wp\/v2\/product\/131380","targetHints":{"allow":["GET"]}}],"collection":[{"href":"https:\/\/www.giambattistavalli.com\/it\/wp-json\/wp\/v2\/product"}],"about":[{"href":"https:\/\/www.giambattistavalli.com\/it\/wp-json\/wp\/v2\/types\/product"}],"version-history":[{"count":2,"href":"https:\/\/www.giambattistavalli.com\/it\/wp-json\/wp\/v2\/product\/131380\/revisions"}],"predecessor-version":[{"id":132939,"href":"https:\/\/www.giambattistavalli.com\/it\/wp-json\/wp\/v2\/product\/131380\/revisions\/132939"}],"wp:featuredmedia":[{"embeddable":true,"href":"https:\/\/www.giambattistavalli.com\/it\/wp-json\/wp\/v2\/media\/132085"}],"wp:attachment":[{"href":"https:\/\/www.giambattistavalli.com\/it\/wp-json\/wp\/v2\/media?parent=131380"}],"wp:term":[{"taxonomy":"product_brand","embeddable":true,"href":"https:\/\/www.giambattistavalli.com\/it\/wp-json\/wp\/v2\/product_brand?post=131380"},{"taxonomy":"product_cat","embeddable":true,"href":"https:\/\/www.giambattistavalli.com\/it\/wp-json\/wp\/v2\/product_cat?post=131380"},{"taxonomy":"product_tag","embeddable":true,"href":"https:\/\/www.giambattistavalli.com\/it\/wp-json\/wp\/v2\/product_tag?post=131380"}],"curies":[{"name":"wp","href":"https:\/\/api.w.org\/{rel}","templated":true}]}}