{"id":131324,"date":"2025-08-25T11:39:41","date_gmt":"2025-08-25T09:39:41","guid":{"rendered":"https:\/\/www.giambattistavalli.com\/?post_type=product&#038;p=131324"},"modified":"2025-08-25T11:39:42","modified_gmt":"2025-08-25T09:39:42","slug":"pantaloni-flare-optical-boucle","status":"publish","type":"product","link":"https:\/\/www.giambattistavalli.com\/it\/eshop\/autunno_inverno_it\/gonne_pantaloni_autunno_inverno_it\/pantaloni-flare-optical-boucle\/","title":{"rendered":"Pantaloni flare Optical Boucl\u00e9"},"content":{"rendered":"<p>Questi pantaloni neri e dorati flare Optical Boucl\u00e9 sono dotati di 2 tasche finte sulla parte anteriore. <\/p>\n<p><strong>Taglia e vestibilit\u00e0 :<\/strong><br \/>\n&#8211; Lunghezza 105 cm (41,3 pollici) dalla vita<br \/>\n&#8211; La modella \u00e8 alta 177 cm (70 pollici) e indossa la taglia 40 italiana<\/p>\n<p><strong>Dettagli :<\/strong><br \/>\n&#8211; Cerniera invisibile a sinistra<br \/>\n&#8211; 36% poliammide, 23% lana vergine, 19% poliestere, 14% cotone, 8% viscosa<br \/>\n&#8211; Solo lavaggio a secco<br \/>\n&#8211; Questo capo \u00e8 realizzato in Italia<\/p>\n","protected":false},"excerpt":{"rendered":"<p>Questi pantaloni neri e dorati flare Optical Boucl\u00e9 sono dotati di 2 tasche finte sulla parte anteriore. Taglia e vestibilit\u00e0 : &#8211; Lunghezza 105 cm (41,3 pollici) dalla vita &#8211; La modella \u00e8 alta 177 cm (70 pollici) e indossa la taglia 40 italiana Dettagli : &#8211; Cerniera invisibile a sinistra &#8211; 36% poliammide, 23% [&hellip;]<\/p>\n","protected":false},"featured_media":132022,"template":"","meta":{"_acf_changed":false,"footnotes":""},"product_brand":[],"product_cat":[785,710,717,605,761,508,511],"product_tag":[],"class_list":{"0":"post-131324","1":"product","2":"type-product","3":"status-publish","4":"has-post-thumbnail","6":"product_cat-non-classe-it","7":"product_cat-autunno_inverno_it","8":"product_cat-gonne_pantaloni_autunno_inverno_it","9":"product_cat-private_sale_it","10":"product_cat-gonne_pantaloni_private_sale_it","11":"product_cat-tutti_i_vestiti_it","12":"product_cat-tutti_i_vestiti_gonne_pantaloni_it","13":"pa_tailles-it38_fr34_rtw_it","14":"pa_tailles-it40_fr36_rtw_it","15":"pa_tailles-it42_fr38_rtw_it","16":"pa_tailles-it44_fr40_rtw_it","17":"pa_tailles-it46_fr42_rtw_it","18":"pa_tailles-it48_fr44_rtw_it","20":"first","21":"outofstock","22":"sale","23":"taxable","24":"shipping-taxable","25":"purchasable","26":"product-type-variable","27":"has-default-attributes","28":"wvs-archive-product-wrapper"},"acf":[],"_links":{"self":[{"href":"https:\/\/www.giambattistavalli.com\/it\/wp-json\/wp\/v2\/product\/131324","targetHints":{"allow":["GET"]}}],"collection":[{"href":"https:\/\/www.giambattistavalli.com\/it\/wp-json\/wp\/v2\/product"}],"about":[{"href":"https:\/\/www.giambattistavalli.com\/it\/wp-json\/wp\/v2\/types\/product"}],"version-history":[{"count":1,"href":"https:\/\/www.giambattistavalli.com\/it\/wp-json\/wp\/v2\/product\/131324\/revisions"}],"predecessor-version":[{"id":131325,"href":"https:\/\/www.giambattistavalli.com\/it\/wp-json\/wp\/v2\/product\/131324\/revisions\/131325"}],"wp:featuredmedia":[{"embeddable":true,"href":"https:\/\/www.giambattistavalli.com\/it\/wp-json\/wp\/v2\/media\/132022"}],"wp:attachment":[{"href":"https:\/\/www.giambattistavalli.com\/it\/wp-json\/wp\/v2\/media?parent=131324"}],"wp:term":[{"taxonomy":"product_brand","embeddable":true,"href":"https:\/\/www.giambattistavalli.com\/it\/wp-json\/wp\/v2\/product_brand?post=131324"},{"taxonomy":"product_cat","embeddable":true,"href":"https:\/\/www.giambattistavalli.com\/it\/wp-json\/wp\/v2\/product_cat?post=131324"},{"taxonomy":"product_tag","embeddable":true,"href":"https:\/\/www.giambattistavalli.com\/it\/wp-json\/wp\/v2\/product_tag?post=131324"}],"curies":[{"name":"wp","href":"https:\/\/api.w.org\/{rel}","templated":true}]}}