{"id":127630,"date":"2025-10-20T17:07:47","date_gmt":"2025-10-20T15:07:47","guid":{"rendered":"https:\/\/www.giambattistavalli.com\/?post_type=product&#038;p=127630"},"modified":"2025-10-20T17:07:48","modified_gmt":"2025-10-20T15:07:48","slug":"pullover-grigio-in-lana-e-macrame-nero","status":"publish","type":"product","link":"https:\/\/www.giambattistavalli.com\/it\/eshop\/autunno_it\/top_autunno_it\/pullover-grigio-in-lana-e-macrame-nero\/","title":{"rendered":"Pullover grigio in lana e macram\u00e9 nero"},"content":{"rendered":"<p>Questo pullover grigio in lana presenta dettagli floreali neri macram\u00e9.<\/p>\n<p><strong>Taglia e vestibilit\u00e0 :<\/strong><br \/>\n&#8211; La modella \u00e8 alta 178 cm (70 pollici) e indossa la taglia 40 italiana<\/p>\n<p><strong>Dettagli :<\/strong><br \/>\n&#8211; 57% lana 28% cachemire 15% poliammide<br \/>\n&#8211; Solo lavaggio a secco<br \/>\n&#8211; Questo capo \u00e8 realizzato in Italia<\/p>\n","protected":false},"excerpt":{"rendered":"<p>Questo pullover grigio in lana presenta dettagli floreali neri macram\u00e9. Taglia e vestibilit\u00e0 : &#8211; La modella \u00e8 alta 178 cm (70 pollici) e indossa la taglia 40 italiana Dettagli : &#8211; 57% lana 28% cachemire 15% poliammide &#8211; Solo lavaggio a secco &#8211; Questo capo \u00e8 realizzato in Italia<\/p>\n","protected":false},"featured_media":133881,"template":"","meta":{"_acf_changed":false,"footnotes":""},"product_brand":[],"product_cat":[785,612,633,605,760,508,512],"product_tag":[],"class_list":{"0":"post-127630","1":"product","2":"type-product","3":"status-publish","4":"has-post-thumbnail","6":"product_cat-non-classe-it","7":"product_cat-autunno_it","8":"product_cat-top_autunno_it","9":"product_cat-private_sale_it","10":"product_cat-top_private_sale_it","11":"product_cat-tutti_i_vestiti_it","12":"product_cat-tutti_i_vestiti_top_it","13":"pa_tailles-it38_fr34_rtw_it","14":"pa_tailles-it40_fr36_rtw_it","15":"pa_tailles-it42_fr38_rtw_it","16":"pa_tailles-it44_fr40_rtw_it","17":"pa_tailles-it46_fr42_rtw_it","18":"pa_tailles-it48_fr44_rtw_it","20":"first","21":"outofstock","22":"sale","23":"taxable","24":"shipping-taxable","25":"purchasable","26":"product-type-variable","27":"has-default-attributes","28":"wvs-archive-product-wrapper"},"acf":[],"_links":{"self":[{"href":"https:\/\/www.giambattistavalli.com\/it\/wp-json\/wp\/v2\/product\/127630","targetHints":{"allow":["GET"]}}],"collection":[{"href":"https:\/\/www.giambattistavalli.com\/it\/wp-json\/wp\/v2\/product"}],"about":[{"href":"https:\/\/www.giambattistavalli.com\/it\/wp-json\/wp\/v2\/types\/product"}],"version-history":[{"count":1,"href":"https:\/\/www.giambattistavalli.com\/it\/wp-json\/wp\/v2\/product\/127630\/revisions"}],"predecessor-version":[{"id":127631,"href":"https:\/\/www.giambattistavalli.com\/it\/wp-json\/wp\/v2\/product\/127630\/revisions\/127631"}],"wp:featuredmedia":[{"embeddable":true,"href":"https:\/\/www.giambattistavalli.com\/it\/wp-json\/wp\/v2\/media\/133881"}],"wp:attachment":[{"href":"https:\/\/www.giambattistavalli.com\/it\/wp-json\/wp\/v2\/media?parent=127630"}],"wp:term":[{"taxonomy":"product_brand","embeddable":true,"href":"https:\/\/www.giambattistavalli.com\/it\/wp-json\/wp\/v2\/product_brand?post=127630"},{"taxonomy":"product_cat","embeddable":true,"href":"https:\/\/www.giambattistavalli.com\/it\/wp-json\/wp\/v2\/product_cat?post=127630"},{"taxonomy":"product_tag","embeddable":true,"href":"https:\/\/www.giambattistavalli.com\/it\/wp-json\/wp\/v2\/product_tag?post=127630"}],"curies":[{"name":"wp","href":"https:\/\/api.w.org\/{rel}","templated":true}]}}