{"id":127598,"date":"2025-06-16T16:51:45","date_gmt":"2025-06-16T14:51:45","guid":{"rendered":"https:\/\/www.giambattistavalli.com\/?post_type=product&#038;p=127598"},"modified":"2025-06-16T16:51:46","modified_gmt":"2025-06-16T14:51:46","slug":"abito-viola-lungo-con-fiocco-alla-lavalliere-in-seta","status":"publish","type":"product","link":"https:\/\/www.giambattistavalli.com\/it\/eshop\/abiti_it\/lungo_abiti_it\/abito-viola-lungo-con-fiocco-alla-lavalliere-in-seta\/","title":{"rendered":"Abito viola lungo con fiocco alla lavalli\u00e8re in seta"},"content":{"rendered":"<p>Questo abito viola lungo presenta un fiocco alla lavalli\u00e8re, un elastico in vita e maniche lunghe a sbuffo.<\/p>\n<p><strong>Taglia e vestibilit\u00e0 :<\/strong><br \/>\n&#8211; Lunghezza 120 cm (47,3 pollici) dalla vita<br \/>\n&#8211; La modella \u00e8 alta 178 cm (70 pollici) e indossa la taglia 40 italiana<\/p>\n<p><strong>Dettagli :<\/strong><br \/>\n&#8211; Fodera rimovibile<br \/>\n&#8211; 2 tasche laterali<br \/>\n&#8211; Polsini con bottoni<br \/>\n&#8211; 100% seta<br \/>\n&#8211; Solo lavaggio a secco<br \/>\n&#8211; Questo capo \u00e8 realizzato in Italia<\/p>\n","protected":false},"excerpt":{"rendered":"<p>Questo abito viola lungo presenta un fiocco alla lavalli\u00e8re, un elastico in vita e maniche lunghe a sbuffo. Taglia e vestibilit\u00e0 : &#8211; Lunghezza 120 cm (47,3 pollici) dalla vita &#8211; La modella \u00e8 alta 178 cm (70 pollici) e indossa la taglia 40 italiana Dettagli : &#8211; Fodera rimovibile &#8211; 2 tasche laterali &#8211; [&hellip;]<\/p>\n","protected":false},"featured_media":128282,"template":"","meta":{"_acf_changed":false,"footnotes":""},"product_brand":[],"product_cat":[847,849,785,612,631,605,763,508,510],"product_tag":[],"class_list":{"0":"post-127598","1":"product","2":"type-product","3":"status-publish","4":"has-post-thumbnail","6":"product_cat-abiti_it","7":"product_cat-lungo_abiti_it","8":"product_cat-non-classe-it","9":"product_cat-autunno_it","10":"product_cat-abiti_autunno_it","11":"product_cat-private_sale_it","12":"product_cat-abiti_private_sale_it","13":"product_cat-tutti_i_vestiti_it","14":"product_cat-tutti_i_vestiti_abiti_it","15":"pa_tailles-it38_fr34_rtw_it","16":"pa_tailles-it40_fr36_rtw_it","17":"pa_tailles-it42_fr38_rtw_it","18":"pa_tailles-it44_fr40_rtw_it","19":"pa_tailles-it46_fr42_rtw_it","20":"pa_tailles-it48_fr44_rtw_it","22":"first","23":"instock","24":"sale","25":"taxable","26":"shipping-taxable","27":"purchasable","28":"product-type-variable","29":"has-default-attributes","30":"wvs-archive-product-wrapper"},"acf":[],"_links":{"self":[{"href":"https:\/\/www.giambattistavalli.com\/it\/wp-json\/wp\/v2\/product\/127598","targetHints":{"allow":["GET"]}}],"collection":[{"href":"https:\/\/www.giambattistavalli.com\/it\/wp-json\/wp\/v2\/product"}],"about":[{"href":"https:\/\/www.giambattistavalli.com\/it\/wp-json\/wp\/v2\/types\/product"}],"version-history":[{"count":1,"href":"https:\/\/www.giambattistavalli.com\/it\/wp-json\/wp\/v2\/product\/127598\/revisions"}],"predecessor-version":[{"id":127599,"href":"https:\/\/www.giambattistavalli.com\/it\/wp-json\/wp\/v2\/product\/127598\/revisions\/127599"}],"wp:featuredmedia":[{"embeddable":true,"href":"https:\/\/www.giambattistavalli.com\/it\/wp-json\/wp\/v2\/media\/128282"}],"wp:attachment":[{"href":"https:\/\/www.giambattistavalli.com\/it\/wp-json\/wp\/v2\/media?parent=127598"}],"wp:term":[{"taxonomy":"product_brand","embeddable":true,"href":"https:\/\/www.giambattistavalli.com\/it\/wp-json\/wp\/v2\/product_brand?post=127598"},{"taxonomy":"product_cat","embeddable":true,"href":"https:\/\/www.giambattistavalli.com\/it\/wp-json\/wp\/v2\/product_cat?post=127598"},{"taxonomy":"product_tag","embeddable":true,"href":"https:\/\/www.giambattistavalli.com\/it\/wp-json\/wp\/v2\/product_tag?post=127598"}],"curies":[{"name":"wp","href":"https:\/\/api.w.org\/{rel}","templated":true}]}}