{"id":100650,"date":"2023-11-30T17:26:13","date_gmt":"2023-11-30T16:26:13","guid":{"rendered":"https:\/\/www.giambattistavalli.com\/?page_id=100650"},"modified":"2025-09-09T12:40:17","modified_gmt":"2025-09-09T10:40:17","slug":"la-maison","status":"publish","type":"page","link":"https:\/\/www.giambattistavalli.com\/it\/la-maison\/","title":{"rendered":"La Maison"},"content":{"rendered":"\t\t<div data-elementor-type=\"wp-page\" data-elementor-id=\"100650\" class=\"elementor elementor-100650 elementor-100571\" data-elementor-post-type=\"page\">\n\t\t\t\t<div class=\"elementor-element elementor-element-a1780c1 e-flex e-con-boxed e-con e-parent\" data-id=\"a1780c1\" data-element_type=\"container\">\n\t\t\t\t\t<div class=\"e-con-inner\">\n\t\t\t\t<div class=\"elementor-element elementor-element-2139bcb elementor-widget elementor-widget-image\" data-id=\"2139bcb\" data-element_type=\"widget\" data-widget_type=\"image.default\">\n\t\t\t\t<div class=\"elementor-widget-container\">\n\t\t\t\t\t\t\t\t\t\t\t\t\t\t\t<img fetchpriority=\"high\" decoding=\"async\" width=\"640\" height=\"239\" src=\"https:\/\/www.giambattistavalli.com\/wp-content\/uploads\/2025\/09\/PFWHC_AW25_GBV_Jan25_Finals_CrisFragkou_14-1024x382.png\" class=\"attachment-large size-large wp-image-133348 wvs-archive-product-image\" alt=\"\" srcset=\"https:\/\/www.giambattistavalli.com\/wp-content\/uploads\/2025\/09\/PFWHC_AW25_GBV_Jan25_Finals_CrisFragkou_14-1024x382.png 1024w, https:\/\/www.giambattistavalli.com\/wp-content\/uploads\/2025\/09\/PFWHC_AW25_GBV_Jan25_Finals_CrisFragkou_14-600x224.png 600w, https:\/\/www.giambattistavalli.com\/wp-content\/uploads\/2025\/09\/PFWHC_AW25_GBV_Jan25_Finals_CrisFragkou_14-768x286.png 768w, https:\/\/www.giambattistavalli.com\/wp-content\/uploads\/2025\/09\/PFWHC_AW25_GBV_Jan25_Finals_CrisFragkou_14-1536x573.png 1536w, https:\/\/www.giambattistavalli.com\/wp-content\/uploads\/2025\/09\/PFWHC_AW25_GBV_Jan25_Finals_CrisFragkou_14-2048x763.png 2048w, https:\/\/www.giambattistavalli.com\/wp-content\/uploads\/2025\/09\/PFWHC_AW25_GBV_Jan25_Finals_CrisFragkou_14-700x261.png 700w, https:\/\/www.giambattistavalli.com\/wp-content\/uploads\/2025\/09\/PFWHC_AW25_GBV_Jan25_Finals_CrisFragkou_14-64x24.png 64w\" sizes=\"(max-width: 640px) 100vw, 640px\" \/>\t\t\t\t\t\t\t\t\t\t\t\t\t\t\t<\/div>\n\t\t\t\t<\/div>\n\t\t\t\t<div class=\"elementor-element elementor-element-73cc9fc elementor-widget elementor-widget-text-editor\" data-id=\"73cc9fc\" data-element_type=\"widget\" data-widget_type=\"text-editor.default\">\n\t\t\t\t<div class=\"elementor-widget-container\">\n\t\t\t\t\t\t\t\t\t<p>Giambattista Valli Paris cattura l&#8217;essenza di due citt\u00e0 iconiche, fondendo perfettamente il magnifico fascino eclettico e rilassato della &#8220;<em>Citt\u00e0 Eterna<\/em>&#8221; romana con il contrastante spirito libero e la natura introspettiva della &#8220;<em>Ville Lumi\u00e8re<\/em>&#8221; parigina. Questa dualit\u00e0 costituisce il DNA unico di Giambattista Valli Paris, caratterizzato da contrasti elettrizzanti.<\/p>\t\t\t\t\t\t\t\t<\/div>\n\t\t\t\t<\/div>\n\t\t\t\t\t<\/div>\n\t\t\t\t<\/div>\n\t\t<div class=\"elementor-element elementor-element-de45e6d e-flex e-con-boxed e-con e-parent\" data-id=\"de45e6d\" data-element_type=\"container\">\n\t\t\t\t\t<div class=\"e-con-inner\">\n\t\t<div class=\"elementor-element elementor-element-d8bb307 e-grid e-con-boxed e-con e-child\" data-id=\"d8bb307\" data-element_type=\"container\">\n\t\t\t\t\t<div class=\"e-con-inner\">\n\t\t\t\t<div class=\"elementor-element elementor-element-178f7d8 elementor-widget__width-initial elementor-widget elementor-widget-image\" data-id=\"178f7d8\" data-element_type=\"widget\" data-widget_type=\"image.default\">\n\t\t\t\t<div class=\"elementor-widget-container\">\n\t\t\t\t\t\t\t\t\t\t\t\t\t\t\t<img decoding=\"async\" width=\"640\" height=\"746\" src=\"https:\/\/www.giambattistavalli.com\/wp-content\/uploads\/2025\/09\/07_GBVHC29-878x1024.png\" class=\"attachment-large size-large wp-image-133342 wvs-archive-product-image\" alt=\"\" srcset=\"https:\/\/www.giambattistavalli.com\/wp-content\/uploads\/2025\/09\/07_GBVHC29-878x1024.png 878w, https:\/\/www.giambattistavalli.com\/wp-content\/uploads\/2025\/09\/07_GBVHC29-514x600.png 514w, https:\/\/www.giambattistavalli.com\/wp-content\/uploads\/2025\/09\/07_GBVHC29-768x896.png 768w, https:\/\/www.giambattistavalli.com\/wp-content\/uploads\/2025\/09\/07_GBVHC29-700x817.png 700w, https:\/\/www.giambattistavalli.com\/wp-content\/uploads\/2025\/09\/07_GBVHC29-64x75.png 64w, https:\/\/www.giambattistavalli.com\/wp-content\/uploads\/2025\/09\/07_GBVHC29.png 1200w\" sizes=\"(max-width: 640px) 100vw, 640px\" \/>\t\t\t\t\t\t\t\t\t\t\t\t\t\t\t<\/div>\n\t\t\t\t<\/div>\n\t\t\t\t<div class=\"elementor-element elementor-element-dba69ab elementor-widget__width-initial elementor-widget elementor-widget-text-editor\" data-id=\"dba69ab\" data-element_type=\"widget\" data-widget_type=\"text-editor.default\">\n\t\t\t\t<div class=\"elementor-widget-container\">\n\t\t\t\t\t\t\t\t\t<p>La Maison unisce la spontaneit\u00e0 con il sofisticato. \u00c8 naturalmente straordinaria e radicata nel presente. Non aspira ad una modernit\u00e0 forzata, ma bens\u00ec ad un equilibrio tra la cultura del passato e una visione del futuro ricca di sfumature.<\/p><p>Si riflette nella moltitudine di ispirazioni, attraverso disegni e tessuti unici, come stampe di fiori, fiocchi, bouquet di tulle, macram\u00e8, ricami, boucl\u00e9.<\/p><p>Senza tempo e senza et\u00e0 sono pi\u00f9 che semplici parole per Giambattista Valli : sono la filosofia guida della Maison. Giambattista Valli ritiene che lo stile sia una posizione mentale, che trascende l&#8217;et\u00e0 e i confini fisici, sospeso da qualche parte tra passato e presente.<\/p>\t\t\t\t\t\t\t\t<\/div>\n\t\t\t\t<\/div>\n\t\t\t\t\t<\/div>\n\t\t\t\t<\/div>\n\t\t\t\t\t<\/div>\n\t\t\t\t<\/div>\n\t\t<div class=\"elementor-element elementor-element-b2976ff e-flex e-con-boxed e-con e-parent\" data-id=\"b2976ff\" data-element_type=\"container\">\n\t\t\t\t\t<div class=\"e-con-inner\">\n\t\t<div class=\"elementor-element elementor-element-2da1848 e-grid e-con-boxed e-con e-child\" data-id=\"2da1848\" data-element_type=\"container\">\n\t\t\t\t\t<div class=\"e-con-inner\">\n\t\t\t\t<div class=\"elementor-element elementor-element-3692cd5 elementor-widget__width-initial elementor-widget elementor-widget-text-editor\" data-id=\"3692cd5\" data-element_type=\"widget\" data-widget_type=\"text-editor.default\">\n\t\t\t\t<div class=\"elementor-widget-container\">\n\t\t\t\t\t\t\t\t\t<p>Per Giambattista Valli la moda non \u00e8 mai una questione di et\u00e0; si tratta di vestire le anime e dare potere alle donne.<\/p><p>Ogni creazione cerca di celebrare l&#8217;individualit\u00e0 e l&#8217;unicit\u00e0 di chi la indossa, dandole la sicurezza necessaria per abbracciare il suo vero s\u00e9.<\/p><p>Per Giambattista Valli vestire una donna non \u00e8 solo un compito ma un&#8217;arte, una celebrazione della femminilit\u00e0 in tutte le sue forme. Rivela lo stato d&#8217;animo della donna Valli: disinibita, nomade, spirito libero, non forzata, spiritosa, sensuale ed una persona che ama il rischio nel cuore.<\/p>\t\t\t\t\t\t\t\t<\/div>\n\t\t\t\t<\/div>\n\t\t\t\t<div class=\"elementor-element elementor-element-2c720c6 elementor-widget__width-initial elementor-widget elementor-widget-image\" data-id=\"2c720c6\" data-element_type=\"widget\" data-widget_type=\"image.default\">\n\t\t\t\t<div class=\"elementor-widget-container\">\n\t\t\t\t\t\t\t\t\t\t\t\t\t\t\t<img decoding=\"async\" width=\"640\" height=\"746\" src=\"https:\/\/www.giambattistavalli.com\/wp-content\/uploads\/2025\/09\/02_GBVHC29-878x1024.png\" class=\"attachment-large size-large wp-image-133345 wvs-archive-product-image\" alt=\"\" srcset=\"https:\/\/www.giambattistavalli.com\/wp-content\/uploads\/2025\/09\/02_GBVHC29-878x1024.png 878w, https:\/\/www.giambattistavalli.com\/wp-content\/uploads\/2025\/09\/02_GBVHC29-514x600.png 514w, https:\/\/www.giambattistavalli.com\/wp-content\/uploads\/2025\/09\/02_GBVHC29-768x896.png 768w, https:\/\/www.giambattistavalli.com\/wp-content\/uploads\/2025\/09\/02_GBVHC29-700x817.png 700w, https:\/\/www.giambattistavalli.com\/wp-content\/uploads\/2025\/09\/02_GBVHC29-64x75.png 64w, https:\/\/www.giambattistavalli.com\/wp-content\/uploads\/2025\/09\/02_GBVHC29.png 1200w\" sizes=\"(max-width: 640px) 100vw, 640px\" \/>\t\t\t\t\t\t\t\t\t\t\t\t\t\t\t<\/div>\n\t\t\t\t<\/div>\n\t\t\t\t\t<\/div>\n\t\t\t\t<\/div>\n\t\t\t\t\t<\/div>\n\t\t\t\t<\/div>\n\t\t\t\t<\/div>\n\t\t","protected":false},"excerpt":{"rendered":"<p>Giambattista Valli Paris cattura l&#8217;essenza di due citt\u00e0 iconiche, fondendo perfettamente il magnifico fascino eclettico e rilassato della &#8220;Citt\u00e0 Eterna&#8221; romana con il contrastante spirito libero e la natura introspettiva della &#8220;Ville Lumi\u00e8re&#8221; parigina. Questa dualit\u00e0 costituisce il DNA unico di Giambattista Valli Paris, caratterizzato da contrasti elettrizzanti. La Maison unisce la spontaneit\u00e0 con il [&hellip;]<\/p>\n","protected":false},"author":740,"featured_media":0,"parent":0,"menu_order":0,"comment_status":"closed","ping_status":"closed","template":"","meta":{"_acf_changed":false,"footnotes":""},"class_list":["post-100650","page","type-page","status-publish","hentry"],"acf":[],"_links":{"self":[{"href":"https:\/\/www.giambattistavalli.com\/it\/wp-json\/wp\/v2\/pages\/100650","targetHints":{"allow":["GET"]}}],"collection":[{"href":"https:\/\/www.giambattistavalli.com\/it\/wp-json\/wp\/v2\/pages"}],"about":[{"href":"https:\/\/www.giambattistavalli.com\/it\/wp-json\/wp\/v2\/types\/page"}],"author":[{"embeddable":true,"href":"https:\/\/www.giambattistavalli.com\/it\/wp-json\/wp\/v2\/users\/740"}],"replies":[{"embeddable":true,"href":"https:\/\/www.giambattistavalli.com\/it\/wp-json\/wp\/v2\/comments?post=100650"}],"version-history":[{"count":3,"href":"https:\/\/www.giambattistavalli.com\/it\/wp-json\/wp\/v2\/pages\/100650\/revisions"}],"predecessor-version":[{"id":133357,"href":"https:\/\/www.giambattistavalli.com\/it\/wp-json\/wp\/v2\/pages\/100650\/revisions\/133357"}],"wp:attachment":[{"href":"https:\/\/www.giambattistavalli.com\/it\/wp-json\/wp\/v2\/media?parent=100650"}],"curies":[{"name":"wp","href":"https:\/\/api.w.org\/{rel}","templated":true}]}}