{"id":136901,"date":"2025-11-24T12:15:45","date_gmt":"2025-11-24T11:15:45","guid":{"rendered":"https:\/\/www.giambattistavalli.com\/?post_type=product&#038;p=136901"},"modified":"2025-11-24T12:17:53","modified_gmt":"2025-11-24T11:17:53","slug":"boucles-doreilles-en-cristaux-bleu-pastel","status":"publish","type":"product","link":"https:\/\/www.giambattistavalli.com\/fr\/eshop\/accessoires_fr\/accessoires_bijoux_fr\/boucles-doreilles-en-cristaux-bleu-pastel\/","title":{"rendered":"Boucles d\u2019oreilles en cristaux bleu pastel"},"content":{"rendered":"<p>Ces boucles d\u2019oreilles sont orn\u00e9es de cristaux couleur bleu pastel et de strass avec une finition dor\u00e9e. Elles sont \u00e0 clips et ne n\u00e9cessitent pas d\u2019avoir les oreilles perc\u00e9es.<\/p>\n<p>Tous nos accessoires sont accompagn\u00e9s d\u2019un tote en tissu sigl\u00e9 Giambattista Valli.<\/p>\n<p><strong>D\u00e9tails :<\/strong><br \/>\n&#8211; 60% laiton 40% verre<br \/>\n&#8211; 10 cm (3.9 inches) x 4 cm (1.6 pouces)<br \/>\n&#8211; Cette pi\u00e8ce est confectionn\u00e9e en Italie<\/p>\n","protected":false},"excerpt":{"rendered":"<p>Ces boucles d\u2019oreilles sont orn\u00e9es de cristaux couleur bleu pastel et de strass avec une finition dor\u00e9e. Elles sont \u00e0 clips et ne n\u00e9cessitent pas d\u2019avoir les oreilles perc\u00e9es. Tous nos accessoires sont accompagn\u00e9s d\u2019un tote en tissu sigl\u00e9 Giambattista Valli. D\u00e9tails : &#8211; 60% laiton 40% verre &#8211; 10 cm (3.9 inches) x 4 [&hellip;]<\/p>\n","protected":false},"featured_media":137507,"template":"","meta":{"_acf_changed":false,"footnotes":""},"product_brand":[],"product_cat":[873,278,320,279,736],"product_tag":[],"class_list":{"0":"post-136901","1":"product","2":"type-product","3":"status-publish","4":"has-post-thumbnail","6":"product_cat-non-classe-fr","7":"product_cat-printemps_fr","8":"product_cat-accessoires_printemps_fr","9":"product_cat-accessoires_fr","10":"product_cat-accessoires_bijoux_fr","12":"first","13":"instock","14":"taxable","15":"shipping-taxable","16":"purchasable","17":"product-type-simple"},"acf":[],"_links":{"self":[{"href":"https:\/\/www.giambattistavalli.com\/fr\/wp-json\/wp\/v2\/product\/136901","targetHints":{"allow":["GET"]}}],"collection":[{"href":"https:\/\/www.giambattistavalli.com\/fr\/wp-json\/wp\/v2\/product"}],"about":[{"href":"https:\/\/www.giambattistavalli.com\/fr\/wp-json\/wp\/v2\/types\/product"}],"version-history":[{"count":1,"href":"https:\/\/www.giambattistavalli.com\/fr\/wp-json\/wp\/v2\/product\/136901\/revisions"}],"predecessor-version":[{"id":136902,"href":"https:\/\/www.giambattistavalli.com\/fr\/wp-json\/wp\/v2\/product\/136901\/revisions\/136902"}],"wp:featuredmedia":[{"embeddable":true,"href":"https:\/\/www.giambattistavalli.com\/fr\/wp-json\/wp\/v2\/media\/137507"}],"wp:attachment":[{"href":"https:\/\/www.giambattistavalli.com\/fr\/wp-json\/wp\/v2\/media?parent=136901"}],"wp:term":[{"taxonomy":"product_brand","embeddable":true,"href":"https:\/\/www.giambattistavalli.com\/fr\/wp-json\/wp\/v2\/product_brand?post=136901"},{"taxonomy":"product_cat","embeddable":true,"href":"https:\/\/www.giambattistavalli.com\/fr\/wp-json\/wp\/v2\/product_cat?post=136901"},{"taxonomy":"product_tag","embeddable":true,"href":"https:\/\/www.giambattistavalli.com\/fr\/wp-json\/wp\/v2\/product_tag?post=136901"}],"curies":[{"name":"wp","href":"https:\/\/api.w.org\/{rel}","templated":true}]}}