{"id":136897,"date":"2025-11-24T12:15:45","date_gmt":"2025-11-24T11:15:45","guid":{"rendered":"https:\/\/www.giambattistavalli.com\/?post_type=product&#038;p=136897"},"modified":"2025-11-24T12:17:53","modified_gmt":"2025-11-24T11:17:53","slug":"panier-maxi-vert","status":"publish","type":"product","link":"https:\/\/www.giambattistavalli.com\/fr\/eshop\/accessoires_fr\/accessoires_sacs_fr\/panier-maxi-vert\/","title":{"rendered":"Panier maxi vert"},"content":{"rendered":"<p>Ce maxi panier en cuir tress\u00e9 couleur verte dispose d&rsquo;une pochette int\u00e9rieure en cuir amovible. Le sac se ferme \u00e0 l&rsquo;aide d&rsquo;un aimant. <\/p>\n<p>Tous nos accessoires sont accompagn\u00e9s d&rsquo;un tote en tissu sigl\u00e9 Giambattista Valli.<\/p>\n<p><strong>D\u00e9tails :<\/strong><br \/>\n&#8211; 100 % cuir d\u2019agneau<br \/>\n&#8211; 35 cm (13.7 pouces) x 30 cm (11.8 pouces) x 12 cm (4.7 pouces)<br \/>\n&#8211; Cette pi\u00e8ce est confectionn\u00e9e en Italie<\/p>\n","protected":false},"excerpt":{"rendered":"<p>Ce maxi panier en cuir tress\u00e9 couleur verte dispose d&rsquo;une pochette int\u00e9rieure en cuir amovible. Le sac se ferme \u00e0 l&rsquo;aide d&rsquo;un aimant. Tous nos accessoires sont accompagn\u00e9s d&rsquo;un tote en tissu sigl\u00e9 Giambattista Valli. D\u00e9tails : &#8211; 100 % cuir d\u2019agneau &#8211; 35 cm (13.7 pouces) x 30 cm (11.8 pouces) x 12 cm [&hellip;]<\/p>\n","protected":false},"featured_media":137479,"template":"","meta":{"_acf_changed":false,"footnotes":""},"product_brand":[],"product_cat":[873,278,320,279,263],"product_tag":[],"class_list":{"0":"post-136897","1":"product","2":"type-product","3":"status-publish","4":"has-post-thumbnail","6":"product_cat-non-classe-fr","7":"product_cat-printemps_fr","8":"product_cat-accessoires_printemps_fr","9":"product_cat-accessoires_fr","10":"product_cat-accessoires_sacs_fr","12":"first","13":"outofstock","14":"taxable","15":"shipping-taxable","16":"purchasable","17":"product-type-simple"},"acf":[],"_links":{"self":[{"href":"https:\/\/www.giambattistavalli.com\/fr\/wp-json\/wp\/v2\/product\/136897","targetHints":{"allow":["GET"]}}],"collection":[{"href":"https:\/\/www.giambattistavalli.com\/fr\/wp-json\/wp\/v2\/product"}],"about":[{"href":"https:\/\/www.giambattistavalli.com\/fr\/wp-json\/wp\/v2\/types\/product"}],"version-history":[{"count":1,"href":"https:\/\/www.giambattistavalli.com\/fr\/wp-json\/wp\/v2\/product\/136897\/revisions"}],"predecessor-version":[{"id":136898,"href":"https:\/\/www.giambattistavalli.com\/fr\/wp-json\/wp\/v2\/product\/136897\/revisions\/136898"}],"wp:featuredmedia":[{"embeddable":true,"href":"https:\/\/www.giambattistavalli.com\/fr\/wp-json\/wp\/v2\/media\/137479"}],"wp:attachment":[{"href":"https:\/\/www.giambattistavalli.com\/fr\/wp-json\/wp\/v2\/media?parent=136897"}],"wp:term":[{"taxonomy":"product_brand","embeddable":true,"href":"https:\/\/www.giambattistavalli.com\/fr\/wp-json\/wp\/v2\/product_brand?post=136897"},{"taxonomy":"product_cat","embeddable":true,"href":"https:\/\/www.giambattistavalli.com\/fr\/wp-json\/wp\/v2\/product_cat?post=136897"},{"taxonomy":"product_tag","embeddable":true,"href":"https:\/\/www.giambattistavalli.com\/fr\/wp-json\/wp\/v2\/product_tag?post=136897"}],"curies":[{"name":"wp","href":"https:\/\/api.w.org\/{rel}","templated":true}]}}