{"id":136893,"date":"2025-11-24T12:15:44","date_gmt":"2025-11-24T11:15:44","guid":{"rendered":"https:\/\/www.giambattistavalli.com\/?post_type=product&#038;p=136893"},"modified":"2025-11-24T12:17:54","modified_gmt":"2025-11-24T11:17:54","slug":"mini-airbag-citron-avec-miroirs","status":"publish","type":"product","link":"https:\/\/www.giambattistavalli.com\/fr\/eshop\/accessoires_fr\/accessoires_sacs_fr\/mini-airbag-citron-avec-miroirs\/","title":{"rendered":"Mini Airbag citron avec miroirs"},"content":{"rendered":"<p>Le Mini Airbag en cuir couleur citron est dot\u00e9 d\u2019une fermeture magn\u00e9tique, de trois compartiments int\u00e9rieurs &#8211; dont un porte-cartes int\u00e9gr\u00e9 &#8211; ainsi que d\u2019une poche ext\u00e9rieure. Sa cha\u00eene r\u00e9glable \u00e0 finition dor\u00e9e peut se porter en simple ou double, permettant un port\u00e9 main ou \u00e9paule.<\/p>\n<p>Cette saison, il est orn\u00e9 de motifs floraux r\u00e9alis\u00e9s en strass effet miroir et perles orange.<\/p>\n<p>Tous nos accessoires sont accompagn\u00e9s d&rsquo;un tote en tissu sigl\u00e9 Giambattista Valli.<\/p>\n<p><strong>D\u00e9tails :<\/strong><br \/>\n&#8211; 100% cuir d&rsquo;agneau<br \/>\n&#8211; 22cm (8.7 pouces) x 12cm (4.7 pouces) x 13cm (5.1 pouces)<br \/>\n&#8211; Cette pi\u00e8ce est confectionn\u00e9e en Italie<\/p>\n","protected":false},"excerpt":{"rendered":"<p>Le Mini Airbag en cuir couleur citron est dot\u00e9 d\u2019une fermeture magn\u00e9tique, de trois compartiments int\u00e9rieurs &#8211; dont un porte-cartes int\u00e9gr\u00e9 &#8211; ainsi que d\u2019une poche ext\u00e9rieure. Sa cha\u00eene r\u00e9glable \u00e0 finition dor\u00e9e peut se porter en simple ou double, permettant un port\u00e9 main ou \u00e9paule. Cette saison, il est orn\u00e9 de motifs floraux r\u00e9alis\u00e9s [&hellip;]<\/p>\n","protected":false},"featured_media":137455,"template":"","meta":{"_acf_changed":false,"footnotes":""},"product_brand":[],"product_cat":[873,278,320,279,263],"product_tag":[],"class_list":{"0":"post-136893","1":"product","2":"type-product","3":"status-publish","4":"has-post-thumbnail","6":"product_cat-non-classe-fr","7":"product_cat-printemps_fr","8":"product_cat-accessoires_printemps_fr","9":"product_cat-accessoires_fr","10":"product_cat-accessoires_sacs_fr","12":"first","13":"outofstock","14":"taxable","15":"shipping-taxable","16":"purchasable","17":"product-type-simple"},"acf":[],"_links":{"self":[{"href":"https:\/\/www.giambattistavalli.com\/fr\/wp-json\/wp\/v2\/product\/136893","targetHints":{"allow":["GET"]}}],"collection":[{"href":"https:\/\/www.giambattistavalli.com\/fr\/wp-json\/wp\/v2\/product"}],"about":[{"href":"https:\/\/www.giambattistavalli.com\/fr\/wp-json\/wp\/v2\/types\/product"}],"version-history":[{"count":1,"href":"https:\/\/www.giambattistavalli.com\/fr\/wp-json\/wp\/v2\/product\/136893\/revisions"}],"predecessor-version":[{"id":136894,"href":"https:\/\/www.giambattistavalli.com\/fr\/wp-json\/wp\/v2\/product\/136893\/revisions\/136894"}],"wp:featuredmedia":[{"embeddable":true,"href":"https:\/\/www.giambattistavalli.com\/fr\/wp-json\/wp\/v2\/media\/137455"}],"wp:attachment":[{"href":"https:\/\/www.giambattistavalli.com\/fr\/wp-json\/wp\/v2\/media?parent=136893"}],"wp:term":[{"taxonomy":"product_brand","embeddable":true,"href":"https:\/\/www.giambattistavalli.com\/fr\/wp-json\/wp\/v2\/product_brand?post=136893"},{"taxonomy":"product_cat","embeddable":true,"href":"https:\/\/www.giambattistavalli.com\/fr\/wp-json\/wp\/v2\/product_cat?post=136893"},{"taxonomy":"product_tag","embeddable":true,"href":"https:\/\/www.giambattistavalli.com\/fr\/wp-json\/wp\/v2\/product_tag?post=136893"}],"curies":[{"name":"wp","href":"https:\/\/api.w.org\/{rel}","templated":true}]}}