{"id":136889,"date":"2025-11-24T12:15:44","date_gmt":"2025-11-24T11:15:44","guid":{"rendered":"https:\/\/www.giambattistavalli.com\/?post_type=product&#038;p=136889"},"modified":"2025-11-24T12:17:53","modified_gmt":"2025-11-24T11:17:53","slug":"sac-clutch-poire-doree","status":"publish","type":"product","link":"https:\/\/www.giambattistavalli.com\/fr\/eshop\/accessoires_fr\/accessoires_sacs_fr\/sac-clutch-poire-doree\/","title":{"rendered":"Sac clutch poire dor\u00e9e"},"content":{"rendered":"<p>Ce mini sac en forme de poire, finition dor\u00e9e, est dot\u00e9 d&rsquo;une anse fixe en cuir blanc avec d\u00e9tails dor\u00e9s. Le sac se ferme \u00e0 l\u2019aide d\u2019un rabat aimant\u00e9. Il poss\u00e8de un seul compartiment int\u00e9rieur, enti\u00e8rement doubl\u00e9 de cuir blanc.<\/p>\n<p>Tous nos accessoires sont accompagn\u00e9s d&rsquo;un tote en tissu sigl\u00e9 Giambattista Valli.<\/p>\n<p><strong>D\u00e9tails :<\/strong><br \/>\n&#8211; 100% m\u00e9tal en laiton, anse en cuir : peau d&rsquo;agneau<br \/>\n&#8211; 17cm (6.7 pouces) x 10cm (3.9 pouces) x 9 cm (3.5 pouces)<br \/>\n&#8211; Cette pi\u00e8ce est confectionn\u00e9e en Italie<\/p>\n","protected":false},"excerpt":{"rendered":"<p>Ce mini sac en forme de poire, finition dor\u00e9e, est dot\u00e9 d&rsquo;une anse fixe en cuir blanc avec d\u00e9tails dor\u00e9s. Le sac se ferme \u00e0 l\u2019aide d\u2019un rabat aimant\u00e9. Il poss\u00e8de un seul compartiment int\u00e9rieur, enti\u00e8rement doubl\u00e9 de cuir blanc. Tous nos accessoires sont accompagn\u00e9s d&rsquo;un tote en tissu sigl\u00e9 Giambattista Valli. D\u00e9tails : &#8211; [&hellip;]<\/p>\n","protected":false},"featured_media":137268,"template":"","meta":{"_acf_changed":false,"footnotes":""},"product_brand":[],"product_cat":[873,278,320,279,263],"product_tag":[],"class_list":{"0":"post-136889","1":"product","2":"type-product","3":"status-publish","4":"has-post-thumbnail","6":"product_cat-non-classe-fr","7":"product_cat-printemps_fr","8":"product_cat-accessoires_printemps_fr","9":"product_cat-accessoires_fr","10":"product_cat-accessoires_sacs_fr","12":"first","13":"outofstock","14":"taxable","15":"shipping-taxable","16":"purchasable","17":"product-type-simple"},"acf":[],"_links":{"self":[{"href":"https:\/\/www.giambattistavalli.com\/fr\/wp-json\/wp\/v2\/product\/136889","targetHints":{"allow":["GET"]}}],"collection":[{"href":"https:\/\/www.giambattistavalli.com\/fr\/wp-json\/wp\/v2\/product"}],"about":[{"href":"https:\/\/www.giambattistavalli.com\/fr\/wp-json\/wp\/v2\/types\/product"}],"version-history":[{"count":1,"href":"https:\/\/www.giambattistavalli.com\/fr\/wp-json\/wp\/v2\/product\/136889\/revisions"}],"predecessor-version":[{"id":136890,"href":"https:\/\/www.giambattistavalli.com\/fr\/wp-json\/wp\/v2\/product\/136889\/revisions\/136890"}],"wp:featuredmedia":[{"embeddable":true,"href":"https:\/\/www.giambattistavalli.com\/fr\/wp-json\/wp\/v2\/media\/137268"}],"wp:attachment":[{"href":"https:\/\/www.giambattistavalli.com\/fr\/wp-json\/wp\/v2\/media?parent=136889"}],"wp:term":[{"taxonomy":"product_brand","embeddable":true,"href":"https:\/\/www.giambattistavalli.com\/fr\/wp-json\/wp\/v2\/product_brand?post=136889"},{"taxonomy":"product_cat","embeddable":true,"href":"https:\/\/www.giambattistavalli.com\/fr\/wp-json\/wp\/v2\/product_cat?post=136889"},{"taxonomy":"product_tag","embeddable":true,"href":"https:\/\/www.giambattistavalli.com\/fr\/wp-json\/wp\/v2\/product_tag?post=136889"}],"curies":[{"name":"wp","href":"https:\/\/api.w.org\/{rel}","templated":true}]}}