{"id":135937,"date":"2025-11-24T12:15:46","date_gmt":"2025-11-24T11:15:46","guid":{"rendered":"https:\/\/www.giambattistavalli.com\/?post_type=product&#038;p=135937"},"modified":"2025-11-24T12:17:52","modified_gmt":"2025-11-24T11:17:52","slug":"sandales-argentees-avec-noeuds-et-strass","status":"publish","type":"product","link":"https:\/\/www.giambattistavalli.com\/fr\/eshop\/accessoires_fr\/accessoires_souliers_fr\/sandales-argentees-avec-noeuds-et-strass\/","title":{"rendered":"Sandales argent\u00e9es avec n\u0153uds et strass"},"content":{"rendered":"<p>Ces sandales plates argent\u00e9es \u00e0 entre-doigt pr\u00e9sentent une fine bride qui part du bout du pied et s\u2019enroule autour de la cheville, orn\u00e9e de trois n\u0153uds r\u00e9guli\u00e8rement espac\u00e9s, chacun d\u00e9cor\u00e9 d\u2019un diamant central avec une finition dor\u00e9e.<\/p>\n<p>Tous nos accessoires sont accompagn\u00e9s d\u2019un tote en tissu sigl\u00e9 Giambattista Valli.<\/p>\n<p><strong>Taille :<\/strong><br \/>\n&#8211; Hauteur du talon : 8mm (0.3 pouces)<\/p>\n<p><strong>D\u00e9tails :<\/strong><br \/>\n&#8211; Ext\u00e9rieur : 100% cuir de veau<br \/>\n&#8211; Semelle : 100% cuir brut de vache<br \/>\n&#8211; D\u00e9corations en laiton, strass et perles en r\u00e9sine<br \/>\n&#8211; Cette pi\u00e8ce est confectionn\u00e9e en Italie<\/p>\n","protected":false},"excerpt":{"rendered":"<p>Ces sandales plates argent\u00e9es \u00e0 entre-doigt pr\u00e9sentent une fine bride qui part du bout du pied et s\u2019enroule autour de la cheville, orn\u00e9e de trois n\u0153uds r\u00e9guli\u00e8rement espac\u00e9s, chacun d\u00e9cor\u00e9 d\u2019un diamant central avec une finition dor\u00e9e. Tous nos accessoires sont accompagn\u00e9s d\u2019un tote en tissu sigl\u00e9 Giambattista Valli. Taille : &#8211; Hauteur du talon [&hellip;]<\/p>\n","protected":false},"featured_media":137373,"template":"","meta":{"_acf_changed":false,"footnotes":""},"product_brand":[],"product_cat":[873,278,320,279,262],"product_tag":[],"class_list":{"0":"post-135937","1":"product","2":"type-product","3":"status-publish","4":"has-post-thumbnail","6":"product_cat-non-classe-fr","7":"product_cat-printemps_fr","8":"product_cat-accessoires_printemps_fr","9":"product_cat-accessoires_fr","10":"product_cat-accessoires_souliers_fr","11":"pa_tailles-it36_fr36_shoes_fr","12":"pa_tailles-it37_fr37_shoes_fr","13":"pa_tailles-it38_fr38_shoes_fr","14":"pa_tailles-it39_fr39_shoes_fr","15":"pa_tailles-it40_fr40_shoes_fr","16":"pa_tailles-it41_fr41_shoes_fr","18":"first","19":"outofstock","20":"taxable","21":"shipping-taxable","22":"purchasable","23":"product-type-variable","24":"has-default-attributes","25":"wvs-archive-product-wrapper"},"acf":[],"_links":{"self":[{"href":"https:\/\/www.giambattistavalli.com\/fr\/wp-json\/wp\/v2\/product\/135937","targetHints":{"allow":["GET"]}}],"collection":[{"href":"https:\/\/www.giambattistavalli.com\/fr\/wp-json\/wp\/v2\/product"}],"about":[{"href":"https:\/\/www.giambattistavalli.com\/fr\/wp-json\/wp\/v2\/types\/product"}],"version-history":[{"count":1,"href":"https:\/\/www.giambattistavalli.com\/fr\/wp-json\/wp\/v2\/product\/135937\/revisions"}],"predecessor-version":[{"id":135938,"href":"https:\/\/www.giambattistavalli.com\/fr\/wp-json\/wp\/v2\/product\/135937\/revisions\/135938"}],"wp:featuredmedia":[{"embeddable":true,"href":"https:\/\/www.giambattistavalli.com\/fr\/wp-json\/wp\/v2\/media\/137373"}],"wp:attachment":[{"href":"https:\/\/www.giambattistavalli.com\/fr\/wp-json\/wp\/v2\/media?parent=135937"}],"wp:term":[{"taxonomy":"product_brand","embeddable":true,"href":"https:\/\/www.giambattistavalli.com\/fr\/wp-json\/wp\/v2\/product_brand?post=135937"},{"taxonomy":"product_cat","embeddable":true,"href":"https:\/\/www.giambattistavalli.com\/fr\/wp-json\/wp\/v2\/product_cat?post=135937"},{"taxonomy":"product_tag","embeddable":true,"href":"https:\/\/www.giambattistavalli.com\/fr\/wp-json\/wp\/v2\/product_tag?post=135937"}],"curies":[{"name":"wp","href":"https:\/\/api.w.org\/{rel}","templated":true}]}}