{"id":135895,"date":"2025-11-24T12:15:47","date_gmt":"2025-11-24T11:15:47","guid":{"rendered":"https:\/\/www.giambattistavalli.com\/?post_type=product&#038;p=135895"},"modified":"2025-11-24T12:17:51","modified_gmt":"2025-11-24T11:17:51","slug":"veste-ivoire-ruby-pansies","status":"publish","type":"product","link":"https:\/\/www.giambattistavalli.com\/fr\/eshop\/printemps_fr\/manteaux_vestes_printemps_fr\/veste-ivoire-ruby-pansies\/","title":{"rendered":"Veste ivoire Ruby Pansies"},"content":{"rendered":"<p>Cette veste ivoire est imprim\u00e9e Ruby Pansies. Elle pr\u00e9sente une fermeture frontale orn\u00e9e de six boutons dor\u00e9s sigl\u00e9s GBV, deux fausses poches \u00e0 la taille et un bouton int\u00e9rieur discret pour une fermeture \u00e9l\u00e9gante.<\/p>\n<p><strong>Taille et coupe :<\/strong><br \/>\n&#8211; Le mannequin mesure 175 cm et porte une taille 40 italienne <\/p>\n<p><strong>D\u00e9tails :<\/strong><br \/>\n&#8211; Six boutons dor\u00e9s GBV sur le devant<br \/>\n&#8211; Un bouton int\u00e9rieur pour fermer la veste<br \/>\n&#8211; Deux fausses poches \u00e0 la taille<br \/>\n&#8211; Pas de doublure<br \/>\n&#8211; 97% Coton 3% \u00c9lasthanne<br \/>\n&#8211; Nettoyage \u00e0 sec uniquement<br \/>\n&#8211; Cette pi\u00e8ce est confectionn\u00e9e en Italie<\/p>\n","protected":false},"excerpt":{"rendered":"<p>Cette veste ivoire est imprim\u00e9e Ruby Pansies. Elle pr\u00e9sente une fermeture frontale orn\u00e9e de six boutons dor\u00e9s sigl\u00e9s GBV, deux fausses poches \u00e0 la taille et un bouton int\u00e9rieur discret pour une fermeture \u00e9l\u00e9gante. Taille et coupe : &#8211; Le mannequin mesure 175 cm et porte une taille 40 italienne D\u00e9tails : &#8211; Six boutons [&hellip;]<\/p>\n","protected":false},"featured_media":138210,"template":"","meta":{"_acf_changed":false,"footnotes":""},"product_brand":[],"product_cat":[873,278,321,274,275],"product_tag":[],"class_list":{"0":"post-135895","1":"product","2":"type-product","3":"status-publish","4":"has-post-thumbnail","6":"product_cat-non-classe-fr","7":"product_cat-printemps_fr","8":"product_cat-manteaux_vestes_printemps_fr","9":"product_cat-pretaporter_fr","10":"product_cat-pretaporter_manteaux-vestes_fr","11":"pa_tailles-it38_it34_rtw_fr","12":"pa_tailles-it40_it36_rtw_fr","13":"pa_tailles-it42_it38_rtw_fr","14":"pa_tailles-it44_it40_rtw_fr","15":"pa_tailles-it44_it42_rtw_fr","16":"pa_tailles-it48-fr-2","18":"first","19":"outofstock","20":"taxable","21":"shipping-taxable","22":"purchasable","23":"product-type-variable","24":"has-default-attributes","25":"wvs-archive-product-wrapper"},"acf":[],"_links":{"self":[{"href":"https:\/\/www.giambattistavalli.com\/fr\/wp-json\/wp\/v2\/product\/135895","targetHints":{"allow":["GET"]}}],"collection":[{"href":"https:\/\/www.giambattistavalli.com\/fr\/wp-json\/wp\/v2\/product"}],"about":[{"href":"https:\/\/www.giambattistavalli.com\/fr\/wp-json\/wp\/v2\/types\/product"}],"version-history":[{"count":1,"href":"https:\/\/www.giambattistavalli.com\/fr\/wp-json\/wp\/v2\/product\/135895\/revisions"}],"predecessor-version":[{"id":135896,"href":"https:\/\/www.giambattistavalli.com\/fr\/wp-json\/wp\/v2\/product\/135895\/revisions\/135896"}],"wp:featuredmedia":[{"embeddable":true,"href":"https:\/\/www.giambattistavalli.com\/fr\/wp-json\/wp\/v2\/media\/138210"}],"wp:attachment":[{"href":"https:\/\/www.giambattistavalli.com\/fr\/wp-json\/wp\/v2\/media?parent=135895"}],"wp:term":[{"taxonomy":"product_brand","embeddable":true,"href":"https:\/\/www.giambattistavalli.com\/fr\/wp-json\/wp\/v2\/product_brand?post=135895"},{"taxonomy":"product_cat","embeddable":true,"href":"https:\/\/www.giambattistavalli.com\/fr\/wp-json\/wp\/v2\/product_cat?post=135895"},{"taxonomy":"product_tag","embeddable":true,"href":"https:\/\/www.giambattistavalli.com\/fr\/wp-json\/wp\/v2\/product_tag?post=135895"}],"curies":[{"name":"wp","href":"https:\/\/api.w.org\/{rel}","templated":true}]}}