{"id":135839,"date":"2025-11-24T12:15:48","date_gmt":"2025-11-24T11:15:48","guid":{"rendered":"https:\/\/www.giambattistavalli.com\/?post_type=product&#038;p=135839"},"modified":"2025-11-24T12:17:51","modified_gmt":"2025-11-24T11:17:51","slug":"veste-cintree-en-coton-camel","status":"publish","type":"product","link":"https:\/\/www.giambattistavalli.com\/fr\/eshop\/printemps_fr\/manteaux_vestes_printemps_fr\/veste-cintree-en-coton-camel\/","title":{"rendered":"Veste cintr\u00e9e en coton camel"},"content":{"rendered":"<p>Cette veste saharienne en coton couleur camel pr\u00e9sente une silhouette ajust\u00e9e.<\/p>\n<p><strong>Taille et coupe :<\/strong><br \/>\n&#8211; Le mannequin mesure 175 cm et porte une taille 40 italienne <\/p>\n<p><strong>D\u00e9tails :<\/strong><br \/>\n&#8211; 100% Coton<br \/>\n&#8211; Nettoyage \u00e0 sec uniquement<br \/>\n&#8211; Cette pi\u00e8ce est confectionn\u00e9e en Italie<\/p>\n","protected":false},"excerpt":{"rendered":"<p>Cette veste saharienne en coton couleur camel pr\u00e9sente une silhouette ajust\u00e9e. Taille et coupe : &#8211; Le mannequin mesure 175 cm et porte une taille 40 italienne D\u00e9tails : &#8211; 100% Coton &#8211; Nettoyage \u00e0 sec uniquement &#8211; Cette pi\u00e8ce est confectionn\u00e9e en Italie<\/p>\n","protected":false},"featured_media":137094,"template":"","meta":{"_acf_changed":false,"footnotes":""},"product_brand":[],"product_cat":[873,278,321,274,275],"product_tag":[],"class_list":{"0":"post-135839","1":"product","2":"type-product","3":"status-publish","4":"has-post-thumbnail","6":"product_cat-non-classe-fr","7":"product_cat-printemps_fr","8":"product_cat-manteaux_vestes_printemps_fr","9":"product_cat-pretaporter_fr","10":"product_cat-pretaporter_manteaux-vestes_fr","11":"pa_tailles-it38_it34_rtw_fr","12":"pa_tailles-it40_it36_rtw_fr","13":"pa_tailles-it42_it38_rtw_fr","14":"pa_tailles-it44_it40_rtw_fr","15":"pa_tailles-it44_it42_rtw_fr","16":"pa_tailles-it48-fr-2","18":"first","19":"outofstock","20":"taxable","21":"shipping-taxable","22":"purchasable","23":"product-type-variable","24":"has-default-attributes","25":"wvs-archive-product-wrapper"},"acf":[],"_links":{"self":[{"href":"https:\/\/www.giambattistavalli.com\/fr\/wp-json\/wp\/v2\/product\/135839","targetHints":{"allow":["GET"]}}],"collection":[{"href":"https:\/\/www.giambattistavalli.com\/fr\/wp-json\/wp\/v2\/product"}],"about":[{"href":"https:\/\/www.giambattistavalli.com\/fr\/wp-json\/wp\/v2\/types\/product"}],"version-history":[{"count":1,"href":"https:\/\/www.giambattistavalli.com\/fr\/wp-json\/wp\/v2\/product\/135839\/revisions"}],"predecessor-version":[{"id":135840,"href":"https:\/\/www.giambattistavalli.com\/fr\/wp-json\/wp\/v2\/product\/135839\/revisions\/135840"}],"wp:featuredmedia":[{"embeddable":true,"href":"https:\/\/www.giambattistavalli.com\/fr\/wp-json\/wp\/v2\/media\/137094"}],"wp:attachment":[{"href":"https:\/\/www.giambattistavalli.com\/fr\/wp-json\/wp\/v2\/media?parent=135839"}],"wp:term":[{"taxonomy":"product_brand","embeddable":true,"href":"https:\/\/www.giambattistavalli.com\/fr\/wp-json\/wp\/v2\/product_brand?post=135839"},{"taxonomy":"product_cat","embeddable":true,"href":"https:\/\/www.giambattistavalli.com\/fr\/wp-json\/wp\/v2\/product_cat?post=135839"},{"taxonomy":"product_tag","embeddable":true,"href":"https:\/\/www.giambattistavalli.com\/fr\/wp-json\/wp\/v2\/product_tag?post=135839"}],"curies":[{"name":"wp","href":"https:\/\/api.w.org\/{rel}","templated":true}]}}