{"id":135825,"date":"2025-11-24T12:15:49","date_gmt":"2025-11-24T11:15:49","guid":{"rendered":"https:\/\/www.giambattistavalli.com\/?post_type=product&#038;p=135825"},"modified":"2025-11-24T12:17:50","modified_gmt":"2025-11-24T11:17:50","slug":"manteau-long-bleu-ciel-en-jacquard-floral","status":"publish","type":"product","link":"https:\/\/www.giambattistavalli.com\/fr\/eshop\/printemps_fr\/manteaux_vestes_printemps_fr\/manteau-long-bleu-ciel-en-jacquard-floral\/","title":{"rendered":"Manteau long bleu ciel en jacquard floral"},"content":{"rendered":"<p>Ce manteau long bleu ciel en jacquard pr\u00e9sente une silhouette babydoll.<\/p>\n<p><strong>Taille et coupe :<\/strong><br \/>\n&#8211; Le mannequin mesure 175 cm et porte une taille 40 italienne <\/p>\n<p><strong>D\u00e9tails :<\/strong><br \/>\n&#8211; Poches lat\u00e9rales<br \/>\n&#8211; Cinq boutons dor\u00e9s GBV sur le devant<br \/>\n&#8211; Pas de doublure<br \/>\n&#8211; 100% Polyester<br \/>\n&#8211; Nettoyage \u00e0 sec uniquement<br \/>\n&#8211; Cette pi\u00e8ce est confectionn\u00e9e en Italie<\/p>\n","protected":false},"excerpt":{"rendered":"<p>Ce manteau long bleu ciel en jacquard pr\u00e9sente une silhouette babydoll. Taille et coupe : &#8211; Le mannequin mesure 175 cm et porte une taille 40 italienne D\u00e9tails : &#8211; Poches lat\u00e9rales &#8211; Cinq boutons dor\u00e9s GBV sur le devant &#8211; Pas de doublure &#8211; 100% Polyester &#8211; Nettoyage \u00e0 sec uniquement &#8211; Cette pi\u00e8ce [&hellip;]<\/p>\n","protected":false},"featured_media":137194,"template":"","meta":{"_acf_changed":false,"footnotes":""},"product_brand":[],"product_cat":[873,278,321,274,275],"product_tag":[],"class_list":{"0":"post-135825","1":"product","2":"type-product","3":"status-publish","4":"has-post-thumbnail","6":"product_cat-non-classe-fr","7":"product_cat-printemps_fr","8":"product_cat-manteaux_vestes_printemps_fr","9":"product_cat-pretaporter_fr","10":"product_cat-pretaporter_manteaux-vestes_fr","11":"pa_tailles-it38_it34_rtw_fr","12":"pa_tailles-it40_it36_rtw_fr","13":"pa_tailles-it42_it38_rtw_fr","14":"pa_tailles-it44_it40_rtw_fr","15":"pa_tailles-it44_it42_rtw_fr","16":"pa_tailles-it48-fr-2","18":"first","19":"outofstock","20":"taxable","21":"shipping-taxable","22":"purchasable","23":"product-type-variable","24":"has-default-attributes","25":"wvs-archive-product-wrapper"},"acf":[],"_links":{"self":[{"href":"https:\/\/www.giambattistavalli.com\/fr\/wp-json\/wp\/v2\/product\/135825","targetHints":{"allow":["GET"]}}],"collection":[{"href":"https:\/\/www.giambattistavalli.com\/fr\/wp-json\/wp\/v2\/product"}],"about":[{"href":"https:\/\/www.giambattistavalli.com\/fr\/wp-json\/wp\/v2\/types\/product"}],"version-history":[{"count":1,"href":"https:\/\/www.giambattistavalli.com\/fr\/wp-json\/wp\/v2\/product\/135825\/revisions"}],"predecessor-version":[{"id":135826,"href":"https:\/\/www.giambattistavalli.com\/fr\/wp-json\/wp\/v2\/product\/135825\/revisions\/135826"}],"wp:featuredmedia":[{"embeddable":true,"href":"https:\/\/www.giambattistavalli.com\/fr\/wp-json\/wp\/v2\/media\/137194"}],"wp:attachment":[{"href":"https:\/\/www.giambattistavalli.com\/fr\/wp-json\/wp\/v2\/media?parent=135825"}],"wp:term":[{"taxonomy":"product_brand","embeddable":true,"href":"https:\/\/www.giambattistavalli.com\/fr\/wp-json\/wp\/v2\/product_brand?post=135825"},{"taxonomy":"product_cat","embeddable":true,"href":"https:\/\/www.giambattistavalli.com\/fr\/wp-json\/wp\/v2\/product_cat?post=135825"},{"taxonomy":"product_tag","embeddable":true,"href":"https:\/\/www.giambattistavalli.com\/fr\/wp-json\/wp\/v2\/product_tag?post=135825"}],"curies":[{"name":"wp","href":"https:\/\/api.w.org\/{rel}","templated":true}]}}