{"id":135783,"date":"2025-11-24T12:15:50","date_gmt":"2025-11-24T11:15:50","guid":{"rendered":"https:\/\/www.giambattistavalli.com\/?post_type=product&#038;p=135783"},"modified":"2025-11-24T12:17:50","modified_gmt":"2025-11-24T11:17:50","slug":"robe-midi-rose-pale-brodee-de-marguerites","status":"publish","type":"product","link":"https:\/\/www.giambattistavalli.com\/fr\/eshop\/robes_fr\/midi_robes_fr\/robe-midi-rose-pale-brodee-de-marguerites\/","title":{"rendered":"Robe midi rose p\u00e2le brod\u00e9e de marguerites"},"content":{"rendered":"<p>Cette robe midi en tulle rose brod\u00e9e de marguerites pr\u00e9sente de courtes manches en forme de cape reli\u00e9es par un n\u0153ud central en dentelle rose. \u00c0 la taille, une ceinture non amovible en dentelle rose est orn\u00e9e d\u2019un n\u0153ud.<\/p>\n<p><strong>Taille et coupe :<\/strong><br \/>\n&#8211; Longueur 110 cm (43,3 pouces) depuis la taille<br \/>\n&#8211; Le mannequin mesure 175 cm et porte une taille 40 italienne <\/p>\n<p><strong>D\u00e9tails :<\/strong><br \/>\n&#8211; Zip invisible avec crochet dans le dos<br \/>\n&#8211; Ceinture avec noeud non amovible \u00e0 la taille<br \/>\n&#8211; 50% Viscose 30% Polyamide 20% Polyester<br \/>\n&#8211; Nettoyage \u00e0 sec uniquement<br \/>\n&#8211; Cette pi\u00e8ce est confectionn\u00e9e en Italie<\/p>\n","protected":false},"excerpt":{"rendered":"<p>Cette robe midi en tulle rose brod\u00e9e de marguerites pr\u00e9sente de courtes manches en forme de cape reli\u00e9es par un n\u0153ud central en dentelle rose. \u00c0 la taille, une ceinture non amovible en dentelle rose est orn\u00e9e d\u2019un n\u0153ud. Taille et coupe : &#8211; Longueur 110 cm (43,3 pouces) depuis la taille &#8211; Le mannequin [&hellip;]<\/p>\n","protected":false},"featured_media":138169,"template":"","meta":{"_acf_changed":false,"footnotes":""},"product_brand":[],"product_cat":[842,845,873,278,322,274,315],"product_tag":[],"class_list":{"0":"post-135783","1":"product","2":"type-product","3":"status-publish","4":"has-post-thumbnail","6":"product_cat-robes_fr","7":"product_cat-midi_robes_fr","8":"product_cat-non-classe-fr","9":"product_cat-printemps_fr","10":"product_cat-robes_printemps_fr","11":"product_cat-pretaporter_fr","12":"product_cat-pretaporter_robes_fr","13":"pa_tailles-it38_it34_rtw_fr","14":"pa_tailles-it40_it36_rtw_fr","15":"pa_tailles-it42_it38_rtw_fr","16":"pa_tailles-it44_it40_rtw_fr","17":"pa_tailles-it44_it42_rtw_fr","18":"pa_tailles-it48-fr-2","20":"first","21":"outofstock","22":"taxable","23":"shipping-taxable","24":"purchasable","25":"product-type-variable","26":"has-default-attributes","27":"wvs-archive-product-wrapper"},"acf":[],"_links":{"self":[{"href":"https:\/\/www.giambattistavalli.com\/fr\/wp-json\/wp\/v2\/product\/135783","targetHints":{"allow":["GET"]}}],"collection":[{"href":"https:\/\/www.giambattistavalli.com\/fr\/wp-json\/wp\/v2\/product"}],"about":[{"href":"https:\/\/www.giambattistavalli.com\/fr\/wp-json\/wp\/v2\/types\/product"}],"version-history":[{"count":1,"href":"https:\/\/www.giambattistavalli.com\/fr\/wp-json\/wp\/v2\/product\/135783\/revisions"}],"predecessor-version":[{"id":135784,"href":"https:\/\/www.giambattistavalli.com\/fr\/wp-json\/wp\/v2\/product\/135783\/revisions\/135784"}],"wp:featuredmedia":[{"embeddable":true,"href":"https:\/\/www.giambattistavalli.com\/fr\/wp-json\/wp\/v2\/media\/138169"}],"wp:attachment":[{"href":"https:\/\/www.giambattistavalli.com\/fr\/wp-json\/wp\/v2\/media?parent=135783"}],"wp:term":[{"taxonomy":"product_brand","embeddable":true,"href":"https:\/\/www.giambattistavalli.com\/fr\/wp-json\/wp\/v2\/product_brand?post=135783"},{"taxonomy":"product_cat","embeddable":true,"href":"https:\/\/www.giambattistavalli.com\/fr\/wp-json\/wp\/v2\/product_cat?post=135783"},{"taxonomy":"product_tag","embeddable":true,"href":"https:\/\/www.giambattistavalli.com\/fr\/wp-json\/wp\/v2\/product_tag?post=135783"}],"curies":[{"name":"wp","href":"https:\/\/api.w.org\/{rel}","templated":true}]}}