{"id":135741,"date":"2025-11-24T12:15:50","date_gmt":"2025-11-24T11:15:50","guid":{"rendered":"https:\/\/www.giambattistavalli.com\/?post_type=product&#038;p=135741"},"modified":"2025-11-24T12:17:50","modified_gmt":"2025-11-24T11:17:50","slug":"robe-midi-marron-brodee-saint-gall","status":"publish","type":"product","link":"https:\/\/www.giambattistavalli.com\/fr\/eshop\/robes_fr\/midi_robes_fr\/robe-midi-marron-brodee-saint-gall\/","title":{"rendered":"Robe midi marron brod\u00e9e Saint-Gall"},"content":{"rendered":"<p>Cette robe midi marron avec broderie de Saint-Gall pr\u00e9sente un col \u00e0 n\u0153ud papillon amovible fix\u00e9 par un bouton, ainsi que des manches ballon avec un bouton au bas de chaque manche.<\/p>\n<p><strong>Taille et coupe :<\/strong><br \/>\n&#8211; Longueur 100 cm (39,3 pouces) depuis la taille<br \/>\n&#8211; Le mannequin mesure 175 cm et porte une taille 40 italienne <\/p>\n<p><strong>D\u00e9tails :<\/strong><br \/>\n&#8211; Col \u00e0 n\u0153ud papillon amovible fix\u00e9 par un bouton<br \/>\n&#8211; Manches ballon<br \/>\n&#8211; Patte de boutonnage avec six boutons, dont un visible et cinq invisibles<br \/>\n&#8211; Un bouton au bas de chaque manche<br \/>\n&#8211; Poches lat\u00e9rales<br \/>\n&#8211; Pas de doublure<br \/>\n&#8211; 72% Coton 28% Polyester<br \/>\n&#8211; Nettoyage \u00e0 sec uniquement<br \/>\n&#8211; Cette pi\u00e8ce est confectionn\u00e9e en Italie<\/p>\n","protected":false},"excerpt":{"rendered":"<p>Cette robe midi marron avec broderie de Saint-Gall pr\u00e9sente un col \u00e0 n\u0153ud papillon amovible fix\u00e9 par un bouton, ainsi que des manches ballon avec un bouton au bas de chaque manche. Taille et coupe : &#8211; Longueur 100 cm (39,3 pouces) depuis la taille &#8211; Le mannequin mesure 175 cm et porte une taille [&hellip;]<\/p>\n","protected":false},"featured_media":138094,"template":"","meta":{"_acf_changed":false,"footnotes":""},"product_brand":[],"product_cat":[842,845,873,278,322,274,315],"product_tag":[],"class_list":{"0":"post-135741","1":"product","2":"type-product","3":"status-publish","4":"has-post-thumbnail","6":"product_cat-robes_fr","7":"product_cat-midi_robes_fr","8":"product_cat-non-classe-fr","9":"product_cat-printemps_fr","10":"product_cat-robes_printemps_fr","11":"product_cat-pretaporter_fr","12":"product_cat-pretaporter_robes_fr","13":"pa_tailles-it38_it34_rtw_fr","14":"pa_tailles-it40_it36_rtw_fr","15":"pa_tailles-it42_it38_rtw_fr","16":"pa_tailles-it44_it40_rtw_fr","17":"pa_tailles-it44_it42_rtw_fr","18":"pa_tailles-it48-fr-2","20":"first","21":"outofstock","22":"taxable","23":"shipping-taxable","24":"purchasable","25":"product-type-variable","26":"has-default-attributes","27":"wvs-archive-product-wrapper"},"acf":[],"_links":{"self":[{"href":"https:\/\/www.giambattistavalli.com\/fr\/wp-json\/wp\/v2\/product\/135741","targetHints":{"allow":["GET"]}}],"collection":[{"href":"https:\/\/www.giambattistavalli.com\/fr\/wp-json\/wp\/v2\/product"}],"about":[{"href":"https:\/\/www.giambattistavalli.com\/fr\/wp-json\/wp\/v2\/types\/product"}],"version-history":[{"count":1,"href":"https:\/\/www.giambattistavalli.com\/fr\/wp-json\/wp\/v2\/product\/135741\/revisions"}],"predecessor-version":[{"id":135742,"href":"https:\/\/www.giambattistavalli.com\/fr\/wp-json\/wp\/v2\/product\/135741\/revisions\/135742"}],"wp:featuredmedia":[{"embeddable":true,"href":"https:\/\/www.giambattistavalli.com\/fr\/wp-json\/wp\/v2\/media\/138094"}],"wp:attachment":[{"href":"https:\/\/www.giambattistavalli.com\/fr\/wp-json\/wp\/v2\/media?parent=135741"}],"wp:term":[{"taxonomy":"product_brand","embeddable":true,"href":"https:\/\/www.giambattistavalli.com\/fr\/wp-json\/wp\/v2\/product_brand?post=135741"},{"taxonomy":"product_cat","embeddable":true,"href":"https:\/\/www.giambattistavalli.com\/fr\/wp-json\/wp\/v2\/product_cat?post=135741"},{"taxonomy":"product_tag","embeddable":true,"href":"https:\/\/www.giambattistavalli.com\/fr\/wp-json\/wp\/v2\/product_tag?post=135741"}],"curies":[{"name":"wp","href":"https:\/\/api.w.org\/{rel}","templated":true}]}}