{"id":135727,"date":"2025-11-24T12:15:50","date_gmt":"2025-11-24T11:15:50","guid":{"rendered":"https:\/\/www.giambattistavalli.com\/?post_type=product&#038;p=135727"},"modified":"2025-11-24T12:17:49","modified_gmt":"2025-11-24T11:17:49","slug":"robe-courte-marron-brodee-saint-gall","status":"publish","type":"product","link":"https:\/\/www.giambattistavalli.com\/fr\/eshop\/robes_fr\/mini_robes_fr\/robe-courte-marron-brodee-saint-gall\/","title":{"rendered":"Robe courte marron brod\u00e9e Saint-Gall"},"content":{"rendered":"<p>Cette robe courte marron en broderie anglaise pr\u00e9sente des n\u0153uds amovibles sur les bretelles non r\u00e9glables ainsi qu\u2019au niveau du d\u00e9collet\u00e9 plongeant. Elle est dot\u00e9e de poches lat\u00e9rales et d\u2019un zip invisible sur le c\u00f4t\u00e9 gauche.<\/p>\n<p><strong>Taille et coupe :<\/strong><br \/>\n&#8211; Longueur 48 cm (18,5 pouces) depuis la taille<br \/>\n&#8211; Le mannequin mesure 175 cm et porte une taille 40 italienne <\/p>\n<p><strong>D\u00e9tails :<\/strong><br \/>\n&#8211; N\u0153uds amovibles sur les bretelles et au niveau du d\u00e9collet\u00e9<br \/>\n&#8211; Bretelles non r\u00e9glables<br \/>\n&#8211; Poches lat\u00e9rales<br \/>\n&#8211; Zip invisible \u00e0 gauche<br \/>\n&#8211; Pas de doublure<br \/>\n&#8211; 72% Coton 28% Polyester<br \/>\n&#8211; Nettoyage \u00e0 sec uniquement<br \/>\n&#8211; Cette pi\u00e8ce est confectionn\u00e9e en Italie<\/p>\n","protected":false},"excerpt":{"rendered":"<p>Cette robe courte marron en broderie anglaise pr\u00e9sente des n\u0153uds amovibles sur les bretelles non r\u00e9glables ainsi qu\u2019au niveau du d\u00e9collet\u00e9 plongeant. Elle est dot\u00e9e de poches lat\u00e9rales et d\u2019un zip invisible sur le c\u00f4t\u00e9 gauche. Taille et coupe : &#8211; Longueur 48 cm (18,5 pouces) depuis la taille &#8211; Le mannequin mesure 175 cm [&hellip;]<\/p>\n","protected":false},"featured_media":138266,"template":"","meta":{"_acf_changed":false,"footnotes":""},"product_brand":[],"product_cat":[842,846,873,278,322,274,315],"product_tag":[],"class_list":{"0":"post-135727","1":"product","2":"type-product","3":"status-publish","4":"has-post-thumbnail","6":"product_cat-robes_fr","7":"product_cat-mini_robes_fr","8":"product_cat-non-classe-fr","9":"product_cat-printemps_fr","10":"product_cat-robes_printemps_fr","11":"product_cat-pretaporter_fr","12":"product_cat-pretaporter_robes_fr","13":"pa_tailles-it38_it34_rtw_fr","14":"pa_tailles-it40_it36_rtw_fr","15":"pa_tailles-it42_it38_rtw_fr","16":"pa_tailles-it44_it40_rtw_fr","17":"pa_tailles-it44_it42_rtw_fr","18":"pa_tailles-it48-fr-2","20":"first","21":"outofstock","22":"taxable","23":"shipping-taxable","24":"purchasable","25":"product-type-variable","26":"has-default-attributes","27":"wvs-archive-product-wrapper"},"acf":[],"_links":{"self":[{"href":"https:\/\/www.giambattistavalli.com\/fr\/wp-json\/wp\/v2\/product\/135727","targetHints":{"allow":["GET"]}}],"collection":[{"href":"https:\/\/www.giambattistavalli.com\/fr\/wp-json\/wp\/v2\/product"}],"about":[{"href":"https:\/\/www.giambattistavalli.com\/fr\/wp-json\/wp\/v2\/types\/product"}],"version-history":[{"count":1,"href":"https:\/\/www.giambattistavalli.com\/fr\/wp-json\/wp\/v2\/product\/135727\/revisions"}],"predecessor-version":[{"id":135728,"href":"https:\/\/www.giambattistavalli.com\/fr\/wp-json\/wp\/v2\/product\/135727\/revisions\/135728"}],"wp:featuredmedia":[{"embeddable":true,"href":"https:\/\/www.giambattistavalli.com\/fr\/wp-json\/wp\/v2\/media\/138266"}],"wp:attachment":[{"href":"https:\/\/www.giambattistavalli.com\/fr\/wp-json\/wp\/v2\/media?parent=135727"}],"wp:term":[{"taxonomy":"product_brand","embeddable":true,"href":"https:\/\/www.giambattistavalli.com\/fr\/wp-json\/wp\/v2\/product_brand?post=135727"},{"taxonomy":"product_cat","embeddable":true,"href":"https:\/\/www.giambattistavalli.com\/fr\/wp-json\/wp\/v2\/product_cat?post=135727"},{"taxonomy":"product_tag","embeddable":true,"href":"https:\/\/www.giambattistavalli.com\/fr\/wp-json\/wp\/v2\/product_tag?post=135727"}],"curies":[{"name":"wp","href":"https:\/\/api.w.org\/{rel}","templated":true}]}}