{"id":135671,"date":"2025-11-24T12:15:52","date_gmt":"2025-11-24T11:15:52","guid":{"rendered":"https:\/\/www.giambattistavalli.com\/?post_type=product&#038;p=135671"},"modified":"2025-11-24T12:17:48","modified_gmt":"2025-11-24T11:17:48","slug":"robe-midi-col-v-en-popeline-ruby-pansies","status":"publish","type":"product","link":"https:\/\/www.giambattistavalli.com\/fr\/eshop\/robes_fr\/midi_robes_fr\/robe-midi-col-v-en-popeline-ruby-pansies\/","title":{"rendered":"Robe midi col V en popeline Ruby Pansies"},"content":{"rendered":"<p>Cette robe midi en popeline ivoire pr\u00e9sente un imprim\u00e9 Ruby Pansies. Elle est dot\u00e9e de trois n\u0153uds amovibles sur les bretelles non r\u00e9glables et au niveau du d\u00e9collet\u00e9 plongeant, ainsi que deux poches lat\u00e9rales.<\/p>\n<p><strong>Taille et coupe :<\/strong><br \/>\n&#8211; Longueur 95 cm (37,4 pouces) depuis la taille<br \/>\n&#8211; Le mannequin mesure 175 cm et porte une taille 40 italienne <\/p>\n<p><strong>D\u00e9tails :<\/strong><br \/>\n&#8211; Fermeture \u00e9clair invisible \u00e0 gauche avec crochet<br \/>\n&#8211; D\u00e9collet\u00e9 plongeant<br \/>\n&#8211; Trois n\u0153uds amovibles sur les bretelles et au d\u00e9collet\u00e9<br \/>\n&#8211; Bretelles non r\u00e9glables<br \/>\n&#8211; Deux poches lat\u00e9rales<br \/>\n&#8211; 100% Coton<br \/>\n&#8211; Nettoyage \u00e0 sec uniquement<br \/>\n&#8211; Cette pi\u00e8ce est confectionn\u00e9e en Italie<\/p>\n","protected":false},"excerpt":{"rendered":"<p>Cette robe midi en popeline ivoire pr\u00e9sente un imprim\u00e9 Ruby Pansies. Elle est dot\u00e9e de trois n\u0153uds amovibles sur les bretelles non r\u00e9glables et au niveau du d\u00e9collet\u00e9 plongeant, ainsi que deux poches lat\u00e9rales. Taille et coupe : &#8211; Longueur 95 cm (37,4 pouces) depuis la taille &#8211; Le mannequin mesure 175 cm et porte [&hellip;]<\/p>\n","protected":false},"featured_media":137983,"template":"","meta":{"_acf_changed":false,"footnotes":""},"product_brand":[],"product_cat":[842,845,873,278,322,274,315],"product_tag":[],"class_list":{"0":"post-135671","1":"product","2":"type-product","3":"status-publish","4":"has-post-thumbnail","6":"product_cat-robes_fr","7":"product_cat-midi_robes_fr","8":"product_cat-non-classe-fr","9":"product_cat-printemps_fr","10":"product_cat-robes_printemps_fr","11":"product_cat-pretaporter_fr","12":"product_cat-pretaporter_robes_fr","13":"pa_tailles-it38_it34_rtw_fr","14":"pa_tailles-it40_it36_rtw_fr","15":"pa_tailles-it42_it38_rtw_fr","16":"pa_tailles-it44_it40_rtw_fr","17":"pa_tailles-it44_it42_rtw_fr","18":"pa_tailles-it48-fr-2","20":"first","21":"outofstock","22":"taxable","23":"shipping-taxable","24":"purchasable","25":"product-type-variable","26":"has-default-attributes","27":"wvs-archive-product-wrapper"},"acf":[],"_links":{"self":[{"href":"https:\/\/www.giambattistavalli.com\/fr\/wp-json\/wp\/v2\/product\/135671","targetHints":{"allow":["GET"]}}],"collection":[{"href":"https:\/\/www.giambattistavalli.com\/fr\/wp-json\/wp\/v2\/product"}],"about":[{"href":"https:\/\/www.giambattistavalli.com\/fr\/wp-json\/wp\/v2\/types\/product"}],"version-history":[{"count":1,"href":"https:\/\/www.giambattistavalli.com\/fr\/wp-json\/wp\/v2\/product\/135671\/revisions"}],"predecessor-version":[{"id":135672,"href":"https:\/\/www.giambattistavalli.com\/fr\/wp-json\/wp\/v2\/product\/135671\/revisions\/135672"}],"wp:featuredmedia":[{"embeddable":true,"href":"https:\/\/www.giambattistavalli.com\/fr\/wp-json\/wp\/v2\/media\/137983"}],"wp:attachment":[{"href":"https:\/\/www.giambattistavalli.com\/fr\/wp-json\/wp\/v2\/media?parent=135671"}],"wp:term":[{"taxonomy":"product_brand","embeddable":true,"href":"https:\/\/www.giambattistavalli.com\/fr\/wp-json\/wp\/v2\/product_brand?post=135671"},{"taxonomy":"product_cat","embeddable":true,"href":"https:\/\/www.giambattistavalli.com\/fr\/wp-json\/wp\/v2\/product_cat?post=135671"},{"taxonomy":"product_tag","embeddable":true,"href":"https:\/\/www.giambattistavalli.com\/fr\/wp-json\/wp\/v2\/product_tag?post=135671"}],"curies":[{"name":"wp","href":"https:\/\/api.w.org\/{rel}","templated":true}]}}