{"id":135545,"date":"2025-11-24T12:15:54","date_gmt":"2025-11-24T11:15:54","guid":{"rendered":"https:\/\/www.giambattistavalli.com\/?post_type=product&#038;p=135545"},"modified":"2025-11-24T12:17:47","modified_gmt":"2025-11-24T11:17:47","slug":"robe-longue-noire-coupe-trompette","status":"publish","type":"product","link":"https:\/\/www.giambattistavalli.com\/fr\/eshop\/robes_fr\/longues_robes_fr\/robe-longue-noire-coupe-trompette\/","title":{"rendered":"Robe longue noire coupe trompette"},"content":{"rendered":"<p>Cette robe longue noire pr\u00e9sente une coupe trompette et un profond d\u00e9collet\u00e9 orn\u00e9 d\u2019une fleur centrale r\u00e9alis\u00e9e dans le m\u00eame tissu. Un double jupon en tulle ins\u00e9r\u00e9 \u00e0 l\u2019ourlet apporte du volume et du mouvement \u00e0 la silhouette.<\/p>\n<p><strong>Taille et coupe :<\/strong><br \/>\n&#8211; Longueur 100 cm (39,4 pouces) depuis la taille<br \/>\n&#8211; Le mannequin mesure 175 cm et porte une taille 40 italienne <\/p>\n<p><strong>D\u00e9tails :<\/strong><br \/>\n&#8211; Zip invisible au dos avec crochet<br \/>\n&#8211; Doublure en tulle \u00e0 l\u2019ourlet pour un effet volumineux<br \/>\n&#8211; 100% Viscose<br \/>\n&#8211; Nettoyage \u00e0 sec uniquement<br \/>\n&#8211; Cette pi\u00e8ce est confectionn\u00e9e en Italie<\/p>\n","protected":false},"excerpt":{"rendered":"<p>Cette robe longue noire pr\u00e9sente une coupe trompette et un profond d\u00e9collet\u00e9 orn\u00e9 d\u2019une fleur centrale r\u00e9alis\u00e9e dans le m\u00eame tissu. Un double jupon en tulle ins\u00e9r\u00e9 \u00e0 l\u2019ourlet apporte du volume et du mouvement \u00e0 la silhouette. Taille et coupe : &#8211; Longueur 100 cm (39,4 pouces) depuis la taille &#8211; Le mannequin mesure [&hellip;]<\/p>\n","protected":false},"featured_media":137721,"template":"","meta":{"_acf_changed":false,"footnotes":""},"product_brand":[],"product_cat":[842,844,873,278,322,274,315],"product_tag":[],"class_list":{"0":"post-135545","1":"product","2":"type-product","3":"status-publish","4":"has-post-thumbnail","6":"product_cat-robes_fr","7":"product_cat-longues_robes_fr","8":"product_cat-non-classe-fr","9":"product_cat-printemps_fr","10":"product_cat-robes_printemps_fr","11":"product_cat-pretaporter_fr","12":"product_cat-pretaporter_robes_fr","13":"pa_tailles-it38_it34_rtw_fr","14":"pa_tailles-it40_it36_rtw_fr","15":"pa_tailles-it42_it38_rtw_fr","16":"pa_tailles-it44_it40_rtw_fr","17":"pa_tailles-it44_it42_rtw_fr","18":"pa_tailles-it48-fr-2","20":"first","21":"outofstock","22":"taxable","23":"shipping-taxable","24":"purchasable","25":"product-type-variable","26":"has-default-attributes","27":"wvs-archive-product-wrapper"},"acf":[],"_links":{"self":[{"href":"https:\/\/www.giambattistavalli.com\/fr\/wp-json\/wp\/v2\/product\/135545","targetHints":{"allow":["GET"]}}],"collection":[{"href":"https:\/\/www.giambattistavalli.com\/fr\/wp-json\/wp\/v2\/product"}],"about":[{"href":"https:\/\/www.giambattistavalli.com\/fr\/wp-json\/wp\/v2\/types\/product"}],"version-history":[{"count":1,"href":"https:\/\/www.giambattistavalli.com\/fr\/wp-json\/wp\/v2\/product\/135545\/revisions"}],"predecessor-version":[{"id":135546,"href":"https:\/\/www.giambattistavalli.com\/fr\/wp-json\/wp\/v2\/product\/135545\/revisions\/135546"}],"wp:featuredmedia":[{"embeddable":true,"href":"https:\/\/www.giambattistavalli.com\/fr\/wp-json\/wp\/v2\/media\/137721"}],"wp:attachment":[{"href":"https:\/\/www.giambattistavalli.com\/fr\/wp-json\/wp\/v2\/media?parent=135545"}],"wp:term":[{"taxonomy":"product_brand","embeddable":true,"href":"https:\/\/www.giambattistavalli.com\/fr\/wp-json\/wp\/v2\/product_brand?post=135545"},{"taxonomy":"product_cat","embeddable":true,"href":"https:\/\/www.giambattistavalli.com\/fr\/wp-json\/wp\/v2\/product_cat?post=135545"},{"taxonomy":"product_tag","embeddable":true,"href":"https:\/\/www.giambattistavalli.com\/fr\/wp-json\/wp\/v2\/product_tag?post=135545"}],"curies":[{"name":"wp","href":"https:\/\/api.w.org\/{rel}","templated":true}]}}