{"id":135517,"date":"2025-11-24T12:15:54","date_gmt":"2025-11-24T11:15:54","guid":{"rendered":"https:\/\/www.giambattistavalli.com\/?post_type=product&#038;p=135517"},"modified":"2025-11-24T12:17:47","modified_gmt":"2025-11-24T11:17:47","slug":"robe-longue-en-tulle-brode-ruby-pansies","status":"publish","type":"product","link":"https:\/\/www.giambattistavalli.com\/fr\/eshop\/robes_fr\/longues_robes_fr\/robe-longue-en-tulle-brode-ruby-pansies\/","title":{"rendered":"Robe longue en tulle brod\u00e9 Ruby Pansies"},"content":{"rendered":"<p>Cette robe longue en tulle rose est brod\u00e9e Ruby Pansies. Elle pr\u00e9sente un corset structur\u00e9, des bretelles fixes et r\u00e9glables orn\u00e9es de n\u0153uds, une ceinture fine non amovible en ruban avec un n\u0153ud central, et une jupe fluide.<\/p>\n<p><strong>Taille et coupe :<\/strong><br \/>\n&#8211; Longueur 120 cm (47,2 pouces) depuis la taille<br \/>\n&#8211; Le mannequin mesure 175 cm et porte une taille 40 italienne <\/p>\n<p><strong>D\u00e9tails :<\/strong><br \/>\n&#8211; Corset structur\u00e9<br \/>\n&#8211; Bretelles fixes r\u00e9glables avec n\u0153uds<br \/>\n&#8211; Ceinture non amovible avec n\u0153ud central<br \/>\n&#8211; Zip invisible au dos<br \/>\n&#8211; 77% Polyester 23% Polyamide<br \/>\n&#8211; Nettoyage \u00e0 sec uniquement<br \/>\n&#8211; Cette pi\u00e8ce est confectionn\u00e9e en Italie<\/p>\n","protected":false},"excerpt":{"rendered":"<p>Cette robe longue en tulle rose est brod\u00e9e Ruby Pansies. Elle pr\u00e9sente un corset structur\u00e9, des bretelles fixes et r\u00e9glables orn\u00e9es de n\u0153uds, une ceinture fine non amovible en ruban avec un n\u0153ud central, et une jupe fluide. Taille et coupe : &#8211; Longueur 120 cm (47,2 pouces) depuis la taille &#8211; Le mannequin mesure [&hellip;]<\/p>\n","protected":false},"featured_media":137777,"template":"","meta":{"_acf_changed":false,"footnotes":""},"product_brand":[],"product_cat":[842,844,873,278,322,274,315],"product_tag":[],"class_list":{"0":"post-135517","1":"product","2":"type-product","3":"status-publish","4":"has-post-thumbnail","6":"product_cat-robes_fr","7":"product_cat-longues_robes_fr","8":"product_cat-non-classe-fr","9":"product_cat-printemps_fr","10":"product_cat-robes_printemps_fr","11":"product_cat-pretaporter_fr","12":"product_cat-pretaporter_robes_fr","13":"pa_tailles-it38_it34_rtw_fr","14":"pa_tailles-it40_it36_rtw_fr","15":"pa_tailles-it42_it38_rtw_fr","16":"pa_tailles-it44_it40_rtw_fr","17":"pa_tailles-it44_it42_rtw_fr","18":"pa_tailles-it48-fr-2","20":"first","21":"outofstock","22":"taxable","23":"shipping-taxable","24":"purchasable","25":"product-type-variable","26":"has-default-attributes","27":"wvs-archive-product-wrapper"},"acf":[],"_links":{"self":[{"href":"https:\/\/www.giambattistavalli.com\/fr\/wp-json\/wp\/v2\/product\/135517","targetHints":{"allow":["GET"]}}],"collection":[{"href":"https:\/\/www.giambattistavalli.com\/fr\/wp-json\/wp\/v2\/product"}],"about":[{"href":"https:\/\/www.giambattistavalli.com\/fr\/wp-json\/wp\/v2\/types\/product"}],"version-history":[{"count":1,"href":"https:\/\/www.giambattistavalli.com\/fr\/wp-json\/wp\/v2\/product\/135517\/revisions"}],"predecessor-version":[{"id":135518,"href":"https:\/\/www.giambattistavalli.com\/fr\/wp-json\/wp\/v2\/product\/135517\/revisions\/135518"}],"wp:featuredmedia":[{"embeddable":true,"href":"https:\/\/www.giambattistavalli.com\/fr\/wp-json\/wp\/v2\/media\/137777"}],"wp:attachment":[{"href":"https:\/\/www.giambattistavalli.com\/fr\/wp-json\/wp\/v2\/media?parent=135517"}],"wp:term":[{"taxonomy":"product_brand","embeddable":true,"href":"https:\/\/www.giambattistavalli.com\/fr\/wp-json\/wp\/v2\/product_brand?post=135517"},{"taxonomy":"product_cat","embeddable":true,"href":"https:\/\/www.giambattistavalli.com\/fr\/wp-json\/wp\/v2\/product_cat?post=135517"},{"taxonomy":"product_tag","embeddable":true,"href":"https:\/\/www.giambattistavalli.com\/fr\/wp-json\/wp\/v2\/product_tag?post=135517"}],"curies":[{"name":"wp","href":"https:\/\/api.w.org\/{rel}","templated":true}]}}