{"id":135489,"date":"2025-11-24T12:15:55","date_gmt":"2025-11-24T11:15:55","guid":{"rendered":"https:\/\/www.giambattistavalli.com\/?post_type=product&#038;p=135489"},"modified":"2025-11-24T12:17:46","modified_gmt":"2025-11-24T11:17:46","slug":"robe-longue-en-soie-paisley","status":"publish","type":"product","link":"https:\/\/www.giambattistavalli.com\/fr\/eshop\/robes_fr\/longues_robes_fr\/robe-longue-en-soie-paisley\/","title":{"rendered":"Robe longue en soie Paisley"},"content":{"rendered":"<p>Cette robe longue en soie pr\u00e9sente un imprim\u00e9 Paisley. Elle est dot\u00e9e d\u2019un col rond, de manches longues \u00e0 bouffantes avec un bouton aux poignets, de poches lat\u00e9rales et d\u2019une patte de boutonnage avec cinq boutons, dont un visible.<\/p>\n<p><strong>Taille et coupe :<\/strong><br \/>\n&#8211; Longueur 120 cm (47,2 pouces) depuis la taille<br \/>\n&#8211; Le mannequin mesure 175 cm et porte une taille 40 italienne <\/p>\n<p><strong>D\u00e9tails :<\/strong><br \/>\n&#8211; Fermeture \u00e9clair invisible sur le c\u00f4t\u00e9 gauche<br \/>\n&#8211; Patte de boutonnage avec cinq boutons dont un visible et quatre invisibles<br \/>\n&#8211; Poches lat\u00e9rales<br \/>\n&#8211; Manches bouffantes avec un bouton au bout de chaque manche<br \/>\n&#8211; 100% Soie<br \/>\n&#8211; Nettoyage \u00e0 sec uniquement<br \/>\n&#8211; Cette pi\u00e8ce est confectionn\u00e9e en Italie<\/p>\n","protected":false},"excerpt":{"rendered":"<p>Cette robe longue en soie pr\u00e9sente un imprim\u00e9 Paisley. Elle est dot\u00e9e d\u2019un col rond, de manches longues \u00e0 bouffantes avec un bouton aux poignets, de poches lat\u00e9rales et d\u2019une patte de boutonnage avec cinq boutons, dont un visible. Taille et coupe : &#8211; Longueur 120 cm (47,2 pouces) depuis la taille &#8211; Le mannequin [&hellip;]<\/p>\n","protected":false},"featured_media":137675,"template":"","meta":{"_acf_changed":false,"footnotes":""},"product_brand":[],"product_cat":[842,844,873,278,322,274,315],"product_tag":[],"class_list":{"0":"post-135489","1":"product","2":"type-product","3":"status-publish","4":"has-post-thumbnail","6":"product_cat-robes_fr","7":"product_cat-longues_robes_fr","8":"product_cat-non-classe-fr","9":"product_cat-printemps_fr","10":"product_cat-robes_printemps_fr","11":"product_cat-pretaporter_fr","12":"product_cat-pretaporter_robes_fr","13":"pa_tailles-it38_it34_rtw_fr","14":"pa_tailles-it40_it36_rtw_fr","15":"pa_tailles-it42_it38_rtw_fr","16":"pa_tailles-it44_it40_rtw_fr","17":"pa_tailles-it44_it42_rtw_fr","18":"pa_tailles-it48-fr-2","20":"first","21":"outofstock","22":"taxable","23":"shipping-taxable","24":"purchasable","25":"product-type-variable","26":"has-default-attributes","27":"wvs-archive-product-wrapper"},"acf":[],"_links":{"self":[{"href":"https:\/\/www.giambattistavalli.com\/fr\/wp-json\/wp\/v2\/product\/135489","targetHints":{"allow":["GET"]}}],"collection":[{"href":"https:\/\/www.giambattistavalli.com\/fr\/wp-json\/wp\/v2\/product"}],"about":[{"href":"https:\/\/www.giambattistavalli.com\/fr\/wp-json\/wp\/v2\/types\/product"}],"version-history":[{"count":1,"href":"https:\/\/www.giambattistavalli.com\/fr\/wp-json\/wp\/v2\/product\/135489\/revisions"}],"predecessor-version":[{"id":135490,"href":"https:\/\/www.giambattistavalli.com\/fr\/wp-json\/wp\/v2\/product\/135489\/revisions\/135490"}],"wp:featuredmedia":[{"embeddable":true,"href":"https:\/\/www.giambattistavalli.com\/fr\/wp-json\/wp\/v2\/media\/137675"}],"wp:attachment":[{"href":"https:\/\/www.giambattistavalli.com\/fr\/wp-json\/wp\/v2\/media?parent=135489"}],"wp:term":[{"taxonomy":"product_brand","embeddable":true,"href":"https:\/\/www.giambattistavalli.com\/fr\/wp-json\/wp\/v2\/product_brand?post=135489"},{"taxonomy":"product_cat","embeddable":true,"href":"https:\/\/www.giambattistavalli.com\/fr\/wp-json\/wp\/v2\/product_cat?post=135489"},{"taxonomy":"product_tag","embeddable":true,"href":"https:\/\/www.giambattistavalli.com\/fr\/wp-json\/wp\/v2\/product_tag?post=135489"}],"curies":[{"name":"wp","href":"https:\/\/api.w.org\/{rel}","templated":true}]}}