{"id":135461,"date":"2025-11-24T12:15:56","date_gmt":"2025-11-24T11:15:56","guid":{"rendered":"https:\/\/www.giambattistavalli.com\/?post_type=product&#038;p=135461"},"modified":"2025-11-24T12:17:46","modified_gmt":"2025-11-24T11:17:46","slug":"robe-courte-en-popeline-moutarde-blossoms","status":"publish","type":"product","link":"https:\/\/www.giambattistavalli.com\/fr\/eshop\/robes_fr\/mini_robes_fr\/robe-courte-en-popeline-moutarde-blossoms\/","title":{"rendered":"Robe courte en popeline moutarde Blossoms"},"content":{"rendered":"<p>Cette courte robe moutarde en popeline pr\u00e9sente un imprim\u00e9 floral Blossoms et une silhouette trap\u00e8ze. Elle est dot\u00e9e de manches ballon avec un bouton au bas de chaque manche, de deux poches lat\u00e9rales et d\u2019une ceinture int\u00e9gr\u00e9e au col mao, amovible gr\u00e2ce \u00e0 un bouton au dos du col.<\/p>\n<p><strong>Taille et coupe :<\/strong><br \/>\n&#8211; Longueur 48 cm (18,5 pouces) depuis la taille<br \/>\n&#8211; Le mannequin mesure 175 cm et porte une taille 40 italienne <\/p>\n<p><strong>D\u00e9tails :<\/strong><br \/>\n&#8211; Patte de boutonnage avec quatre boutons, dont un visible et trois cach\u00e9s<br \/>\n&#8211; Un bouton au bas de chaque manche<br \/>\n&#8211; Poches lat\u00e9rales<br \/>\n&#8211; Ceinture int\u00e9gr\u00e9e au col mao, amovible gr\u00e2ce \u00e0 un bouton au dos du col<br \/>\n&#8211; Pas de doublure<br \/>\n&#8211; 100 % Coton<br \/>\n&#8211; Nettoyage \u00e0 sec uniquement<br \/>\n&#8211; Cette pi\u00e8ce est confectionn\u00e9e en Italie<\/p>\n","protected":false},"excerpt":{"rendered":"<p>Cette courte robe moutarde en popeline pr\u00e9sente un imprim\u00e9 floral Blossoms et une silhouette trap\u00e8ze. Elle est dot\u00e9e de manches ballon avec un bouton au bas de chaque manche, de deux poches lat\u00e9rales et d\u2019une ceinture int\u00e9gr\u00e9e au col mao, amovible gr\u00e2ce \u00e0 un bouton au dos du col. Taille et coupe : &#8211; Longueur [&hellip;]<\/p>\n","protected":false},"featured_media":137583,"template":"","meta":{"_acf_changed":false,"footnotes":""},"product_brand":[],"product_cat":[842,846,873,278,322,274,315],"product_tag":[],"class_list":{"0":"post-135461","1":"product","2":"type-product","3":"status-publish","4":"has-post-thumbnail","6":"product_cat-robes_fr","7":"product_cat-mini_robes_fr","8":"product_cat-non-classe-fr","9":"product_cat-printemps_fr","10":"product_cat-robes_printemps_fr","11":"product_cat-pretaporter_fr","12":"product_cat-pretaporter_robes_fr","13":"pa_tailles-it38_it34_rtw_fr","14":"pa_tailles-it40_it36_rtw_fr","15":"pa_tailles-it42_it38_rtw_fr","16":"pa_tailles-it44_it40_rtw_fr","17":"pa_tailles-it44_it42_rtw_fr","18":"pa_tailles-it48-fr-2","20":"first","21":"outofstock","22":"taxable","23":"shipping-taxable","24":"purchasable","25":"product-type-variable","26":"has-default-attributes","27":"wvs-archive-product-wrapper"},"acf":[],"_links":{"self":[{"href":"https:\/\/www.giambattistavalli.com\/fr\/wp-json\/wp\/v2\/product\/135461","targetHints":{"allow":["GET"]}}],"collection":[{"href":"https:\/\/www.giambattistavalli.com\/fr\/wp-json\/wp\/v2\/product"}],"about":[{"href":"https:\/\/www.giambattistavalli.com\/fr\/wp-json\/wp\/v2\/types\/product"}],"version-history":[{"count":1,"href":"https:\/\/www.giambattistavalli.com\/fr\/wp-json\/wp\/v2\/product\/135461\/revisions"}],"predecessor-version":[{"id":135462,"href":"https:\/\/www.giambattistavalli.com\/fr\/wp-json\/wp\/v2\/product\/135461\/revisions\/135462"}],"wp:featuredmedia":[{"embeddable":true,"href":"https:\/\/www.giambattistavalli.com\/fr\/wp-json\/wp\/v2\/media\/137583"}],"wp:attachment":[{"href":"https:\/\/www.giambattistavalli.com\/fr\/wp-json\/wp\/v2\/media?parent=135461"}],"wp:term":[{"taxonomy":"product_brand","embeddable":true,"href":"https:\/\/www.giambattistavalli.com\/fr\/wp-json\/wp\/v2\/product_brand?post=135461"},{"taxonomy":"product_cat","embeddable":true,"href":"https:\/\/www.giambattistavalli.com\/fr\/wp-json\/wp\/v2\/product_cat?post=135461"},{"taxonomy":"product_tag","embeddable":true,"href":"https:\/\/www.giambattistavalli.com\/fr\/wp-json\/wp\/v2\/product_tag?post=135461"}],"curies":[{"name":"wp","href":"https:\/\/api.w.org\/{rel}","templated":true}]}}