{"id":135447,"date":"2025-11-24T12:15:55","date_gmt":"2025-11-24T11:15:55","guid":{"rendered":"https:\/\/www.giambattistavalli.com\/?post_type=product&#038;p=135447"},"modified":"2025-11-24T12:17:46","modified_gmt":"2025-11-24T11:17:46","slug":"robe-longue-asymetrique-en-soie-rose-blossoms","status":"publish","type":"product","link":"https:\/\/www.giambattistavalli.com\/fr\/eshop\/robes_fr\/longues_robes_fr\/robe-longue-asymetrique-en-soie-rose-blossoms\/","title":{"rendered":"Robe longue asym\u00e9trique en soie rose Blossoms"},"content":{"rendered":"<p>Cette robe longue asym\u00e9trique en soie rose est imprim\u00e9e Blossoms. Elle pr\u00e9sente un corset \u00e0 d\u00e9collet\u00e9 c\u0153ur recouvert d\u2019un drap\u00e9 asym\u00e9trique fixe crois\u00e9 sur le devant : une partie couvre l\u2019\u00e9paule droite, l\u2019autre tombe sous le coude et se fixe \u00e0 l\u2019arri\u00e8re \u00e0 l\u2019aide de quatre boutons-pression. La taille est soulign\u00e9e par une ceinture en dentelle rose avec un n\u0153ud central.<\/p>\n<p><strong>Taille et coupe :<\/strong><br \/>\n&#8211; Longueur 120 cm (47,2 pouces) depuis la taille<br \/>\n&#8211; Le mannequin mesure 175 cm et porte une taille 40 italienne <\/p>\n<p><strong>D\u00e9tails :<\/strong><br \/>\n&#8211; Zip invisible avec crochet dans le dos<br \/>\n&#8211; Corset<br \/>\n&#8211; Drap\u00e9 fixe, ferm\u00e9 \u00e0 l\u2019arri\u00e8re par quatre boutons-pression<br \/>\n&#8211; Ceinture \u00e0 la taille non amovible avec n\u0153ud<br \/>\n&#8211; 100% Soie<br \/>\n&#8211; Nettoyage \u00e0 sec uniquement<br \/>\n&#8211; Cette pi\u00e8ce est confectionn\u00e9e en Italie<\/p>\n","protected":false},"excerpt":{"rendered":"<p>Cette robe longue asym\u00e9trique en soie rose est imprim\u00e9e Blossoms. Elle pr\u00e9sente un corset \u00e0 d\u00e9collet\u00e9 c\u0153ur recouvert d\u2019un drap\u00e9 asym\u00e9trique fixe crois\u00e9 sur le devant : une partie couvre l\u2019\u00e9paule droite, l\u2019autre tombe sous le coude et se fixe \u00e0 l\u2019arri\u00e8re \u00e0 l\u2019aide de quatre boutons-pression. La taille est soulign\u00e9e par une ceinture en [&hellip;]<\/p>\n","protected":false},"featured_media":138313,"template":"","meta":{"_acf_changed":false,"footnotes":""},"product_brand":[],"product_cat":[842,844,873,278,322,274,315],"product_tag":[],"class_list":{"0":"post-135447","1":"product","2":"type-product","3":"status-publish","4":"has-post-thumbnail","6":"product_cat-robes_fr","7":"product_cat-longues_robes_fr","8":"product_cat-non-classe-fr","9":"product_cat-printemps_fr","10":"product_cat-robes_printemps_fr","11":"product_cat-pretaporter_fr","12":"product_cat-pretaporter_robes_fr","13":"pa_tailles-it38_it34_rtw_fr","14":"pa_tailles-it40_it36_rtw_fr","15":"pa_tailles-it42_it38_rtw_fr","16":"pa_tailles-it44_it40_rtw_fr","17":"pa_tailles-it44_it42_rtw_fr","18":"pa_tailles-it48-fr-2","20":"first","21":"outofstock","22":"taxable","23":"shipping-taxable","24":"purchasable","25":"product-type-variable","26":"has-default-attributes","27":"wvs-archive-product-wrapper"},"acf":[],"_links":{"self":[{"href":"https:\/\/www.giambattistavalli.com\/fr\/wp-json\/wp\/v2\/product\/135447","targetHints":{"allow":["GET"]}}],"collection":[{"href":"https:\/\/www.giambattistavalli.com\/fr\/wp-json\/wp\/v2\/product"}],"about":[{"href":"https:\/\/www.giambattistavalli.com\/fr\/wp-json\/wp\/v2\/types\/product"}],"version-history":[{"count":1,"href":"https:\/\/www.giambattistavalli.com\/fr\/wp-json\/wp\/v2\/product\/135447\/revisions"}],"predecessor-version":[{"id":135448,"href":"https:\/\/www.giambattistavalli.com\/fr\/wp-json\/wp\/v2\/product\/135447\/revisions\/135448"}],"wp:featuredmedia":[{"embeddable":true,"href":"https:\/\/www.giambattistavalli.com\/fr\/wp-json\/wp\/v2\/media\/138313"}],"wp:attachment":[{"href":"https:\/\/www.giambattistavalli.com\/fr\/wp-json\/wp\/v2\/media?parent=135447"}],"wp:term":[{"taxonomy":"product_brand","embeddable":true,"href":"https:\/\/www.giambattistavalli.com\/fr\/wp-json\/wp\/v2\/product_brand?post=135447"},{"taxonomy":"product_cat","embeddable":true,"href":"https:\/\/www.giambattistavalli.com\/fr\/wp-json\/wp\/v2\/product_cat?post=135447"},{"taxonomy":"product_tag","embeddable":true,"href":"https:\/\/www.giambattistavalli.com\/fr\/wp-json\/wp\/v2\/product_tag?post=135447"}],"curies":[{"name":"wp","href":"https:\/\/api.w.org\/{rel}","templated":true}]}}