{"id":135433,"date":"2025-11-24T12:15:57","date_gmt":"2025-11-24T11:15:57","guid":{"rendered":"https:\/\/www.giambattistavalli.com\/?post_type=product&#038;p=135433"},"modified":"2025-11-24T12:17:45","modified_gmt":"2025-11-24T11:17:45","slug":"robe-longue-rose-en-soie-blossoms","status":"publish","type":"product","link":"https:\/\/www.giambattistavalli.com\/fr\/eshop\/robes_fr\/longues_robes_fr\/robe-longue-rose-en-soie-blossoms\/","title":{"rendered":"Robe longue rose en soie Blossoms"},"content":{"rendered":"<p>Cette longue robe rose en soie met en valeur le motif Blossoms. Elle pr\u00e9sente des manches ballon avec un bouton au bas de chaque manche, un lien fin \u00e0 nouer \u00e0 l\u2019avant pour fermer le d\u00e9collet\u00e9 en V, ainsi qu\u2019une ceinture en tissu assorti pour souligner la taille.<\/p>\n<p><strong>Taille et coupe :<\/strong><br \/>\n&#8211; Longueur 120 cm (47,2 pouces) depuis la taille<br \/>\n&#8211; Le mannequin mesure 175 cm et porte une taille 40 italienne <\/p>\n<p><strong>D\u00e9tails :<\/strong><br \/>\n&#8211; Lien fin \u00e0 nouer \u00e0 l\u2019avant pour fermer le d\u00e9collet\u00e9 en V<br \/>\n&#8211; Manches ballon<br \/>\n&#8211; Un bouton sur chaque manche<br \/>\n&#8211; Fermeture \u00e9clair invisible sur le c\u00f4t\u00e9 gauche<br \/>\n&#8211; 100% Soie<br \/>\n&#8211; Nettoyage \u00e0 sec uniquement<br \/>\n&#8211; Cette pi\u00e8ce est confectionn\u00e9e en Italie<\/p>\n","protected":false},"excerpt":{"rendered":"<p>Cette longue robe rose en soie met en valeur le motif Blossoms. Elle pr\u00e9sente des manches ballon avec un bouton au bas de chaque manche, un lien fin \u00e0 nouer \u00e0 l\u2019avant pour fermer le d\u00e9collet\u00e9 en V, ainsi qu\u2019une ceinture en tissu assorti pour souligner la taille. Taille et coupe : &#8211; Longueur 120 [&hellip;]<\/p>\n","protected":false},"featured_media":137602,"template":"","meta":{"_acf_changed":false,"footnotes":""},"product_brand":[],"product_cat":[842,844,873,278,322,274,315],"product_tag":[],"class_list":{"0":"post-135433","1":"product","2":"type-product","3":"status-publish","4":"has-post-thumbnail","6":"product_cat-robes_fr","7":"product_cat-longues_robes_fr","8":"product_cat-non-classe-fr","9":"product_cat-printemps_fr","10":"product_cat-robes_printemps_fr","11":"product_cat-pretaporter_fr","12":"product_cat-pretaporter_robes_fr","13":"pa_tailles-it38_it34_rtw_fr","14":"pa_tailles-it40_it36_rtw_fr","15":"pa_tailles-it42_it38_rtw_fr","16":"pa_tailles-it44_it40_rtw_fr","17":"pa_tailles-it44_it42_rtw_fr","18":"pa_tailles-it48-fr-2","20":"first","21":"outofstock","22":"taxable","23":"shipping-taxable","24":"purchasable","25":"product-type-variable","26":"has-default-attributes","27":"wvs-archive-product-wrapper"},"acf":[],"_links":{"self":[{"href":"https:\/\/www.giambattistavalli.com\/fr\/wp-json\/wp\/v2\/product\/135433","targetHints":{"allow":["GET"]}}],"collection":[{"href":"https:\/\/www.giambattistavalli.com\/fr\/wp-json\/wp\/v2\/product"}],"about":[{"href":"https:\/\/www.giambattistavalli.com\/fr\/wp-json\/wp\/v2\/types\/product"}],"version-history":[{"count":1,"href":"https:\/\/www.giambattistavalli.com\/fr\/wp-json\/wp\/v2\/product\/135433\/revisions"}],"predecessor-version":[{"id":135434,"href":"https:\/\/www.giambattistavalli.com\/fr\/wp-json\/wp\/v2\/product\/135433\/revisions\/135434"}],"wp:featuredmedia":[{"embeddable":true,"href":"https:\/\/www.giambattistavalli.com\/fr\/wp-json\/wp\/v2\/media\/137602"}],"wp:attachment":[{"href":"https:\/\/www.giambattistavalli.com\/fr\/wp-json\/wp\/v2\/media?parent=135433"}],"wp:term":[{"taxonomy":"product_brand","embeddable":true,"href":"https:\/\/www.giambattistavalli.com\/fr\/wp-json\/wp\/v2\/product_brand?post=135433"},{"taxonomy":"product_cat","embeddable":true,"href":"https:\/\/www.giambattistavalli.com\/fr\/wp-json\/wp\/v2\/product_cat?post=135433"},{"taxonomy":"product_tag","embeddable":true,"href":"https:\/\/www.giambattistavalli.com\/fr\/wp-json\/wp\/v2\/product_tag?post=135433"}],"curies":[{"name":"wp","href":"https:\/\/api.w.org\/{rel}","templated":true}]}}