{"id":135349,"date":"2025-11-24T12:15:59","date_gmt":"2025-11-24T11:15:59","guid":{"rendered":"https:\/\/www.giambattistavalli.com\/?post_type=product&#038;p=135349"},"modified":"2025-11-24T12:17:44","modified_gmt":"2025-11-24T11:17:44","slug":"pantalon-evase-vert-en-macrame-a-filigrane","status":"publish","type":"product","link":"https:\/\/www.giambattistavalli.com\/fr\/eshop\/printemps_fr\/jupes_pantalons_printemps_fr\/pantalon-evase-vert-en-macrame-a-filigrane\/","title":{"rendered":"Pantalon \u00e9vas\u00e9 vert en macram\u00e9 \u00e0 filigrane"},"content":{"rendered":"<p>Ce pantalon vert en macram\u00e9 \u00e0 filigrane pr\u00e9sente une silhouette \u00e9vas\u00e9e et une fermeture \u00e9clair invisible sur le c\u00f4t\u00e9 gauche, accompagn\u00e9e d\u2019un crochet.<\/p>\n<p><strong>Taille et coupe :<\/strong><br \/>\n&#8211; Le mannequin mesure 175 cm et porte une taille 40 italienne <\/p>\n<p><strong>D\u00e9tails :<\/strong><br \/>\n&#8211; Zip invisible avec crochet \u00e0 gauche<br \/>\n&#8211; Pas de doublure<br \/>\n&#8211; 100% Polyester<br \/>\n&#8211; Nettoyage \u00e0 sec uniquement<br \/>\n&#8211; Cette pi\u00e8ce est confectionn\u00e9e en Italie<\/p>\n","protected":false},"excerpt":{"rendered":"<p>Ce pantalon vert en macram\u00e9 \u00e0 filigrane pr\u00e9sente une silhouette \u00e9vas\u00e9e et une fermeture \u00e9clair invisible sur le c\u00f4t\u00e9 gauche, accompagn\u00e9e d\u2019un crochet. Taille et coupe : &#8211; Le mannequin mesure 175 cm et porte une taille 40 italienne D\u00e9tails : &#8211; Zip invisible avec crochet \u00e0 gauche &#8211; Pas de doublure &#8211; 100% Polyester [&hellip;]<\/p>\n","protected":false},"featured_media":137134,"template":"","meta":{"_acf_changed":false,"footnotes":""},"product_brand":[],"product_cat":[873,278,323,274,316],"product_tag":[],"class_list":{"0":"post-135349","1":"product","2":"type-product","3":"status-publish","4":"has-post-thumbnail","6":"product_cat-non-classe-fr","7":"product_cat-printemps_fr","8":"product_cat-jupes_pantalons_printemps_fr","9":"product_cat-pretaporter_fr","10":"product_cat-pretaporter_jupes_pantalons_fr","11":"pa_tailles-it38_it34_rtw_fr","12":"pa_tailles-it40_it36_rtw_fr","13":"pa_tailles-it42_it38_rtw_fr","14":"pa_tailles-it44_it40_rtw_fr","15":"pa_tailles-it44_it42_rtw_fr","16":"pa_tailles-it48-fr-2","18":"first","19":"outofstock","20":"taxable","21":"shipping-taxable","22":"purchasable","23":"product-type-variable","24":"has-default-attributes","25":"wvs-archive-product-wrapper"},"acf":[],"_links":{"self":[{"href":"https:\/\/www.giambattistavalli.com\/fr\/wp-json\/wp\/v2\/product\/135349","targetHints":{"allow":["GET"]}}],"collection":[{"href":"https:\/\/www.giambattistavalli.com\/fr\/wp-json\/wp\/v2\/product"}],"about":[{"href":"https:\/\/www.giambattistavalli.com\/fr\/wp-json\/wp\/v2\/types\/product"}],"version-history":[{"count":1,"href":"https:\/\/www.giambattistavalli.com\/fr\/wp-json\/wp\/v2\/product\/135349\/revisions"}],"predecessor-version":[{"id":135350,"href":"https:\/\/www.giambattistavalli.com\/fr\/wp-json\/wp\/v2\/product\/135349\/revisions\/135350"}],"wp:featuredmedia":[{"embeddable":true,"href":"https:\/\/www.giambattistavalli.com\/fr\/wp-json\/wp\/v2\/media\/137134"}],"wp:attachment":[{"href":"https:\/\/www.giambattistavalli.com\/fr\/wp-json\/wp\/v2\/media?parent=135349"}],"wp:term":[{"taxonomy":"product_brand","embeddable":true,"href":"https:\/\/www.giambattistavalli.com\/fr\/wp-json\/wp\/v2\/product_brand?post=135349"},{"taxonomy":"product_cat","embeddable":true,"href":"https:\/\/www.giambattistavalli.com\/fr\/wp-json\/wp\/v2\/product_cat?post=135349"},{"taxonomy":"product_tag","embeddable":true,"href":"https:\/\/www.giambattistavalli.com\/fr\/wp-json\/wp\/v2\/product_tag?post=135349"}],"curies":[{"name":"wp","href":"https:\/\/api.w.org\/{rel}","templated":true}]}}