{"id":135251,"date":"2025-11-24T12:16:00","date_gmt":"2025-11-24T11:16:00","guid":{"rendered":"https:\/\/www.giambattistavalli.com\/?post_type=product&#038;p=135251"},"modified":"2025-11-24T12:17:44","modified_gmt":"2025-11-24T11:17:44","slug":"blouse-oversize-en-soie-paisley","status":"publish","type":"product","link":"https:\/\/www.giambattistavalli.com\/fr\/eshop\/printemps_fr\/tops_printemps_fr\/blouse-oversize-en-soie-paisley\/","title":{"rendered":"Blouse oversize en soie Paisley"},"content":{"rendered":"<p>Cette blouse oversize en soie pr\u00e9sente un imprim\u00e9 Paisley. Elle poss\u00e8de des manches avec un bouton GBV au bas de chaque manche, ainsi qu\u2019une patte de boutonnage avec quatre boutons dont un visible et trois cach\u00e9s.<\/p>\n<p><strong>Taille et coupe :<\/strong><br \/>\n&#8211; Le mannequin mesure 175 cm et porte une taille 40 italienne <\/p>\n<p><strong>D\u00e9tails :<\/strong><br \/>\n&#8211; Manches gigot<br \/>\n&#8211; Un bouton GBV \u00e0 chaque poignet<br \/>\n&#8211; Patte de boutonnage avec quatre boutons (un visible, trois invisibles)<br \/>\n&#8211; Poches lat\u00e9rales<br \/>\n&#8211; Ceinture int\u00e9gr\u00e9e au col, amovible gr\u00e2ce \u00e0 un bouton au dos du col<br \/>\n&#8211; Pas de doublure<br \/>\n&#8211; 100% Soie<br \/>\n&#8211; Nettoyage \u00e0 sec uniquement<br \/>\n&#8211; Cette pi\u00e8ce est confectionn\u00e9e en Italie<\/p>\n","protected":false},"excerpt":{"rendered":"<p>Cette blouse oversize en soie pr\u00e9sente un imprim\u00e9 Paisley. Elle poss\u00e8de des manches avec un bouton GBV au bas de chaque manche, ainsi qu\u2019une patte de boutonnage avec quatre boutons dont un visible et trois cach\u00e9s. Taille et coupe : &#8211; Le mannequin mesure 175 cm et porte une taille 40 italienne D\u00e9tails : &#8211; [&hellip;]<\/p>\n","protected":false},"featured_media":137048,"template":"","meta":{"_acf_changed":false,"footnotes":""},"product_brand":[],"product_cat":[873,278,324,274,317],"product_tag":[],"class_list":{"0":"post-135251","1":"product","2":"type-product","3":"status-publish","4":"has-post-thumbnail","6":"product_cat-non-classe-fr","7":"product_cat-printemps_fr","8":"product_cat-tops_printemps_fr","9":"product_cat-pretaporter_fr","10":"product_cat-pretaporter_tops_fr","11":"pa_tailles-it38_it34_rtw_fr","12":"pa_tailles-it40_it36_rtw_fr","13":"pa_tailles-it42_it38_rtw_fr","14":"pa_tailles-it44_it40_rtw_fr","15":"pa_tailles-it44_it42_rtw_fr","16":"pa_tailles-it48-fr-2","18":"first","19":"instock","20":"taxable","21":"shipping-taxable","22":"purchasable","23":"product-type-variable","24":"has-default-attributes","25":"wvs-archive-product-wrapper"},"acf":[],"_links":{"self":[{"href":"https:\/\/www.giambattistavalli.com\/fr\/wp-json\/wp\/v2\/product\/135251","targetHints":{"allow":["GET"]}}],"collection":[{"href":"https:\/\/www.giambattistavalli.com\/fr\/wp-json\/wp\/v2\/product"}],"about":[{"href":"https:\/\/www.giambattistavalli.com\/fr\/wp-json\/wp\/v2\/types\/product"}],"version-history":[{"count":1,"href":"https:\/\/www.giambattistavalli.com\/fr\/wp-json\/wp\/v2\/product\/135251\/revisions"}],"predecessor-version":[{"id":135252,"href":"https:\/\/www.giambattistavalli.com\/fr\/wp-json\/wp\/v2\/product\/135251\/revisions\/135252"}],"wp:featuredmedia":[{"embeddable":true,"href":"https:\/\/www.giambattistavalli.com\/fr\/wp-json\/wp\/v2\/media\/137048"}],"wp:attachment":[{"href":"https:\/\/www.giambattistavalli.com\/fr\/wp-json\/wp\/v2\/media?parent=135251"}],"wp:term":[{"taxonomy":"product_brand","embeddable":true,"href":"https:\/\/www.giambattistavalli.com\/fr\/wp-json\/wp\/v2\/product_brand?post=135251"},{"taxonomy":"product_cat","embeddable":true,"href":"https:\/\/www.giambattistavalli.com\/fr\/wp-json\/wp\/v2\/product_cat?post=135251"},{"taxonomy":"product_tag","embeddable":true,"href":"https:\/\/www.giambattistavalli.com\/fr\/wp-json\/wp\/v2\/product_tag?post=135251"}],"curies":[{"name":"wp","href":"https:\/\/api.w.org\/{rel}","templated":true}]}}