{"id":135209,"date":"2025-11-24T12:16:01","date_gmt":"2025-11-24T11:16:01","guid":{"rendered":"https:\/\/www.giambattistavalli.com\/?post_type=product&#038;p=135209"},"modified":"2025-11-24T12:17:43","modified_gmt":"2025-11-24T11:17:43","slug":"blouse-en-popeline-ivoire-ruby-pansies","status":"publish","type":"product","link":"https:\/\/www.giambattistavalli.com\/fr\/eshop\/printemps_fr\/tops_printemps_fr\/blouse-en-popeline-ivoire-ruby-pansies\/","title":{"rendered":"Blouse en popeline ivoire Ruby Pansies"},"content":{"rendered":"<p>Cette blouse en popeline de coton ivoire pr\u00e9sente l\u2019imprim\u00e9 Ruby Pansies. Elle est dot\u00e9e d\u2019un col lavalli\u00e8re, de manches \u00e9vas\u00e9es et d\u2019une patte de boutonnage frontale dissimul\u00e9e avec six boutons.<\/p>\n<p><strong>Taille et coupe :<\/strong><br \/>\n&#8211; Le mannequin mesure 175 cm et porte une taille 40 italienne <\/p>\n<p><strong>D\u00e9tails :<\/strong><br \/>\n&#8211; Col lavalli\u00e8re<br \/>\n&#8211; Manches \u00e9vas\u00e9es<br \/>\n&#8211; Patte de boutonnage avec six boutons invisibles<br \/>\n&#8211; Pas de doublure<br \/>\n&#8211; 100% Coton<br \/>\n&#8211; Nettoyage \u00e0 sec uniquement<br \/>\n&#8211; Cette pi\u00e8ce est confectionn\u00e9e en Italie<\/p>\n","protected":false},"excerpt":{"rendered":"<p>Cette blouse en popeline de coton ivoire pr\u00e9sente l\u2019imprim\u00e9 Ruby Pansies. Elle est dot\u00e9e d\u2019un col lavalli\u00e8re, de manches \u00e9vas\u00e9es et d\u2019une patte de boutonnage frontale dissimul\u00e9e avec six boutons. Taille et coupe : &#8211; Le mannequin mesure 175 cm et porte une taille 40 italienne D\u00e9tails : &#8211; Col lavalli\u00e8re &#8211; Manches \u00e9vas\u00e9es &#8211; [&hellip;]<\/p>\n","protected":false},"featured_media":136931,"template":"","meta":{"_acf_changed":false,"footnotes":""},"product_brand":[],"product_cat":[873,278,324,274,317],"product_tag":[],"class_list":{"0":"post-135209","1":"product","2":"type-product","3":"status-publish","4":"has-post-thumbnail","6":"product_cat-non-classe-fr","7":"product_cat-printemps_fr","8":"product_cat-tops_printemps_fr","9":"product_cat-pretaporter_fr","10":"product_cat-pretaporter_tops_fr","11":"pa_tailles-it38_it34_rtw_fr","12":"pa_tailles-it40_it36_rtw_fr","13":"pa_tailles-it42_it38_rtw_fr","14":"pa_tailles-it44_it40_rtw_fr","15":"pa_tailles-it44_it42_rtw_fr","16":"pa_tailles-it48-fr-2","18":"first","19":"outofstock","20":"taxable","21":"shipping-taxable","22":"purchasable","23":"product-type-variable","24":"has-default-attributes","25":"wvs-archive-product-wrapper"},"acf":[],"_links":{"self":[{"href":"https:\/\/www.giambattistavalli.com\/fr\/wp-json\/wp\/v2\/product\/135209","targetHints":{"allow":["GET"]}}],"collection":[{"href":"https:\/\/www.giambattistavalli.com\/fr\/wp-json\/wp\/v2\/product"}],"about":[{"href":"https:\/\/www.giambattistavalli.com\/fr\/wp-json\/wp\/v2\/types\/product"}],"version-history":[{"count":1,"href":"https:\/\/www.giambattistavalli.com\/fr\/wp-json\/wp\/v2\/product\/135209\/revisions"}],"predecessor-version":[{"id":135210,"href":"https:\/\/www.giambattistavalli.com\/fr\/wp-json\/wp\/v2\/product\/135209\/revisions\/135210"}],"wp:featuredmedia":[{"embeddable":true,"href":"https:\/\/www.giambattistavalli.com\/fr\/wp-json\/wp\/v2\/media\/136931"}],"wp:attachment":[{"href":"https:\/\/www.giambattistavalli.com\/fr\/wp-json\/wp\/v2\/media?parent=135209"}],"wp:term":[{"taxonomy":"product_brand","embeddable":true,"href":"https:\/\/www.giambattistavalli.com\/fr\/wp-json\/wp\/v2\/product_brand?post=135209"},{"taxonomy":"product_cat","embeddable":true,"href":"https:\/\/www.giambattistavalli.com\/fr\/wp-json\/wp\/v2\/product_cat?post=135209"},{"taxonomy":"product_tag","embeddable":true,"href":"https:\/\/www.giambattistavalli.com\/fr\/wp-json\/wp\/v2\/product_tag?post=135209"}],"curies":[{"name":"wp","href":"https:\/\/api.w.org\/{rel}","templated":true}]}}