{"id":131892,"date":"2025-08-25T11:41:08","date_gmt":"2025-08-25T09:41:08","guid":{"rendered":"https:\/\/www.giambattistavalli.com\/?post_type=product&#038;p=131892"},"modified":"2025-08-25T11:41:09","modified_gmt":"2025-08-25T09:41:09","slug":"panier-maxi-prune","status":"publish","type":"product","link":"https:\/\/www.giambattistavalli.com\/fr\/eshop\/automne_hiver_fr\/accessoires_automne_hiver_fr\/panier-maxi-prune\/","title":{"rendered":"Panier maxi prune"},"content":{"rendered":"<p>Ce maxi panier en cuir tress\u00e9 couleur prune dispose d&rsquo;une pochette int\u00e9rieure en cuir amovible. Le sac se ferme \u00e0 l&rsquo;aide d&rsquo;un aimant. <\/p>\n<p>Tous nos accessoires sont accompagn\u00e9s d&rsquo;un tote en tissu sigl\u00e9 Giambattista Valli.<\/p>\n<p><strong>D\u00e9tails :<\/strong><br \/>\n&#8211; 100% cuir d&rsquo;agneau<br \/>\n&#8211; 35 cm (13.7 pouces) x 30 cm (11.8 pouces) x 12 cm (4.7 pouces)<br \/>\n&#8211; Cette pi\u00e8ce est confectionn\u00e9e en Italie<\/p>\n","protected":false},"excerpt":{"rendered":"<p>Ce maxi panier en cuir tress\u00e9 couleur prune dispose d&rsquo;une pochette int\u00e9rieure en cuir amovible. Le sac se ferme \u00e0 l&rsquo;aide d&rsquo;un aimant. Tous nos accessoires sont accompagn\u00e9s d&rsquo;un tote en tissu sigl\u00e9 Giambattista Valli. D\u00e9tails : &#8211; 100% cuir d&rsquo;agneau &#8211; 35 cm (13.7 pouces) x 30 cm (11.8 pouces) x 12 cm (4.7 [&hellip;]<\/p>\n","protected":false},"featured_media":132810,"template":"","meta":{"_acf_changed":false,"footnotes":""},"product_brand":[],"product_cat":[873,675,715,607,755,279,263],"product_tag":[],"class_list":{"0":"post-131892","1":"product","2":"type-product","3":"status-publish","4":"has-post-thumbnail","6":"product_cat-non-classe-fr","7":"product_cat-automne_hiver_fr","8":"product_cat-accessoires_automne_hiver_fr","9":"product_cat-vente_privee_fr","10":"product_cat-accessoires_ventes_privees_fr","11":"product_cat-accessoires_fr","12":"product_cat-accessoires_sacs_fr","13":"pa_tailles-onesize_en","15":"first","16":"outofstock","17":"sale","18":"taxable","19":"shipping-taxable","20":"purchasable","21":"product-type-simple"},"acf":[],"_links":{"self":[{"href":"https:\/\/www.giambattistavalli.com\/fr\/wp-json\/wp\/v2\/product\/131892","targetHints":{"allow":["GET"]}}],"collection":[{"href":"https:\/\/www.giambattistavalli.com\/fr\/wp-json\/wp\/v2\/product"}],"about":[{"href":"https:\/\/www.giambattistavalli.com\/fr\/wp-json\/wp\/v2\/types\/product"}],"version-history":[{"count":1,"href":"https:\/\/www.giambattistavalli.com\/fr\/wp-json\/wp\/v2\/product\/131892\/revisions"}],"predecessor-version":[{"id":131893,"href":"https:\/\/www.giambattistavalli.com\/fr\/wp-json\/wp\/v2\/product\/131892\/revisions\/131893"}],"wp:featuredmedia":[{"embeddable":true,"href":"https:\/\/www.giambattistavalli.com\/fr\/wp-json\/wp\/v2\/media\/132810"}],"wp:attachment":[{"href":"https:\/\/www.giambattistavalli.com\/fr\/wp-json\/wp\/v2\/media?parent=131892"}],"wp:term":[{"taxonomy":"product_brand","embeddable":true,"href":"https:\/\/www.giambattistavalli.com\/fr\/wp-json\/wp\/v2\/product_brand?post=131892"},{"taxonomy":"product_cat","embeddable":true,"href":"https:\/\/www.giambattistavalli.com\/fr\/wp-json\/wp\/v2\/product_cat?post=131892"},{"taxonomy":"product_tag","embeddable":true,"href":"https:\/\/www.giambattistavalli.com\/fr\/wp-json\/wp\/v2\/product_tag?post=131892"}],"curies":[{"name":"wp","href":"https:\/\/api.w.org\/{rel}","templated":true}]}}