{"id":131890,"date":"2025-08-25T11:41:08","date_gmt":"2025-08-25T09:41:08","guid":{"rendered":"https:\/\/www.giambattistavalli.com\/?post_type=product&#038;p=131890"},"modified":"2025-08-25T11:41:08","modified_gmt":"2025-08-25T09:41:08","slug":"panier-maxi-ivoire","status":"publish","type":"product","link":"https:\/\/www.giambattistavalli.com\/fr\/eshop\/automne_hiver_fr\/accessoires_automne_hiver_fr\/panier-maxi-ivoire\/","title":{"rendered":"Panier maxi ivoire"},"content":{"rendered":"<p>Ce maxi panier en cuir tress\u00e9 couleur ivoire dispose d&rsquo;une pochette int\u00e9rieure en cuir amovible. Le sac se ferme \u00e0 l&rsquo;aide d&rsquo;un aimant. <\/p>\n<p>Tous nos accessoires sont accompagn\u00e9s d&rsquo;un tote en tissu sigl\u00e9 Giambattista Valli.<\/p>\n<p><strong>D\u00e9tails :<\/strong><br \/>\n&#8211; 100% cuir d&rsquo;agneau<br \/>\n&#8211; 35 cm (13.7 pouces) x 30 cm (11.8 pouces) x 12 cm (4.7 pouces)<br \/>\n&#8211; Cette pi\u00e8ce est confectionn\u00e9e en Italie<\/p>\n","protected":false},"excerpt":{"rendered":"<p>Ce maxi panier en cuir tress\u00e9 couleur ivoire dispose d&rsquo;une pochette int\u00e9rieure en cuir amovible. Le sac se ferme \u00e0 l&rsquo;aide d&rsquo;un aimant. Tous nos accessoires sont accompagn\u00e9s d&rsquo;un tote en tissu sigl\u00e9 Giambattista Valli. D\u00e9tails : &#8211; 100% cuir d&rsquo;agneau &#8211; 35 cm (13.7 pouces) x 30 cm (11.8 pouces) x 12 cm (4.7 [&hellip;]<\/p>\n","protected":false},"featured_media":132834,"template":"","meta":{"_acf_changed":false,"footnotes":""},"product_brand":[],"product_cat":[873,675,715,279,263],"product_tag":[],"class_list":{"0":"post-131890","1":"product","2":"type-product","3":"status-publish","4":"has-post-thumbnail","6":"product_cat-non-classe-fr","7":"product_cat-automne_hiver_fr","8":"product_cat-accessoires_automne_hiver_fr","9":"product_cat-accessoires_fr","10":"product_cat-accessoires_sacs_fr","11":"pa_tailles-onesize_en","13":"first","14":"outofstock","15":"sale","16":"taxable","17":"shipping-taxable","18":"purchasable","19":"product-type-simple"},"acf":[],"_links":{"self":[{"href":"https:\/\/www.giambattistavalli.com\/fr\/wp-json\/wp\/v2\/product\/131890","targetHints":{"allow":["GET"]}}],"collection":[{"href":"https:\/\/www.giambattistavalli.com\/fr\/wp-json\/wp\/v2\/product"}],"about":[{"href":"https:\/\/www.giambattistavalli.com\/fr\/wp-json\/wp\/v2\/types\/product"}],"version-history":[{"count":1,"href":"https:\/\/www.giambattistavalli.com\/fr\/wp-json\/wp\/v2\/product\/131890\/revisions"}],"predecessor-version":[{"id":131891,"href":"https:\/\/www.giambattistavalli.com\/fr\/wp-json\/wp\/v2\/product\/131890\/revisions\/131891"}],"wp:featuredmedia":[{"embeddable":true,"href":"https:\/\/www.giambattistavalli.com\/fr\/wp-json\/wp\/v2\/media\/132834"}],"wp:attachment":[{"href":"https:\/\/www.giambattistavalli.com\/fr\/wp-json\/wp\/v2\/media?parent=131890"}],"wp:term":[{"taxonomy":"product_brand","embeddable":true,"href":"https:\/\/www.giambattistavalli.com\/fr\/wp-json\/wp\/v2\/product_brand?post=131890"},{"taxonomy":"product_cat","embeddable":true,"href":"https:\/\/www.giambattistavalli.com\/fr\/wp-json\/wp\/v2\/product_cat?post=131890"},{"taxonomy":"product_tag","embeddable":true,"href":"https:\/\/www.giambattistavalli.com\/fr\/wp-json\/wp\/v2\/product_tag?post=131890"}],"curies":[{"name":"wp","href":"https:\/\/api.w.org\/{rel}","templated":true}]}}