{"id":131884,"date":"2025-08-25T11:41:06","date_gmt":"2025-08-25T09:41:06","guid":{"rendered":"https:\/\/www.giambattistavalli.com\/?post_type=product&#038;p=131884"},"modified":"2025-08-25T11:41:07","modified_gmt":"2025-08-25T09:41:07","slug":"maxi-airbag-prune","status":"publish","type":"product","link":"https:\/\/www.giambattistavalli.com\/fr\/eshop\/automne_hiver_fr\/accessoires_automne_hiver_fr\/maxi-airbag-prune\/","title":{"rendered":"Maxi Airbag prune"},"content":{"rendered":"<p>Le Airbag est l&rsquo;un des sacs les plus embl\u00e9matique de la maison. Il dispose de deux rangements, d&rsquo;une pochette arri\u00e8re ainsi que d&rsquo;une chaine en m\u00e9tal. Une pression sur le bouton avant est n\u00e9cessaire pour l&rsquo;ouvrir. Cette saison, il est d\u00e9clin\u00e9 en couleur prune dans un format maxi.<\/p>\n<p>Tous nos accessoires sont accompagn\u00e9s d&rsquo;un tote en tissu sigl\u00e9 Giambattista Valli.<\/p>\n<p><strong>D\u00e9tails :<\/strong><br \/>\n&#8211; 100% cuir d&rsquo;agneau<br \/>\n&#8211; 27 cm (10.6 pouces) x 25 cm (9.8 pouces) x 20 cm (7.8 pouces)<br \/>\n&#8211; Cette pi\u00e9ce est confectionn\u00e9e en Italie<\/p>\n","protected":false},"excerpt":{"rendered":"<p>Le Airbag est l&rsquo;un des sacs les plus embl\u00e9matique de la maison. Il dispose de deux rangements, d&rsquo;une pochette arri\u00e8re ainsi que d&rsquo;une chaine en m\u00e9tal. Une pression sur le bouton avant est n\u00e9cessaire pour l&rsquo;ouvrir. Cette saison, il est d\u00e9clin\u00e9 en couleur prune dans un format maxi. Tous nos accessoires sont accompagn\u00e9s d&rsquo;un tote [&hellip;]<\/p>\n","protected":false},"featured_media":132792,"template":"","meta":{"_acf_changed":false,"footnotes":""},"product_brand":[],"product_cat":[873,675,715,279,263],"product_tag":[],"class_list":{"0":"post-131884","1":"product","2":"type-product","3":"status-publish","4":"has-post-thumbnail","6":"product_cat-non-classe-fr","7":"product_cat-automne_hiver_fr","8":"product_cat-accessoires_automne_hiver_fr","9":"product_cat-accessoires_fr","10":"product_cat-accessoires_sacs_fr","11":"pa_tailles-onesize_en","13":"first","14":"outofstock","15":"sale","16":"taxable","17":"shipping-taxable","18":"purchasable","19":"product-type-simple"},"acf":[],"_links":{"self":[{"href":"https:\/\/www.giambattistavalli.com\/fr\/wp-json\/wp\/v2\/product\/131884","targetHints":{"allow":["GET"]}}],"collection":[{"href":"https:\/\/www.giambattistavalli.com\/fr\/wp-json\/wp\/v2\/product"}],"about":[{"href":"https:\/\/www.giambattistavalli.com\/fr\/wp-json\/wp\/v2\/types\/product"}],"version-history":[{"count":1,"href":"https:\/\/www.giambattistavalli.com\/fr\/wp-json\/wp\/v2\/product\/131884\/revisions"}],"predecessor-version":[{"id":131885,"href":"https:\/\/www.giambattistavalli.com\/fr\/wp-json\/wp\/v2\/product\/131884\/revisions\/131885"}],"wp:featuredmedia":[{"embeddable":true,"href":"https:\/\/www.giambattistavalli.com\/fr\/wp-json\/wp\/v2\/media\/132792"}],"wp:attachment":[{"href":"https:\/\/www.giambattistavalli.com\/fr\/wp-json\/wp\/v2\/media?parent=131884"}],"wp:term":[{"taxonomy":"product_brand","embeddable":true,"href":"https:\/\/www.giambattistavalli.com\/fr\/wp-json\/wp\/v2\/product_brand?post=131884"},{"taxonomy":"product_cat","embeddable":true,"href":"https:\/\/www.giambattistavalli.com\/fr\/wp-json\/wp\/v2\/product_cat?post=131884"},{"taxonomy":"product_tag","embeddable":true,"href":"https:\/\/www.giambattistavalli.com\/fr\/wp-json\/wp\/v2\/product_tag?post=131884"}],"curies":[{"name":"wp","href":"https:\/\/api.w.org\/{rel}","templated":true}]}}