{"id":131882,"date":"2025-08-25T11:41:06","date_gmt":"2025-08-25T09:41:06","guid":{"rendered":"https:\/\/www.giambattistavalli.com\/?post_type=product&#038;p=131882"},"modified":"2025-08-25T11:41:06","modified_gmt":"2025-08-25T09:41:06","slug":"mini-airbag-bordeaux-avec-fleurs","status":"publish","type":"product","link":"https:\/\/www.giambattistavalli.com\/fr\/eshop\/automne_hiver_fr\/accessoires_automne_hiver_fr\/mini-airbag-bordeaux-avec-fleurs\/","title":{"rendered":"Mini Airbag bordeaux avec fleurs"},"content":{"rendered":"<p>Le mini Airbag dispose de deux compartiments ainsi que d\u2019une pochette arri\u00e8re. La cha\u00eene est en m\u00e9tal dor\u00e9 et permet un port\u00e9 main ou \u00e9paule. Une pression sur le bouton avant est n\u00e9cessaire pour ouvrir le sac.<\/p>\n<p>Cette saison, il se d\u00e9cline avec des strass fleuris.<\/p>\n<p>Tous nos accessoires sont accompagn\u00e9s d&rsquo;un tote en tissu sigl\u00e9 Giambattista Valli.<\/p>\n<p><strong>D\u00e9tails :<\/strong><br \/>\n&#8211; 100% cuir d&rsquo;agneau<br \/>\n&#8211; 19 cm (7.5 pouces) x 16 (6.3 pouces) x 9 cm (3.5 pouces)<br \/>\n&#8211; Cette pi\u00e8ce est confectionn\u00e9e en Italie<\/p>\n","protected":false},"excerpt":{"rendered":"<p>Le mini Airbag dispose de deux compartiments ainsi que d\u2019une pochette arri\u00e8re. La cha\u00eene est en m\u00e9tal dor\u00e9 et permet un port\u00e9 main ou \u00e9paule. Une pression sur le bouton avant est n\u00e9cessaire pour ouvrir le sac. Cette saison, il se d\u00e9cline avec des strass fleuris. Tous nos accessoires sont accompagn\u00e9s d&rsquo;un tote en tissu [&hellip;]<\/p>\n","protected":false},"featured_media":132894,"template":"","meta":{"_acf_changed":false,"footnotes":""},"product_brand":[],"product_cat":[873,675,715,279,263],"product_tag":[],"class_list":{"0":"post-131882","1":"product","2":"type-product","3":"status-publish","4":"has-post-thumbnail","6":"product_cat-non-classe-fr","7":"product_cat-automne_hiver_fr","8":"product_cat-accessoires_automne_hiver_fr","9":"product_cat-accessoires_fr","10":"product_cat-accessoires_sacs_fr","11":"pa_tailles-onesize_en","13":"first","14":"outofstock","15":"sale","16":"taxable","17":"shipping-taxable","18":"purchasable","19":"product-type-simple"},"acf":[],"_links":{"self":[{"href":"https:\/\/www.giambattistavalli.com\/fr\/wp-json\/wp\/v2\/product\/131882","targetHints":{"allow":["GET"]}}],"collection":[{"href":"https:\/\/www.giambattistavalli.com\/fr\/wp-json\/wp\/v2\/product"}],"about":[{"href":"https:\/\/www.giambattistavalli.com\/fr\/wp-json\/wp\/v2\/types\/product"}],"version-history":[{"count":1,"href":"https:\/\/www.giambattistavalli.com\/fr\/wp-json\/wp\/v2\/product\/131882\/revisions"}],"predecessor-version":[{"id":131883,"href":"https:\/\/www.giambattistavalli.com\/fr\/wp-json\/wp\/v2\/product\/131882\/revisions\/131883"}],"wp:featuredmedia":[{"embeddable":true,"href":"https:\/\/www.giambattistavalli.com\/fr\/wp-json\/wp\/v2\/media\/132894"}],"wp:attachment":[{"href":"https:\/\/www.giambattistavalli.com\/fr\/wp-json\/wp\/v2\/media?parent=131882"}],"wp:term":[{"taxonomy":"product_brand","embeddable":true,"href":"https:\/\/www.giambattistavalli.com\/fr\/wp-json\/wp\/v2\/product_brand?post=131882"},{"taxonomy":"product_cat","embeddable":true,"href":"https:\/\/www.giambattistavalli.com\/fr\/wp-json\/wp\/v2\/product_cat?post=131882"},{"taxonomy":"product_tag","embeddable":true,"href":"https:\/\/www.giambattistavalli.com\/fr\/wp-json\/wp\/v2\/product_tag?post=131882"}],"curies":[{"name":"wp","href":"https:\/\/api.w.org\/{rel}","templated":true}]}}