{"id":131226,"date":"2025-08-25T11:39:34","date_gmt":"2025-08-25T09:39:34","guid":{"rendered":"https:\/\/www.giambattistavalli.com\/?post_type=product&#038;p=131226"},"modified":"2025-08-25T11:39:35","modified_gmt":"2025-08-25T09:39:35","slug":"bottes-rouges-a-talons-detail-bouche","status":"publish","type":"product","link":"https:\/\/www.giambattistavalli.com\/fr\/eshop\/automne_hiver_fr\/accessoires_automne_hiver_fr\/bottes-rouges-a-talons-detail-bouche\/","title":{"rendered":"Bottes rouges \u00e0 talons d\u00e9tail bouche"},"content":{"rendered":"<p>Ces bottes hautes \u00e0 talons en cuir rouge ont un bout rond et un d\u00e9tail de bouche \u00e0 l&rsquo;arri\u00e8re. <\/p>\n<p>Tous nos accessoires sont accompagn\u00e9s d&rsquo;un tote en tissu sigl\u00e9 Giambattista Valli.<\/p>\n<p><strong>Taille :<\/strong><br \/>\n&#8211; Hauteur du talon : 100 mm (3.9 pouces)<\/p>\n<p><strong>D\u00e9tails :<\/strong><br \/>\n&#8211; Semelle 100% cuir de vache, ext\u00e9rieur 100% cuir de veau<br \/>\n&#8211; Cette pi\u00e8ce est confectionn\u00e9e en Italie<\/p>\n","protected":false},"excerpt":{"rendered":"<p>Ces bottes hautes \u00e0 talons en cuir rouge ont un bout rond et un d\u00e9tail de bouche \u00e0 l&rsquo;arri\u00e8re. Tous nos accessoires sont accompagn\u00e9s d&rsquo;un tote en tissu sigl\u00e9 Giambattista Valli. Taille : &#8211; Hauteur du talon : 100 mm (3.9 pouces) D\u00e9tails : &#8211; Semelle 100% cuir de vache, ext\u00e9rieur 100% cuir de veau [&hellip;]<\/p>\n","protected":false},"featured_media":132906,"template":"","meta":{"_acf_changed":false,"footnotes":""},"product_brand":[],"product_cat":[873,675,715,607,755,279,262],"product_tag":[],"class_list":{"0":"post-131226","1":"product","2":"type-product","3":"status-publish","4":"has-post-thumbnail","6":"product_cat-non-classe-fr","7":"product_cat-automne_hiver_fr","8":"product_cat-accessoires_automne_hiver_fr","9":"product_cat-vente_privee_fr","10":"product_cat-accessoires_ventes_privees_fr","11":"product_cat-accessoires_fr","12":"product_cat-accessoires_souliers_fr","13":"pa_tailles-it36_fr36_shoes_fr","14":"pa_tailles-it37_fr37_shoes_fr","15":"pa_tailles-it38_fr38_shoes_fr","16":"pa_tailles-it39_fr39_shoes_fr","17":"pa_tailles-it40_fr40_shoes_fr","18":"pa_tailles-it41_fr41_shoes_fr","20":"first","21":"outofstock","22":"sale","23":"taxable","24":"shipping-taxable","25":"purchasable","26":"product-type-variable","27":"has-default-attributes","28":"wvs-archive-product-wrapper"},"acf":[],"_links":{"self":[{"href":"https:\/\/www.giambattistavalli.com\/fr\/wp-json\/wp\/v2\/product\/131226","targetHints":{"allow":["GET"]}}],"collection":[{"href":"https:\/\/www.giambattistavalli.com\/fr\/wp-json\/wp\/v2\/product"}],"about":[{"href":"https:\/\/www.giambattistavalli.com\/fr\/wp-json\/wp\/v2\/types\/product"}],"version-history":[{"count":1,"href":"https:\/\/www.giambattistavalli.com\/fr\/wp-json\/wp\/v2\/product\/131226\/revisions"}],"predecessor-version":[{"id":131227,"href":"https:\/\/www.giambattistavalli.com\/fr\/wp-json\/wp\/v2\/product\/131226\/revisions\/131227"}],"wp:featuredmedia":[{"embeddable":true,"href":"https:\/\/www.giambattistavalli.com\/fr\/wp-json\/wp\/v2\/media\/132906"}],"wp:attachment":[{"href":"https:\/\/www.giambattistavalli.com\/fr\/wp-json\/wp\/v2\/media?parent=131226"}],"wp:term":[{"taxonomy":"product_brand","embeddable":true,"href":"https:\/\/www.giambattistavalli.com\/fr\/wp-json\/wp\/v2\/product_brand?post=131226"},{"taxonomy":"product_cat","embeddable":true,"href":"https:\/\/www.giambattistavalli.com\/fr\/wp-json\/wp\/v2\/product_cat?post=131226"},{"taxonomy":"product_tag","embeddable":true,"href":"https:\/\/www.giambattistavalli.com\/fr\/wp-json\/wp\/v2\/product_tag?post=131226"}],"curies":[{"name":"wp","href":"https:\/\/api.w.org\/{rel}","templated":true}]}}