{"id":131184,"date":"2025-08-25T11:41:04","date_gmt":"2025-08-25T09:41:04","guid":{"rendered":"https:\/\/www.giambattistavalli.com\/?post_type=product&#038;p=131184"},"modified":"2025-08-25T11:41:05","modified_gmt":"2025-08-25T09:41:05","slug":"robe-longuette-anemones-en-soie-avec-traine","status":"publish","type":"product","link":"https:\/\/www.giambattistavalli.com\/fr\/eshop\/robes_fr\/midi_robes_fr\/robe-longuette-anemones-en-soie-avec-traine\/","title":{"rendered":"Robe longuette Anemones en soie avec traine"},"content":{"rendered":"<p>Cette robe longuette en georgette de soie pr\u00e9sente l&rsquo;imprim\u00e9 Anemones. La robe dispose de manches longues et d&rsquo;une fente \u00e0 l&rsquo;avant pour un effet asym\u00e9trique. <\/p>\n<p><strong>Taille &amp; coupe :<\/strong><br \/>\n&#8211; Longueur 115 cm (45,2 pouces) depuis la taille<br \/>\n&#8211; Le mod\u00e8le mesure 177 cm (70 pouces) et porte une taille italienne 40<\/p>\n<p><strong>D\u00e9tails :<\/strong><br \/>\n&#8211; Fermeture \u00e9clair invisible dans le dos<br \/>\n&#8211; Fermeture \u00e9clair \u00e0 la fin de chaque manches<br \/>\n&#8211; Doublure (pas dans les manches)<br \/>\n&#8211; 100% soie<br \/>\n&#8211; Nettoyage \u00e0 sec uniquement<br \/>\n&#8211; Cette pi\u00e8ce est confectionn\u00e9e en Italie<\/p>\n","protected":false},"excerpt":{"rendered":"<p>Cette robe longuette en georgette de soie pr\u00e9sente l&rsquo;imprim\u00e9 Anemones. La robe dispose de manches longues et d&rsquo;une fente \u00e0 l&rsquo;avant pour un effet asym\u00e9trique. Taille &amp; coupe : &#8211; Longueur 115 cm (45,2 pouces) depuis la taille &#8211; Le mod\u00e8le mesure 177 cm (70 pouces) et porte une taille italienne 40 D\u00e9tails : &#8211; [&hellip;]<\/p>\n","protected":false},"featured_media":132417,"template":"","meta":{"_acf_changed":false,"footnotes":""},"product_brand":[],"product_cat":[842,845,873,675,711,607,759,274,315],"product_tag":[],"class_list":{"0":"post-131184","1":"product","2":"type-product","3":"status-publish","4":"has-post-thumbnail","6":"product_cat-robes_fr","7":"product_cat-midi_robes_fr","8":"product_cat-non-classe-fr","9":"product_cat-automne_hiver_fr","10":"product_cat-robes_automne_hiver_fr","11":"product_cat-vente_privee_fr","12":"product_cat-robes_ventes_privees_fr","13":"product_cat-pretaporter_fr","14":"product_cat-pretaporter_robes_fr","15":"pa_tailles-it38_it34_rtw_fr","16":"pa_tailles-it40_it36_rtw_fr","17":"pa_tailles-it42_it38_rtw_fr","18":"pa_tailles-it44_it40_rtw_fr","19":"pa_tailles-it44_it42_rtw_fr","20":"pa_tailles-it48-fr-2","22":"first","23":"outofstock","24":"sale","25":"taxable","26":"shipping-taxable","27":"purchasable","28":"product-type-variable","29":"has-default-attributes","30":"wvs-archive-product-wrapper"},"acf":[],"_links":{"self":[{"href":"https:\/\/www.giambattistavalli.com\/fr\/wp-json\/wp\/v2\/product\/131184","targetHints":{"allow":["GET"]}}],"collection":[{"href":"https:\/\/www.giambattistavalli.com\/fr\/wp-json\/wp\/v2\/product"}],"about":[{"href":"https:\/\/www.giambattistavalli.com\/fr\/wp-json\/wp\/v2\/types\/product"}],"version-history":[{"count":1,"href":"https:\/\/www.giambattistavalli.com\/fr\/wp-json\/wp\/v2\/product\/131184\/revisions"}],"predecessor-version":[{"id":131185,"href":"https:\/\/www.giambattistavalli.com\/fr\/wp-json\/wp\/v2\/product\/131184\/revisions\/131185"}],"wp:featuredmedia":[{"embeddable":true,"href":"https:\/\/www.giambattistavalli.com\/fr\/wp-json\/wp\/v2\/media\/132417"}],"wp:attachment":[{"href":"https:\/\/www.giambattistavalli.com\/fr\/wp-json\/wp\/v2\/media?parent=131184"}],"wp:term":[{"taxonomy":"product_brand","embeddable":true,"href":"https:\/\/www.giambattistavalli.com\/fr\/wp-json\/wp\/v2\/product_brand?post=131184"},{"taxonomy":"product_cat","embeddable":true,"href":"https:\/\/www.giambattistavalli.com\/fr\/wp-json\/wp\/v2\/product_cat?post=131184"},{"taxonomy":"product_tag","embeddable":true,"href":"https:\/\/www.giambattistavalli.com\/fr\/wp-json\/wp\/v2\/product_tag?post=131184"}],"curies":[{"name":"wp","href":"https:\/\/api.w.org\/{rel}","templated":true}]}}