{"id":131156,"date":"2025-08-25T11:41:02","date_gmt":"2025-08-25T09:41:02","guid":{"rendered":"https:\/\/www.giambattistavalli.com\/?post_type=product&#038;p=131156"},"modified":"2025-08-25T11:41:03","modified_gmt":"2025-08-25T09:41:03","slug":"robe-longue-et-cape-rose-antique","status":"publish","type":"product","link":"https:\/\/www.giambattistavalli.com\/fr\/eshop\/robes_fr\/longues_robes_fr\/robe-longue-et-cape-rose-antique\/","title":{"rendered":"Robe longue et cape rose antique"},"content":{"rendered":"<p>Cette robe longue en viscose rose dispose d&rsquo;un col en V et de bretelles. La robe se noue \u00e0 la taille \u00e0 l&rsquo;aide d&rsquo;un lien, cr\u00e9ant un drap\u00e9. Vous pouvez la porter seule, ou avec la cape du m\u00eame tissu et teinte. Cette cape longue en viscose  rose dispose d&rsquo;un lacet de fermeture sur le devant.<\/p>\n<p><strong>Taille &amp; coupe :<\/strong><br \/>\n&#8211; Longueur 120 cm (47,2 pouces) depuis la taille<br \/>\n&#8211; Le mod\u00e8le mesure 177 cm (70 pouces) et porte une taille italienne 40<\/p>\n<p><strong>D\u00e9tails :<\/strong><br \/>\n&#8211; Fermeture \u00e9clair dissimul\u00e9e dans le dos<br \/>\n&#8211; Bretelles non amovibles<br \/>\n&#8211; 100% viscose<br \/>\n&#8211; Nettoyage \u00e0 sec uniquement<br \/>\n&#8211; Cette pi\u00e8ce est confectionn\u00e9e en Italie<\/p>\n","protected":false},"excerpt":{"rendered":"<p>Cette robe longue en viscose rose dispose d&rsquo;un col en V et de bretelles. La robe se noue \u00e0 la taille \u00e0 l&rsquo;aide d&rsquo;un lien, cr\u00e9ant un drap\u00e9. Vous pouvez la porter seule, ou avec la cape du m\u00eame tissu et teinte. Cette cape longue en viscose rose dispose d&rsquo;un lacet de fermeture sur le [&hellip;]<\/p>\n","protected":false},"featured_media":133268,"template":"","meta":{"_acf_changed":false,"footnotes":""},"product_brand":[],"product_cat":[842,844,873,675,711,607,759,274,315],"product_tag":[],"class_list":{"0":"post-131156","1":"product","2":"type-product","3":"status-publish","4":"has-post-thumbnail","6":"product_cat-robes_fr","7":"product_cat-longues_robes_fr","8":"product_cat-non-classe-fr","9":"product_cat-automne_hiver_fr","10":"product_cat-robes_automne_hiver_fr","11":"product_cat-vente_privee_fr","12":"product_cat-robes_ventes_privees_fr","13":"product_cat-pretaporter_fr","14":"product_cat-pretaporter_robes_fr","15":"pa_tailles-it38_it34_rtw_fr","16":"pa_tailles-it40_it36_rtw_fr","17":"pa_tailles-it42_it38_rtw_fr","18":"pa_tailles-it44_it40_rtw_fr","19":"pa_tailles-it44_it42_rtw_fr","20":"pa_tailles-it48-fr-2","22":"first","23":"outofstock","24":"sale","25":"taxable","26":"shipping-taxable","27":"purchasable","28":"product-type-variable","29":"has-default-attributes","30":"wvs-archive-product-wrapper"},"acf":[],"_links":{"self":[{"href":"https:\/\/www.giambattistavalli.com\/fr\/wp-json\/wp\/v2\/product\/131156","targetHints":{"allow":["GET"]}}],"collection":[{"href":"https:\/\/www.giambattistavalli.com\/fr\/wp-json\/wp\/v2\/product"}],"about":[{"href":"https:\/\/www.giambattistavalli.com\/fr\/wp-json\/wp\/v2\/types\/product"}],"version-history":[{"count":1,"href":"https:\/\/www.giambattistavalli.com\/fr\/wp-json\/wp\/v2\/product\/131156\/revisions"}],"predecessor-version":[{"id":131157,"href":"https:\/\/www.giambattistavalli.com\/fr\/wp-json\/wp\/v2\/product\/131156\/revisions\/131157"}],"wp:featuredmedia":[{"embeddable":true,"href":"https:\/\/www.giambattistavalli.com\/fr\/wp-json\/wp\/v2\/media\/133268"}],"wp:attachment":[{"href":"https:\/\/www.giambattistavalli.com\/fr\/wp-json\/wp\/v2\/media?parent=131156"}],"wp:term":[{"taxonomy":"product_brand","embeddable":true,"href":"https:\/\/www.giambattistavalli.com\/fr\/wp-json\/wp\/v2\/product_brand?post=131156"},{"taxonomy":"product_cat","embeddable":true,"href":"https:\/\/www.giambattistavalli.com\/fr\/wp-json\/wp\/v2\/product_cat?post=131156"},{"taxonomy":"product_tag","embeddable":true,"href":"https:\/\/www.giambattistavalli.com\/fr\/wp-json\/wp\/v2\/product_tag?post=131156"}],"curies":[{"name":"wp","href":"https:\/\/api.w.org\/{rel}","templated":true}]}}