{"id":131030,"date":"2025-08-25T11:40:54","date_gmt":"2025-08-25T09:40:54","guid":{"rendered":"https:\/\/www.giambattistavalli.com\/?post_type=product&#038;p=131030"},"modified":"2025-08-25T11:40:54","modified_gmt":"2025-08-25T09:40:54","slug":"gilet-long-ivoire-et-dore-ikat","status":"publish","type":"product","link":"https:\/\/www.giambattistavalli.com\/fr\/eshop\/automne_hiver_fr\/manteaux_vestes_automne_hiver_fr\/gilet-long-ivoire-et-dore-ikat\/","title":{"rendered":"Gilet long ivoire et dor\u00e9 Ikat"},"content":{"rendered":"<p>Ce gilet long ivoire et dor\u00e9 en mohair et laine pr\u00e9sente l&rsquo;imprim\u00e9 Ikat. Il dispose de manches longues et d&rsquo;une coupe mi-longue.<\/p>\n<p><strong>Taille &amp; coupe :<\/strong><br \/>\n&#8211; Le mod\u00e8le mesure 177 cm (70 pouces) et porte une taille italienne 40<\/p>\n<p><strong>D\u00e9tails :<\/strong><br \/>\n&#8211; 35% mohair, 25% viscose, 22% polyamide, 12% laine, 6% metal<br \/>\n&#8211; Nettoyage \u00e0 sec uniquement<br \/>\n&#8211; Cette pi\u00e8ce est confectionn\u00e9e en Italie<\/p>\n","protected":false},"excerpt":{"rendered":"<p>Ce gilet long ivoire et dor\u00e9 en mohair et laine pr\u00e9sente l&rsquo;imprim\u00e9 Ikat. Il dispose de manches longues et d&rsquo;une coupe mi-longue. Taille &amp; coupe : &#8211; Le mod\u00e8le mesure 177 cm (70 pouces) et porte une taille italienne 40 D\u00e9tails : &#8211; 35% mohair, 25% viscose, 22% polyamide, 12% laine, 6% metal &#8211; Nettoyage [&hellip;]<\/p>\n","protected":false},"featured_media":132345,"template":"","meta":{"_acf_changed":false,"footnotes":""},"product_brand":[],"product_cat":[873,675,713,607,756,274,275],"product_tag":[],"class_list":{"0":"post-131030","1":"product","2":"type-product","3":"status-publish","4":"has-post-thumbnail","6":"product_cat-non-classe-fr","7":"product_cat-automne_hiver_fr","8":"product_cat-manteaux_vestes_automne_hiver_fr","9":"product_cat-vente_privee_fr","10":"product_cat-manteaux_vestes_ventes_privees_fr","11":"product_cat-pretaporter_fr","12":"product_cat-pretaporter_manteaux-vestes_fr","13":"pa_tailles-it38_it34_rtw_fr","14":"pa_tailles-it40_it36_rtw_fr","15":"pa_tailles-it42_it38_rtw_fr","16":"pa_tailles-it44_it40_rtw_fr","17":"pa_tailles-it44_it42_rtw_fr","18":"pa_tailles-it48-fr-2","20":"first","21":"outofstock","22":"sale","23":"taxable","24":"shipping-taxable","25":"purchasable","26":"product-type-variable","27":"has-default-attributes","28":"wvs-archive-product-wrapper"},"acf":[],"_links":{"self":[{"href":"https:\/\/www.giambattistavalli.com\/fr\/wp-json\/wp\/v2\/product\/131030","targetHints":{"allow":["GET"]}}],"collection":[{"href":"https:\/\/www.giambattistavalli.com\/fr\/wp-json\/wp\/v2\/product"}],"about":[{"href":"https:\/\/www.giambattistavalli.com\/fr\/wp-json\/wp\/v2\/types\/product"}],"version-history":[{"count":1,"href":"https:\/\/www.giambattistavalli.com\/fr\/wp-json\/wp\/v2\/product\/131030\/revisions"}],"predecessor-version":[{"id":131031,"href":"https:\/\/www.giambattistavalli.com\/fr\/wp-json\/wp\/v2\/product\/131030\/revisions\/131031"}],"wp:featuredmedia":[{"embeddable":true,"href":"https:\/\/www.giambattistavalli.com\/fr\/wp-json\/wp\/v2\/media\/132345"}],"wp:attachment":[{"href":"https:\/\/www.giambattistavalli.com\/fr\/wp-json\/wp\/v2\/media?parent=131030"}],"wp:term":[{"taxonomy":"product_brand","embeddable":true,"href":"https:\/\/www.giambattistavalli.com\/fr\/wp-json\/wp\/v2\/product_brand?post=131030"},{"taxonomy":"product_cat","embeddable":true,"href":"https:\/\/www.giambattistavalli.com\/fr\/wp-json\/wp\/v2\/product_cat?post=131030"},{"taxonomy":"product_tag","embeddable":true,"href":"https:\/\/www.giambattistavalli.com\/fr\/wp-json\/wp\/v2\/product_tag?post=131030"}],"curies":[{"name":"wp","href":"https:\/\/api.w.org\/{rel}","templated":true}]}}