{"id":130820,"date":"2025-08-25T11:39:47","date_gmt":"2025-08-25T09:39:47","guid":{"rendered":"https:\/\/www.giambattistavalli.com\/?post_type=product&#038;p=130820"},"modified":"2025-08-25T11:39:47","modified_gmt":"2025-08-25T09:39:47","slug":"manteau-sans-manches-long-ikat-jacquard","status":"publish","type":"product","link":"https:\/\/www.giambattistavalli.com\/fr\/eshop\/automne_hiver_fr\/manteaux_vestes_automne_hiver_fr\/manteau-sans-manches-long-ikat-jacquard\/","title":{"rendered":"Manteau sans manches long Ikat Jacquard"},"content":{"rendered":"<p>Ce manteau sans manches long imprim\u00e9 Ikat Jacquard arbore tout du long une fausse fourrure blanche. Il dispose d&rsquo;un int\u00e9rieur enti\u00e8rement en fausse fourrure et de poches lat\u00e9rales.<\/p>\n<p><strong>Taille &amp; coupe :<\/strong><br \/>\n&#8211; Longueur 105 cm (41,3 pouces) depuis la taille<br \/>\n&#8211; Le mod\u00e8le mesure 177 cm (70 pouces) et porte une taille italienne 40<\/p>\n<p><strong>D\u00e9tails :<\/strong><br \/>\n&#8211; 83% polyester, 15% soie, 2% polyamide<br \/>\n&#8211; Nettoyage \u00e0 sec uniquement<br \/>\n&#8211; Cette pi\u00e8ce est confectionn\u00e9e en Italie<\/p>\n","protected":false},"excerpt":{"rendered":"<p>Ce manteau sans manches long imprim\u00e9 Ikat Jacquard arbore tout du long une fausse fourrure blanche. Il dispose d&rsquo;un int\u00e9rieur enti\u00e8rement en fausse fourrure et de poches lat\u00e9rales. Taille &amp; coupe : &#8211; Longueur 105 cm (41,3 pouces) depuis la taille &#8211; Le mod\u00e8le mesure 177 cm (70 pouces) et porte une taille italienne 40 [&hellip;]<\/p>\n","protected":false},"featured_media":132120,"template":"","meta":{"_acf_changed":false,"footnotes":""},"product_brand":[],"product_cat":[873,675,713,607,756,274,275],"product_tag":[],"class_list":{"0":"post-130820","1":"product","2":"type-product","3":"status-publish","4":"has-post-thumbnail","6":"product_cat-non-classe-fr","7":"product_cat-automne_hiver_fr","8":"product_cat-manteaux_vestes_automne_hiver_fr","9":"product_cat-vente_privee_fr","10":"product_cat-manteaux_vestes_ventes_privees_fr","11":"product_cat-pretaporter_fr","12":"product_cat-pretaporter_manteaux-vestes_fr","13":"pa_tailles-it38_it34_rtw_fr","14":"pa_tailles-it40_it36_rtw_fr","15":"pa_tailles-it42_it38_rtw_fr","16":"pa_tailles-it44_it40_rtw_fr","17":"pa_tailles-it44_it42_rtw_fr","18":"pa_tailles-it48-fr-2","20":"first","21":"outofstock","22":"sale","23":"taxable","24":"shipping-taxable","25":"purchasable","26":"product-type-variable","27":"has-default-attributes","28":"wvs-archive-product-wrapper"},"acf":[],"_links":{"self":[{"href":"https:\/\/www.giambattistavalli.com\/fr\/wp-json\/wp\/v2\/product\/130820","targetHints":{"allow":["GET"]}}],"collection":[{"href":"https:\/\/www.giambattistavalli.com\/fr\/wp-json\/wp\/v2\/product"}],"about":[{"href":"https:\/\/www.giambattistavalli.com\/fr\/wp-json\/wp\/v2\/types\/product"}],"version-history":[{"count":1,"href":"https:\/\/www.giambattistavalli.com\/fr\/wp-json\/wp\/v2\/product\/130820\/revisions"}],"predecessor-version":[{"id":130821,"href":"https:\/\/www.giambattistavalli.com\/fr\/wp-json\/wp\/v2\/product\/130820\/revisions\/130821"}],"wp:featuredmedia":[{"embeddable":true,"href":"https:\/\/www.giambattistavalli.com\/fr\/wp-json\/wp\/v2\/media\/132120"}],"wp:attachment":[{"href":"https:\/\/www.giambattistavalli.com\/fr\/wp-json\/wp\/v2\/media?parent=130820"}],"wp:term":[{"taxonomy":"product_brand","embeddable":true,"href":"https:\/\/www.giambattistavalli.com\/fr\/wp-json\/wp\/v2\/product_brand?post=130820"},{"taxonomy":"product_cat","embeddable":true,"href":"https:\/\/www.giambattistavalli.com\/fr\/wp-json\/wp\/v2\/product_cat?post=130820"},{"taxonomy":"product_tag","embeddable":true,"href":"https:\/\/www.giambattistavalli.com\/fr\/wp-json\/wp\/v2\/product_tag?post=130820"}],"curies":[{"name":"wp","href":"https:\/\/api.w.org\/{rel}","templated":true}]}}