{"id":130806,"date":"2025-08-25T11:39:46","date_gmt":"2025-08-25T09:39:46","guid":{"rendered":"https:\/\/www.giambattistavalli.com\/?post_type=product&#038;p=130806"},"modified":"2025-08-25T11:39:46","modified_gmt":"2025-08-25T09:39:46","slug":"robe-longue-noire-flower-screen","status":"publish","type":"product","link":"https:\/\/www.giambattistavalli.com\/fr\/eshop\/robes_fr\/longues_robes_fr\/robe-longue-noire-flower-screen\/","title":{"rendered":"Robe longue noire Flower Screen"},"content":{"rendered":"<p>Cette robe longue noire est enti\u00e8rement recouvert de sequins. Ils sont brod\u00e9s et pr\u00e9sentent l&rsquo;imprim\u00e9 Flower Screen.<\/p>\n<p><strong>Taille &amp; coupe :<\/strong><br \/>\n&#8211; Longueur 120 cm (47,2 pouces) depuis la taille<br \/>\n&#8211; Le mod\u00e8le mesure 177 cm (70 pouces) et porte une taille italienne 40<\/p>\n<p><strong>D\u00e9tails :<\/strong><br \/>\n&#8211; Fermeture \u00e9clair invisible dans le dos<br \/>\n&#8211; Fermeture \u00e9clair \u00e0 la fin de chaque manche<br \/>\n&#8211; Ceinture non amovible \u00e0 la taille<br \/>\n&#8211; 55% polyester, 45% viscose<br \/>\n&#8211; Nettoyage \u00e0 sec uniquement<br \/>\n&#8211; Cette pi\u00e8ce est confectionn\u00e9e en Italie<\/p>\n","protected":false},"excerpt":{"rendered":"<p>Cette robe longue noire est enti\u00e8rement recouvert de sequins. Ils sont brod\u00e9s et pr\u00e9sentent l&rsquo;imprim\u00e9 Flower Screen. Taille &amp; coupe : &#8211; Longueur 120 cm (47,2 pouces) depuis la taille &#8211; Le mod\u00e8le mesure 177 cm (70 pouces) et porte une taille italienne 40 D\u00e9tails : &#8211; Fermeture \u00e9clair invisible dans le dos &#8211; Fermeture [&hellip;]<\/p>\n","protected":false},"featured_media":131937,"template":"","meta":{"_acf_changed":false,"footnotes":""},"product_brand":[],"product_cat":[842,844,873,675,711,607,759,274,315],"product_tag":[],"class_list":{"0":"post-130806","1":"product","2":"type-product","3":"status-publish","4":"has-post-thumbnail","6":"product_cat-robes_fr","7":"product_cat-longues_robes_fr","8":"product_cat-non-classe-fr","9":"product_cat-automne_hiver_fr","10":"product_cat-robes_automne_hiver_fr","11":"product_cat-vente_privee_fr","12":"product_cat-robes_ventes_privees_fr","13":"product_cat-pretaporter_fr","14":"product_cat-pretaporter_robes_fr","15":"pa_tailles-it38_it34_rtw_fr","16":"pa_tailles-it40_it36_rtw_fr","17":"pa_tailles-it42_it38_rtw_fr","18":"pa_tailles-it44_it40_rtw_fr","19":"pa_tailles-it44_it42_rtw_fr","20":"pa_tailles-it48-fr-2","22":"first","23":"outofstock","24":"sale","25":"taxable","26":"shipping-taxable","27":"purchasable","28":"product-type-variable","29":"has-default-attributes","30":"wvs-archive-product-wrapper"},"acf":[],"_links":{"self":[{"href":"https:\/\/www.giambattistavalli.com\/fr\/wp-json\/wp\/v2\/product\/130806","targetHints":{"allow":["GET"]}}],"collection":[{"href":"https:\/\/www.giambattistavalli.com\/fr\/wp-json\/wp\/v2\/product"}],"about":[{"href":"https:\/\/www.giambattistavalli.com\/fr\/wp-json\/wp\/v2\/types\/product"}],"version-history":[{"count":1,"href":"https:\/\/www.giambattistavalli.com\/fr\/wp-json\/wp\/v2\/product\/130806\/revisions"}],"predecessor-version":[{"id":130807,"href":"https:\/\/www.giambattistavalli.com\/fr\/wp-json\/wp\/v2\/product\/130806\/revisions\/130807"}],"wp:featuredmedia":[{"embeddable":true,"href":"https:\/\/www.giambattistavalli.com\/fr\/wp-json\/wp\/v2\/media\/131937"}],"wp:attachment":[{"href":"https:\/\/www.giambattistavalli.com\/fr\/wp-json\/wp\/v2\/media?parent=130806"}],"wp:term":[{"taxonomy":"product_brand","embeddable":true,"href":"https:\/\/www.giambattistavalli.com\/fr\/wp-json\/wp\/v2\/product_brand?post=130806"},{"taxonomy":"product_cat","embeddable":true,"href":"https:\/\/www.giambattistavalli.com\/fr\/wp-json\/wp\/v2\/product_cat?post=130806"},{"taxonomy":"product_tag","embeddable":true,"href":"https:\/\/www.giambattistavalli.com\/fr\/wp-json\/wp\/v2\/product_tag?post=130806"}],"curies":[{"name":"wp","href":"https:\/\/api.w.org\/{rel}","templated":true}]}}