{"id":130778,"date":"2025-08-25T11:39:44","date_gmt":"2025-08-25T09:39:44","guid":{"rendered":"https:\/\/www.giambattistavalli.com\/?post_type=product&#038;p=130778"},"modified":"2025-11-17T14:03:12","modified_gmt":"2025-11-17T13:03:12","slug":"robe-longuette-ivoire-macrame-en-laine","status":"publish","type":"product","link":"https:\/\/www.giambattistavalli.com\/fr\/eshop\/robes_fr\/midi_robes_fr\/robe-longuette-ivoire-macrame-en-laine\/","title":{"rendered":"Robe longuette ivoire macram\u00e9 en laine"},"content":{"rendered":"<p>Cette robe longuette est enti\u00e8rement recouverte de macram\u00e9, pour un aspect l\u00e9ger et chic.<\/p>\n<p><strong>Taille &amp; coupe :<\/strong><br \/>\n&#8211; Longueur 110 cm (43,3 pouces) depuis la taille<br \/>\n&#8211; Le mod\u00e8le mesure 177 cm (70 pouces) et porte une taille italienne 40<\/p>\n<p><strong>D\u00e9tails :<\/strong><br \/>\n&#8211; Doublure<br \/>\n&#8211; Fermeture \u00e9clair lat\u00e9rale<br \/>\n&#8211; 3 boutons pression sur l&rsquo;\u00e9paule gauche<br \/>\n&#8211; 43% laine, 43% acrylique, 14% polyester<br \/>\n&#8211; Nettoyage \u00e0 sec uniquement<br \/>\n&#8211; Cette pi\u00e8ce est confectionn\u00e9e en Italie<\/p>\n","protected":false},"excerpt":{"rendered":"<p>Cette robe longuette est enti\u00e8rement recouverte de macram\u00e9, pour un aspect l\u00e9ger et chic. Taille &amp; coupe : &#8211; Longueur 110 cm (43,3 pouces) depuis la taille &#8211; Le mod\u00e8le mesure 177 cm (70 pouces) et porte une taille italienne 40 D\u00e9tails : &#8211; Doublure &#8211; Fermeture \u00e9clair lat\u00e9rale &#8211; 3 boutons pression sur l&rsquo;\u00e9paule [&hellip;]<\/p>\n","protected":false},"featured_media":132084,"template":"","meta":{"_acf_changed":false,"footnotes":""},"product_brand":[],"product_cat":[842,845,873,675,711,607,759,274,315],"product_tag":[],"class_list":{"0":"post-130778","1":"product","2":"type-product","3":"status-publish","4":"has-post-thumbnail","6":"product_cat-robes_fr","7":"product_cat-midi_robes_fr","8":"product_cat-non-classe-fr","9":"product_cat-automne_hiver_fr","10":"product_cat-robes_automne_hiver_fr","11":"product_cat-vente_privee_fr","12":"product_cat-robes_ventes_privees_fr","13":"product_cat-pretaporter_fr","14":"product_cat-pretaporter_robes_fr","15":"pa_tailles-it38_it34_rtw_fr","16":"pa_tailles-it40_it36_rtw_fr","17":"pa_tailles-it42_it38_rtw_fr","18":"pa_tailles-it44_it40_rtw_fr","19":"pa_tailles-it44_it42_rtw_fr","20":"pa_tailles-it48-fr-2","22":"first","23":"outofstock","24":"sale","25":"taxable","26":"shipping-taxable","27":"purchasable","28":"product-type-variable","29":"has-default-attributes","30":"wvs-archive-product-wrapper"},"acf":[],"_links":{"self":[{"href":"https:\/\/www.giambattistavalli.com\/fr\/wp-json\/wp\/v2\/product\/130778","targetHints":{"allow":["GET"]}}],"collection":[{"href":"https:\/\/www.giambattistavalli.com\/fr\/wp-json\/wp\/v2\/product"}],"about":[{"href":"https:\/\/www.giambattistavalli.com\/fr\/wp-json\/wp\/v2\/types\/product"}],"version-history":[{"count":2,"href":"https:\/\/www.giambattistavalli.com\/fr\/wp-json\/wp\/v2\/product\/130778\/revisions"}],"predecessor-version":[{"id":132937,"href":"https:\/\/www.giambattistavalli.com\/fr\/wp-json\/wp\/v2\/product\/130778\/revisions\/132937"}],"wp:featuredmedia":[{"embeddable":true,"href":"https:\/\/www.giambattistavalli.com\/fr\/wp-json\/wp\/v2\/media\/132084"}],"wp:attachment":[{"href":"https:\/\/www.giambattistavalli.com\/fr\/wp-json\/wp\/v2\/media?parent=130778"}],"wp:term":[{"taxonomy":"product_brand","embeddable":true,"href":"https:\/\/www.giambattistavalli.com\/fr\/wp-json\/wp\/v2\/product_brand?post=130778"},{"taxonomy":"product_cat","embeddable":true,"href":"https:\/\/www.giambattistavalli.com\/fr\/wp-json\/wp\/v2\/product_cat?post=130778"},{"taxonomy":"product_tag","embeddable":true,"href":"https:\/\/www.giambattistavalli.com\/fr\/wp-json\/wp\/v2\/product_tag?post=130778"}],"curies":[{"name":"wp","href":"https:\/\/api.w.org\/{rel}","templated":true}]}}