{"id":130708,"date":"2025-08-25T11:39:40","date_gmt":"2025-08-25T09:39:40","guid":{"rendered":"https:\/\/www.giambattistavalli.com\/?post_type=product&#038;p=130708"},"modified":"2025-08-25T11:39:41","modified_gmt":"2025-08-25T09:39:41","slug":"pantalon-flare-en-jersey-beige","status":"publish","type":"product","link":"https:\/\/www.giambattistavalli.com\/fr\/eshop\/automne_hiver_fr\/jupes_pantalons_automne_hiver_fr\/pantalon-flare-en-jersey-beige\/","title":{"rendered":"Pantalon flare en jersey beige"},"content":{"rendered":"<p>Ce pantalon en polyester beige dispose de poches lat\u00e9rales et d&rsquo;une coupe flare.<\/p>\n<p><strong>Taille &amp; coupe :<\/strong><br \/>\n&#8211; Longueur 115 cm (45,3 pouces) depuis la taille<br \/>\n&#8211; Le mod\u00e8le mesure 177 cm (70 pouces) et porte une taille italienne 40<\/p>\n<p><strong>D\u00e9tails :<\/strong><br \/>\n&#8211; Fermeture \u00e9clair lat\u00e9rale \u00e0 gauche<br \/>\n&#8211; 2 poches lat\u00e9rales<br \/>\n&#8211; 79% polyester, 18% viscose, 3% \u00e9lasthanne<br \/>\n&#8211; Nettoyage \u00e0 sec uniquement<br \/>\n&#8211; Cette pi\u00e8ce est confectionn\u00e9e en Italie<\/p>\n","protected":false},"excerpt":{"rendered":"<p>Ce pantalon en polyester beige dispose de poches lat\u00e9rales et d&rsquo;une coupe flare. Taille &amp; coupe : &#8211; Longueur 115 cm (45,3 pouces) depuis la taille &#8211; Le mod\u00e8le mesure 177 cm (70 pouces) et porte une taille italienne 40 D\u00e9tails : &#8211; Fermeture \u00e9clair lat\u00e9rale \u00e0 gauche &#8211; 2 poches lat\u00e9rales &#8211; 79% polyester, [&hellip;]<\/p>\n","protected":false},"featured_media":132006,"template":"","meta":{"_acf_changed":false,"footnotes":""},"product_brand":[],"product_cat":[873,675,712,607,757,274,316],"product_tag":[],"class_list":{"0":"post-130708","1":"product","2":"type-product","3":"status-publish","4":"has-post-thumbnail","6":"product_cat-non-classe-fr","7":"product_cat-automne_hiver_fr","8":"product_cat-jupes_pantalons_automne_hiver_fr","9":"product_cat-vente_privee_fr","10":"product_cat-jupes_pantalons_ventes_privees_fr","11":"product_cat-pretaporter_fr","12":"product_cat-pretaporter_jupes_pantalons_fr","13":"pa_tailles-it38_it34_rtw_fr","14":"pa_tailles-it40_it36_rtw_fr","15":"pa_tailles-it42_it38_rtw_fr","16":"pa_tailles-it44_it40_rtw_fr","17":"pa_tailles-it44_it42_rtw_fr","18":"pa_tailles-it48-fr-2","20":"first","21":"instock","22":"sale","23":"taxable","24":"shipping-taxable","25":"purchasable","26":"product-type-variable","27":"has-default-attributes","28":"wvs-archive-product-wrapper"},"acf":[],"_links":{"self":[{"href":"https:\/\/www.giambattistavalli.com\/fr\/wp-json\/wp\/v2\/product\/130708","targetHints":{"allow":["GET"]}}],"collection":[{"href":"https:\/\/www.giambattistavalli.com\/fr\/wp-json\/wp\/v2\/product"}],"about":[{"href":"https:\/\/www.giambattistavalli.com\/fr\/wp-json\/wp\/v2\/types\/product"}],"version-history":[{"count":1,"href":"https:\/\/www.giambattistavalli.com\/fr\/wp-json\/wp\/v2\/product\/130708\/revisions"}],"predecessor-version":[{"id":130709,"href":"https:\/\/www.giambattistavalli.com\/fr\/wp-json\/wp\/v2\/product\/130708\/revisions\/130709"}],"wp:featuredmedia":[{"embeddable":true,"href":"https:\/\/www.giambattistavalli.com\/fr\/wp-json\/wp\/v2\/media\/132006"}],"wp:attachment":[{"href":"https:\/\/www.giambattistavalli.com\/fr\/wp-json\/wp\/v2\/media?parent=130708"}],"wp:term":[{"taxonomy":"product_brand","embeddable":true,"href":"https:\/\/www.giambattistavalli.com\/fr\/wp-json\/wp\/v2\/product_brand?post=130708"},{"taxonomy":"product_cat","embeddable":true,"href":"https:\/\/www.giambattistavalli.com\/fr\/wp-json\/wp\/v2\/product_cat?post=130708"},{"taxonomy":"product_tag","embeddable":true,"href":"https:\/\/www.giambattistavalli.com\/fr\/wp-json\/wp\/v2\/product_tag?post=130708"}],"curies":[{"name":"wp","href":"https:\/\/api.w.org\/{rel}","templated":true}]}}