{"id":127246,"date":"2025-10-20T17:07:47","date_gmt":"2025-10-20T15:07:47","guid":{"rendered":"https:\/\/www.giambattistavalli.com\/?post_type=product&#038;p=127246"},"modified":"2025-10-20T17:07:47","modified_gmt":"2025-10-20T15:07:47","slug":"pull-gris-en-laine-et-macrame-noir","status":"publish","type":"product","link":"https:\/\/www.giambattistavalli.com\/fr\/eshop\/automne_fr\/tops_automne_fr\/pull-gris-en-laine-et-macrame-noir\/","title":{"rendered":"Pull gris en laine et macram\u00e9 noir"},"content":{"rendered":"<p>Ce pull gris en laine dispose de d\u00e9tails fleuris en macram\u00e9 noir.<\/p>\n<p><strong>Taille &amp; coupe :<\/strong><br \/>\n&#8211; Le mod\u00e8le mesure 178 cm (70 pouces) et porte une taille italienne 40<\/p>\n<p><strong>D\u00e9tails :<\/strong><br \/>\n&#8211; 57% laine 28% cachemire 15% polyamide<br \/>\n&#8211; Nettoyage \u00e0 sec uniquement<br \/>\n&#8211; Cette pi\u00e8ce est confectionn\u00e9e en Italie<\/p>\n","protected":false},"excerpt":{"rendered":"<p>Ce pull gris en laine dispose de d\u00e9tails fleuris en macram\u00e9 noir. Taille &amp; coupe : &#8211; Le mod\u00e8le mesure 178 cm (70 pouces) et porte une taille italienne 40 D\u00e9tails : &#8211; 57% laine 28% cachemire 15% polyamide &#8211; Nettoyage \u00e0 sec uniquement &#8211; Cette pi\u00e8ce est confectionn\u00e9e en Italie<\/p>\n","protected":false},"featured_media":133880,"template":"","meta":{"_acf_changed":false,"footnotes":""},"product_brand":[],"product_cat":[873,611,632,607,758,274,317],"product_tag":[],"class_list":{"0":"post-127246","1":"product","2":"type-product","3":"status-publish","4":"has-post-thumbnail","6":"product_cat-non-classe-fr","7":"product_cat-automne_fr","8":"product_cat-tops_automne_fr","9":"product_cat-vente_privee_fr","10":"product_cat-tops_ventes_privees_fr","11":"product_cat-pretaporter_fr","12":"product_cat-pretaporter_tops_fr","13":"pa_tailles-it38_it34_rtw_fr","14":"pa_tailles-it40_it36_rtw_fr","15":"pa_tailles-it42_it38_rtw_fr","16":"pa_tailles-it44_it40_rtw_fr","17":"pa_tailles-it44_it42_rtw_fr","18":"pa_tailles-it48-fr-2","20":"first","21":"outofstock","22":"sale","23":"taxable","24":"shipping-taxable","25":"purchasable","26":"product-type-variable","27":"has-default-attributes","28":"wvs-archive-product-wrapper"},"acf":[],"_links":{"self":[{"href":"https:\/\/www.giambattistavalli.com\/fr\/wp-json\/wp\/v2\/product\/127246","targetHints":{"allow":["GET"]}}],"collection":[{"href":"https:\/\/www.giambattistavalli.com\/fr\/wp-json\/wp\/v2\/product"}],"about":[{"href":"https:\/\/www.giambattistavalli.com\/fr\/wp-json\/wp\/v2\/types\/product"}],"version-history":[{"count":1,"href":"https:\/\/www.giambattistavalli.com\/fr\/wp-json\/wp\/v2\/product\/127246\/revisions"}],"predecessor-version":[{"id":127247,"href":"https:\/\/www.giambattistavalli.com\/fr\/wp-json\/wp\/v2\/product\/127246\/revisions\/127247"}],"wp:featuredmedia":[{"embeddable":true,"href":"https:\/\/www.giambattistavalli.com\/fr\/wp-json\/wp\/v2\/media\/133880"}],"wp:attachment":[{"href":"https:\/\/www.giambattistavalli.com\/fr\/wp-json\/wp\/v2\/media?parent=127246"}],"wp:term":[{"taxonomy":"product_brand","embeddable":true,"href":"https:\/\/www.giambattistavalli.com\/fr\/wp-json\/wp\/v2\/product_brand?post=127246"},{"taxonomy":"product_cat","embeddable":true,"href":"https:\/\/www.giambattistavalli.com\/fr\/wp-json\/wp\/v2\/product_cat?post=127246"},{"taxonomy":"product_tag","embeddable":true,"href":"https:\/\/www.giambattistavalli.com\/fr\/wp-json\/wp\/v2\/product_tag?post=127246"}],"curies":[{"name":"wp","href":"https:\/\/api.w.org\/{rel}","templated":true}]}}