{"id":127102,"date":"2025-06-16T16:51:31","date_gmt":"2025-06-16T14:51:31","guid":{"rendered":"https:\/\/www.giambattistavalli.com\/?post_type=product&#038;p=127102"},"modified":"2025-06-16T16:51:32","modified_gmt":"2025-06-16T14:51:32","slug":"robe-courte-ivoire-a-pois-noirs-et-volants-en-boucle","status":"publish","type":"product","link":"https:\/\/www.giambattistavalli.com\/fr\/eshop\/robes_fr\/mini_robes_fr\/robe-courte-ivoire-a-pois-noirs-et-volants-en-boucle\/","title":{"rendered":"Robe courte ivoire \u00e0 pois noirs et volants en boucl\u00e9"},"content":{"rendered":"<p>Cette robe courte ivoire \u00e0 pois noirs en boucl\u00e9 dispose d&rsquo;un col en V ainsi que de deux poches lat\u00e9rales.<\/p>\n<p><strong>Taille &amp; coupe :<\/strong><br \/>\n&#8211; Longueur 45 cm (17,7 pouces) depuis la taille<br \/>\n&#8211; Le mod\u00e8le mesure 178 cm (70 pouces) et porte une taille italienne 40<\/p>\n<p><strong>D\u00e9tails :<\/strong><br \/>\n&#8211; Fermeture \u00e9clair invisible dans le dos<br \/>\n&#8211; 63% coton 13% polyamide 11% polyester 8% polyur\u00e9thane 2% acrylique 2% autress fibres 1% laine- Nettoyage \u00e0 sec uniquement<br \/>\n&#8211; Cette pi\u00e8ce est confectionn\u00e9e en Italie<\/p>\n","protected":false},"excerpt":{"rendered":"<p>Cette robe courte ivoire \u00e0 pois noirs en boucl\u00e9 dispose d&rsquo;un col en V ainsi que de deux poches lat\u00e9rales. Taille &amp; coupe : &#8211; Longueur 45 cm (17,7 pouces) depuis la taille &#8211; Le mod\u00e8le mesure 178 cm (70 pouces) et porte une taille italienne 40 D\u00e9tails : &#8211; Fermeture \u00e9clair invisible dans le [&hellip;]<\/p>\n","protected":false},"featured_media":127942,"template":"","meta":{"_acf_changed":false,"footnotes":""},"product_brand":[],"product_cat":[842,846,873,611,630,607,759,274,315],"product_tag":[],"class_list":{"0":"post-127102","1":"product","2":"type-product","3":"status-publish","4":"has-post-thumbnail","6":"product_cat-robes_fr","7":"product_cat-mini_robes_fr","8":"product_cat-non-classe-fr","9":"product_cat-automne_fr","10":"product_cat-robes_automne_fr","11":"product_cat-vente_privee_fr","12":"product_cat-robes_ventes_privees_fr","13":"product_cat-pretaporter_fr","14":"product_cat-pretaporter_robes_fr","15":"pa_tailles-it38_it34_rtw_fr","16":"pa_tailles-it40_it36_rtw_fr","17":"pa_tailles-it42_it38_rtw_fr","18":"pa_tailles-it44_it40_rtw_fr","19":"pa_tailles-it44_it42_rtw_fr","20":"pa_tailles-it48-fr-2","22":"first","23":"outofstock","24":"sale","25":"taxable","26":"shipping-taxable","27":"purchasable","28":"product-type-variable","29":"has-default-attributes","30":"wvs-archive-product-wrapper"},"acf":[],"_links":{"self":[{"href":"https:\/\/www.giambattistavalli.com\/fr\/wp-json\/wp\/v2\/product\/127102","targetHints":{"allow":["GET"]}}],"collection":[{"href":"https:\/\/www.giambattistavalli.com\/fr\/wp-json\/wp\/v2\/product"}],"about":[{"href":"https:\/\/www.giambattistavalli.com\/fr\/wp-json\/wp\/v2\/types\/product"}],"version-history":[{"count":1,"href":"https:\/\/www.giambattistavalli.com\/fr\/wp-json\/wp\/v2\/product\/127102\/revisions"}],"predecessor-version":[{"id":127103,"href":"https:\/\/www.giambattistavalli.com\/fr\/wp-json\/wp\/v2\/product\/127102\/revisions\/127103"}],"wp:featuredmedia":[{"embeddable":true,"href":"https:\/\/www.giambattistavalli.com\/fr\/wp-json\/wp\/v2\/media\/127942"}],"wp:attachment":[{"href":"https:\/\/www.giambattistavalli.com\/fr\/wp-json\/wp\/v2\/media?parent=127102"}],"wp:term":[{"taxonomy":"product_brand","embeddable":true,"href":"https:\/\/www.giambattistavalli.com\/fr\/wp-json\/wp\/v2\/product_brand?post=127102"},{"taxonomy":"product_cat","embeddable":true,"href":"https:\/\/www.giambattistavalli.com\/fr\/wp-json\/wp\/v2\/product_cat?post=127102"},{"taxonomy":"product_tag","embeddable":true,"href":"https:\/\/www.giambattistavalli.com\/fr\/wp-json\/wp\/v2\/product_tag?post=127102"}],"curies":[{"name":"wp","href":"https:\/\/api.w.org\/{rel}","templated":true}]}}