{"id":127062,"date":"2025-06-16T16:51:25","date_gmt":"2025-06-16T14:51:25","guid":{"rendered":"https:\/\/www.giambattistavalli.com\/?post_type=product&#038;p=127062"},"modified":"2025-06-16T16:51:26","modified_gmt":"2025-06-16T14:51:26","slug":"jupe-courte-ivoire-a-pois-noirs-en-boucle","status":"publish","type":"product","link":"https:\/\/www.giambattistavalli.com\/fr\/eshop\/automne_fr\/jupes_pantalons_automne_fr\/jupe-courte-ivoire-a-pois-noirs-en-boucle\/","title":{"rendered":"Jupe courte ivoire \u00e0 pois noirs en boucl\u00e9"},"content":{"rendered":"<p>Cette jupe courte ivoire \u00e0  pois noirs en boucl\u00e9 pr\u00e9sente des finitions en dentelle. Elle dispose \u00e9galement de 2 fentes lat\u00e9rales.<\/p>\n<p><strong>Taille &amp; coupe :<\/strong><br \/>\n&#8211; Longueur 45 cm (17,7 pouces) depuis la taille<br \/>\n&#8211; Le mod\u00e8le mesure 178 cm (70 pouces) et porte une taille italienne 40<\/p>\n<p><strong>D\u00e9tails :<\/strong><br \/>\n&#8211; Fermeture \u00e9clair dissimul\u00e9e dans le dos<br \/>\n&#8211; 2 fentes lat\u00e9rales<br \/>\n&#8211; 63% coton 13% polyamide 11% polyester 8% polyur\u00e9thane 2% acrylique 2% autress fibres 1% laine<br \/>\n&#8211; Nettoyage \u00e0 sec uniquement<br \/>\n&#8211; Cette pi\u00e8ce est confectionn\u00e9e en Italie<\/p>\n","protected":false},"excerpt":{"rendered":"<p>Cette jupe courte ivoire \u00e0 pois noirs en boucl\u00e9 pr\u00e9sente des finitions en dentelle. Elle dispose \u00e9galement de 2 fentes lat\u00e9rales. Taille &amp; coupe : &#8211; Longueur 45 cm (17,7 pouces) depuis la taille &#8211; Le mod\u00e8le mesure 178 cm (70 pouces) et porte une taille italienne 40 D\u00e9tails : &#8211; Fermeture \u00e9clair dissimul\u00e9e dans [&hellip;]<\/p>\n","protected":false},"featured_media":127930,"template":"","meta":{"_acf_changed":false,"footnotes":""},"product_brand":[],"product_cat":[873,611,634,607,757,274,316],"product_tag":[],"class_list":{"0":"post-127062","1":"product","2":"type-product","3":"status-publish","4":"has-post-thumbnail","6":"product_cat-non-classe-fr","7":"product_cat-automne_fr","8":"product_cat-jupes_pantalons_automne_fr","9":"product_cat-vente_privee_fr","10":"product_cat-jupes_pantalons_ventes_privees_fr","11":"product_cat-pretaporter_fr","12":"product_cat-pretaporter_jupes_pantalons_fr","13":"pa_tailles-it38_it34_rtw_fr","14":"pa_tailles-it40_it36_rtw_fr","15":"pa_tailles-it42_it38_rtw_fr","16":"pa_tailles-it44_it40_rtw_fr","17":"pa_tailles-it44_it42_rtw_fr","18":"pa_tailles-it48-fr-2","20":"first","21":"outofstock","22":"sale","23":"taxable","24":"shipping-taxable","25":"purchasable","26":"product-type-variable","27":"has-default-attributes","28":"wvs-archive-product-wrapper"},"acf":[],"_links":{"self":[{"href":"https:\/\/www.giambattistavalli.com\/fr\/wp-json\/wp\/v2\/product\/127062","targetHints":{"allow":["GET"]}}],"collection":[{"href":"https:\/\/www.giambattistavalli.com\/fr\/wp-json\/wp\/v2\/product"}],"about":[{"href":"https:\/\/www.giambattistavalli.com\/fr\/wp-json\/wp\/v2\/types\/product"}],"version-history":[{"count":1,"href":"https:\/\/www.giambattistavalli.com\/fr\/wp-json\/wp\/v2\/product\/127062\/revisions"}],"predecessor-version":[{"id":127063,"href":"https:\/\/www.giambattistavalli.com\/fr\/wp-json\/wp\/v2\/product\/127062\/revisions\/127063"}],"wp:featuredmedia":[{"embeddable":true,"href":"https:\/\/www.giambattistavalli.com\/fr\/wp-json\/wp\/v2\/media\/127930"}],"wp:attachment":[{"href":"https:\/\/www.giambattistavalli.com\/fr\/wp-json\/wp\/v2\/media?parent=127062"}],"wp:term":[{"taxonomy":"product_brand","embeddable":true,"href":"https:\/\/www.giambattistavalli.com\/fr\/wp-json\/wp\/v2\/product_brand?post=127062"},{"taxonomy":"product_cat","embeddable":true,"href":"https:\/\/www.giambattistavalli.com\/fr\/wp-json\/wp\/v2\/product_cat?post=127062"},{"taxonomy":"product_tag","embeddable":true,"href":"https:\/\/www.giambattistavalli.com\/fr\/wp-json\/wp\/v2\/product_tag?post=127062"}],"curies":[{"name":"wp","href":"https:\/\/api.w.org\/{rel}","templated":true}]}}