{"id":127054,"date":"2025-06-16T16:51:24","date_gmt":"2025-06-16T14:51:24","guid":{"rendered":"https:\/\/www.giambattistavalli.com\/?post_type=product&#038;p=127054"},"modified":"2025-06-16T16:51:25","modified_gmt":"2025-06-16T14:51:25","slug":"blouse-longue-noire-en-popeline-macro-lilies","status":"publish","type":"product","link":"https:\/\/www.giambattistavalli.com\/fr\/eshop\/robes_fr\/mini_robes_fr\/blouse-longue-noire-en-popeline-macro-lilies\/","title":{"rendered":"Blouse longue noire en popeline macro lilies"},"content":{"rendered":"<p>Cette blouse longue noire en popeline pr\u00e9sente l&rsquo;imprim\u00e9 macro lilies. Elle est l\u00e9g\u00e8rement plus longue \u00e0 l&rsquo;arri\u00e8re qu&rsquo;\u00e0 l&rsquo;avant.<\/p>\n<p><strong>Taille &amp; coupe :<\/strong><br \/>\n&#8211; Le mod\u00e8le mesure 178 cm (70 pouces) et porte une taille italienne 40<\/p>\n<p><strong>D\u00e9tails :<\/strong><br \/>\n&#8211; Fermeture \u00e9clair dissimul\u00e9e dans le dos<br \/>\n&#8211; 100% coton<br \/>\n&#8211; Nettoyage \u00e0 sec uniquement<br \/>\n&#8211; Cette pi\u00e8ce est confectionn\u00e9e en Italie<\/p>\n","protected":false},"excerpt":{"rendered":"<p>Cette blouse longue noire en popeline pr\u00e9sente l&rsquo;imprim\u00e9 macro lilies. Elle est l\u00e9g\u00e8rement plus longue \u00e0 l&rsquo;arri\u00e8re qu&rsquo;\u00e0 l&rsquo;avant. Taille &amp; coupe : &#8211; Le mod\u00e8le mesure 178 cm (70 pouces) et porte une taille italienne 40 D\u00e9tails : &#8211; Fermeture \u00e9clair dissimul\u00e9e dans le dos &#8211; 100% coton &#8211; Nettoyage \u00e0 sec uniquement &#8211; [&hellip;]<\/p>\n","protected":false},"featured_media":127840,"template":"","meta":{"_acf_changed":false,"footnotes":""},"product_brand":[],"product_cat":[842,846,873,611,630,607,759,274,315],"product_tag":[],"class_list":{"0":"post-127054","1":"product","2":"type-product","3":"status-publish","4":"has-post-thumbnail","6":"product_cat-robes_fr","7":"product_cat-mini_robes_fr","8":"product_cat-non-classe-fr","9":"product_cat-automne_fr","10":"product_cat-robes_automne_fr","11":"product_cat-vente_privee_fr","12":"product_cat-robes_ventes_privees_fr","13":"product_cat-pretaporter_fr","14":"product_cat-pretaporter_robes_fr","15":"pa_tailles-it38_it34_rtw_fr","16":"pa_tailles-it40_it36_rtw_fr","17":"pa_tailles-it42_it38_rtw_fr","18":"pa_tailles-it44_it40_rtw_fr","19":"pa_tailles-it44_it42_rtw_fr","20":"pa_tailles-it48-fr-2","22":"first","23":"outofstock","24":"sale","25":"taxable","26":"shipping-taxable","27":"purchasable","28":"product-type-variable","29":"has-default-attributes","30":"wvs-archive-product-wrapper"},"acf":[],"_links":{"self":[{"href":"https:\/\/www.giambattistavalli.com\/fr\/wp-json\/wp\/v2\/product\/127054","targetHints":{"allow":["GET"]}}],"collection":[{"href":"https:\/\/www.giambattistavalli.com\/fr\/wp-json\/wp\/v2\/product"}],"about":[{"href":"https:\/\/www.giambattistavalli.com\/fr\/wp-json\/wp\/v2\/types\/product"}],"version-history":[{"count":1,"href":"https:\/\/www.giambattistavalli.com\/fr\/wp-json\/wp\/v2\/product\/127054\/revisions"}],"predecessor-version":[{"id":127055,"href":"https:\/\/www.giambattistavalli.com\/fr\/wp-json\/wp\/v2\/product\/127054\/revisions\/127055"}],"wp:featuredmedia":[{"embeddable":true,"href":"https:\/\/www.giambattistavalli.com\/fr\/wp-json\/wp\/v2\/media\/127840"}],"wp:attachment":[{"href":"https:\/\/www.giambattistavalli.com\/fr\/wp-json\/wp\/v2\/media?parent=127054"}],"wp:term":[{"taxonomy":"product_brand","embeddable":true,"href":"https:\/\/www.giambattistavalli.com\/fr\/wp-json\/wp\/v2\/product_brand?post=127054"},{"taxonomy":"product_cat","embeddable":true,"href":"https:\/\/www.giambattistavalli.com\/fr\/wp-json\/wp\/v2\/product_cat?post=127054"},{"taxonomy":"product_tag","embeddable":true,"href":"https:\/\/www.giambattistavalli.com\/fr\/wp-json\/wp\/v2\/product_tag?post=127054"}],"curies":[{"name":"wp","href":"https:\/\/api.w.org\/{rel}","templated":true}]}}