{"id":122977,"date":"2025-03-12T15:21:35","date_gmt":"2025-03-12T14:21:35","guid":{"rendered":"https:\/\/www.giambattistavalli.com\/?post_type=product&#038;p=122977"},"modified":"2025-03-27T15:34:44","modified_gmt":"2025-03-27T14:34:44","slug":"petit-panier-en-cuir-bordeaux-tresse","status":"publish","type":"product","link":"https:\/\/www.giambattistavalli.com\/fr\/eshop\/printemps_ete_fr\/accessoires_ete_fr\/petit-panier-en-cuir-bordeaux-tresse\/","title":{"rendered":"Petit panier en cuir bordeaux tress\u00e9"},"content":{"rendered":"<p>Ce petit panier en cuir bordeaux tress\u00e9 dispose d&rsquo;une pochette int\u00e9rieure en cuir amovible.<\/p>\n<p>Tous nos accessoires sont accompagn\u00e9s d\u2019un tote en tissu brand\u00e9 Giambattista Valli Paris.<\/p>\n<p><strong>D\u00e9tails :<\/strong><br \/>\n&#8211; 100% cuir d\u2019agneau<br \/>\n&#8211; 17 cm (6,7 pouces) x 16 cm (6,3 pouces) x 10 cm (3,9 pouces)<br \/>\n&#8211; Cette pi\u00e8ce est confectionn\u00e9e en Italie<\/p>\n","protected":false},"excerpt":{"rendered":"<p>Ce petit panier en cuir bordeaux tress\u00e9 dispose d&rsquo;une pochette int\u00e9rieure en cuir amovible. Tous nos accessoires sont accompagn\u00e9s d\u2019un tote en tissu brand\u00e9 Giambattista Valli Paris. D\u00e9tails : &#8211; 100% cuir d\u2019agneau &#8211; 17 cm (6,7 pouces) x 16 cm (6,3 pouces) x 10 cm (3,9 pouces) &#8211; Cette pi\u00e8ce est confectionn\u00e9e en Italie<\/p>\n","protected":false},"featured_media":124056,"template":"","meta":{"_acf_changed":false,"footnotes":""},"product_brand":[],"product_cat":[873,334,335,279,263],"product_tag":[],"class_list":{"0":"post-122977","1":"product","2":"type-product","3":"status-publish","4":"has-post-thumbnail","6":"product_cat-non-classe-fr","7":"product_cat-printemps_ete_fr","8":"product_cat-accessoires_ete_fr","9":"product_cat-accessoires_fr","10":"product_cat-accessoires_sacs_fr","12":"first","13":"outofstock","14":"taxable","15":"shipping-taxable","16":"purchasable","17":"product-type-simple"},"acf":[],"_links":{"self":[{"href":"https:\/\/www.giambattistavalli.com\/fr\/wp-json\/wp\/v2\/product\/122977","targetHints":{"allow":["GET"]}}],"collection":[{"href":"https:\/\/www.giambattistavalli.com\/fr\/wp-json\/wp\/v2\/product"}],"about":[{"href":"https:\/\/www.giambattistavalli.com\/fr\/wp-json\/wp\/v2\/types\/product"}],"version-history":[{"count":2,"href":"https:\/\/www.giambattistavalli.com\/fr\/wp-json\/wp\/v2\/product\/122977\/revisions"}],"predecessor-version":[{"id":124866,"href":"https:\/\/www.giambattistavalli.com\/fr\/wp-json\/wp\/v2\/product\/122977\/revisions\/124866"}],"wp:featuredmedia":[{"embeddable":true,"href":"https:\/\/www.giambattistavalli.com\/fr\/wp-json\/wp\/v2\/media\/124056"}],"wp:attachment":[{"href":"https:\/\/www.giambattistavalli.com\/fr\/wp-json\/wp\/v2\/media?parent=122977"}],"wp:term":[{"taxonomy":"product_brand","embeddable":true,"href":"https:\/\/www.giambattistavalli.com\/fr\/wp-json\/wp\/v2\/product_brand?post=122977"},{"taxonomy":"product_cat","embeddable":true,"href":"https:\/\/www.giambattistavalli.com\/fr\/wp-json\/wp\/v2\/product_cat?post=122977"},{"taxonomy":"product_tag","embeddable":true,"href":"https:\/\/www.giambattistavalli.com\/fr\/wp-json\/wp\/v2\/product_tag?post=122977"}],"curies":[{"name":"wp","href":"https:\/\/api.w.org\/{rel}","templated":true}]}}