{"id":111968,"date":"2026-01-07T15:47:26","date_gmt":"2026-01-07T14:47:26","guid":{"rendered":"https:\/\/www.giambattistavalli.com\/?post_type=product&#038;p=111968"},"modified":"2026-01-07T15:47:26","modified_gmt":"2026-01-07T14:47:26","slug":"sandales-a-plateforme-en-satin-ivoire","status":"publish","type":"product","link":"https:\/\/www.giambattistavalli.com\/fr\/eshop\/accessoires_fr\/accessoires_souliers_fr\/sandales-a-plateforme-en-satin-ivoire\/","title":{"rendered":"Sandales \u00e0 plateforme en satin ivoire"},"content":{"rendered":"<p>Sandales \u00e0 talons hauts et \u00e0 plateforme en satin ivoire.<\/p>\n<p><strong>Taille :<\/strong><br \/>\n&#8211; Hauteur du talon : 16 cm (6,3 pouces)<br \/>\n&#8211; Plateforme: 5 cm (2 pouces)<\/p>\n<p><strong>D\u00e9tails :<\/strong><br \/>\n&#8211; Fermeture avec bride ajustable<br \/>\n&#8211; Semelle 100% cuir de vache, tissu ext\u00e9rieur en satin 100% soie<br \/>\n&#8211; Cette pi\u00e8ce est confectionn\u00e9e en Italie<\/p>\n","protected":false},"excerpt":{"rendered":"<p>Sandales \u00e0 talons hauts et \u00e0 plateforme en satin ivoire. Taille : &#8211; Hauteur du talon : 16 cm (6,3 pouces) &#8211; Plateforme: 5 cm (2 pouces) D\u00e9tails : &#8211; Fermeture avec bride ajustable &#8211; Semelle 100% cuir de vache, tissu ext\u00e9rieur en satin 100% soie &#8211; Cette pi\u00e8ce est confectionn\u00e9e en Italie<\/p>\n","protected":false},"featured_media":114972,"template":"","meta":{"_acf_changed":false,"footnotes":""},"product_brand":[],"product_cat":[279,262],"product_tag":[],"class_list":{"0":"post-111968","1":"product","2":"type-product","3":"status-publish","4":"has-post-thumbnail","6":"product_cat-accessoires_fr","7":"product_cat-accessoires_souliers_fr","8":"pa_tailles-it36_fr36_shoes_fr","9":"pa_tailles-it37_fr37_shoes_fr","10":"pa_tailles-it38_fr38_shoes_fr","11":"pa_tailles-it39_fr39_shoes_fr","12":"pa_tailles-it40_fr40_shoes_fr","13":"pa_tailles-it41_fr41_shoes_fr","15":"first","16":"outofstock","17":"taxable","18":"shipping-taxable","19":"purchasable","20":"product-type-variable","21":"has-default-attributes","22":"wvs-archive-product-wrapper"},"acf":[],"_links":{"self":[{"href":"https:\/\/www.giambattistavalli.com\/fr\/wp-json\/wp\/v2\/product\/111968","targetHints":{"allow":["GET"]}}],"collection":[{"href":"https:\/\/www.giambattistavalli.com\/fr\/wp-json\/wp\/v2\/product"}],"about":[{"href":"https:\/\/www.giambattistavalli.com\/fr\/wp-json\/wp\/v2\/types\/product"}],"version-history":[{"count":1,"href":"https:\/\/www.giambattistavalli.com\/fr\/wp-json\/wp\/v2\/product\/111968\/revisions"}],"predecessor-version":[{"id":111969,"href":"https:\/\/www.giambattistavalli.com\/fr\/wp-json\/wp\/v2\/product\/111968\/revisions\/111969"}],"wp:featuredmedia":[{"embeddable":true,"href":"https:\/\/www.giambattistavalli.com\/fr\/wp-json\/wp\/v2\/media\/114972"}],"wp:attachment":[{"href":"https:\/\/www.giambattistavalli.com\/fr\/wp-json\/wp\/v2\/media?parent=111968"}],"wp:term":[{"taxonomy":"product_brand","embeddable":true,"href":"https:\/\/www.giambattistavalli.com\/fr\/wp-json\/wp\/v2\/product_brand?post=111968"},{"taxonomy":"product_cat","embeddable":true,"href":"https:\/\/www.giambattistavalli.com\/fr\/wp-json\/wp\/v2\/product_cat?post=111968"},{"taxonomy":"product_tag","embeddable":true,"href":"https:\/\/www.giambattistavalli.com\/fr\/wp-json\/wp\/v2\/product_tag?post=111968"}],"curies":[{"name":"wp","href":"https:\/\/api.w.org\/{rel}","templated":true}]}}