{"id":103052,"date":"2024-02-20T11:10:33","date_gmt":"2024-02-20T10:10:33","guid":{"rendered":"https:\/\/www.giambattistavalli.com\/?post_type=product&#038;p=103052"},"modified":"2025-02-25T17:43:25","modified_gmt":"2025-02-25T16:43:25","slug":"sac-clutch-en-metal-palladium","status":"publish","type":"product","link":"https:\/\/www.giambattistavalli.com\/fr\/eshop\/accessoires_fr\/accessoires_sacs_fr\/sac-clutch-en-metal-palladium\/","title":{"rendered":"Sac clutch Esopo en m\u00e9tal"},"content":{"rendered":"<p>Le clutch est une pochette embl\u00e9matique de la maison. Cette saison, il est d\u00e9clin\u00e9 en m\u00e9tal palladium, en forme de carapace de tortue. Tous nos accessoires sont accompagn\u00e9s d&rsquo;un tote en tissu brand\u00e9 Giambattista Valli Paris.<\/p>\n<p><strong>D\u00e9tails :<\/strong><br \/>\n&#8211; 100% m\u00e9tal en laiton<br \/>\n&#8211; 10 cm (3,9 pouces) x 12 cm (4,7 pouces) x 7 cm (2,75 pouces)<br \/>\n&#8211; Cha\u00eene en m\u00e9tal (113 cm) et courte lani\u00e8re en cuir<br \/>\n&#8211; Cette pi\u00e8ce est confectionn\u00e9e en Italie<\/p>\n","protected":false},"excerpt":{"rendered":"<p>Le clutch est une pochette embl\u00e9matique de la maison. Cette saison, il est d\u00e9clin\u00e9 en m\u00e9tal palladium, en forme de carapace de tortue. Tous nos accessoires sont accompagn\u00e9s d&rsquo;un tote en tissu brand\u00e9 Giambattista Valli Paris. D\u00e9tails : &#8211; 100% m\u00e9tal en laiton &#8211; 10 cm (3,9 pouces) x 12 cm (4,7 pouces) x 7 [&hellip;]<\/p>\n","protected":false},"featured_media":103670,"template":"","meta":{"_acf_changed":false,"footnotes":""},"product_brand":[],"product_cat":[279,263],"product_tag":[],"class_list":{"0":"post-103052","1":"product","2":"type-product","3":"status-publish","4":"has-post-thumbnail","6":"product_cat-accessoires_fr","7":"product_cat-accessoires_sacs_fr","9":"first","10":"outofstock","11":"taxable","12":"shipping-taxable","13":"purchasable","14":"product-type-simple"},"acf":[],"_links":{"self":[{"href":"https:\/\/www.giambattistavalli.com\/fr\/wp-json\/wp\/v2\/product\/103052","targetHints":{"allow":["GET"]}}],"collection":[{"href":"https:\/\/www.giambattistavalli.com\/fr\/wp-json\/wp\/v2\/product"}],"about":[{"href":"https:\/\/www.giambattistavalli.com\/fr\/wp-json\/wp\/v2\/types\/product"}],"version-history":[{"count":2,"href":"https:\/\/www.giambattistavalli.com\/fr\/wp-json\/wp\/v2\/product\/103052\/revisions"}],"predecessor-version":[{"id":121201,"href":"https:\/\/www.giambattistavalli.com\/fr\/wp-json\/wp\/v2\/product\/103052\/revisions\/121201"}],"wp:featuredmedia":[{"embeddable":true,"href":"https:\/\/www.giambattistavalli.com\/fr\/wp-json\/wp\/v2\/media\/103670"}],"wp:attachment":[{"href":"https:\/\/www.giambattistavalli.com\/fr\/wp-json\/wp\/v2\/media?parent=103052"}],"wp:term":[{"taxonomy":"product_brand","embeddable":true,"href":"https:\/\/www.giambattistavalli.com\/fr\/wp-json\/wp\/v2\/product_brand?post=103052"},{"taxonomy":"product_cat","embeddable":true,"href":"https:\/\/www.giambattistavalli.com\/fr\/wp-json\/wp\/v2\/product_cat?post=103052"},{"taxonomy":"product_tag","embeddable":true,"href":"https:\/\/www.giambattistavalli.com\/fr\/wp-json\/wp\/v2\/product_tag?post=103052"}],"curies":[{"name":"wp","href":"https:\/\/api.w.org\/{rel}","templated":true}]}}