{"id":35169,"date":"2020-12-14T21:38:48","date_gmt":"2020-12-14T20:38:48","guid":{"rendered":"https:\/\/www.giambattistavalli.com\/politique-de-protection-des-donnees-personnelles\/"},"modified":"2020-12-14T21:38:48","modified_gmt":"2020-12-14T20:38:48","slug":"politique-de-protection-des-donnees-personnelles","status":"publish","type":"page","link":"https:\/\/www.giambattistavalli.com\/fr\/politique-de-protection-des-donnees-personnelles\/","title":{"rendered":"Politique de protection des donn\u00e9es personnelles"},"content":{"rendered":"<p style=\"text-align: left\">GIAMBATISTA VALLI s\u2019engage \u00e0 respecter la confidentialit\u00e9 et la protection de vos donn\u00e9es \u00e0 caract\u00e8re personnel telles que d\u00e9finies par le R\u00e8glement UE 2016\/679 relatif \u00e0 la protection des Donn\u00e9es Personnelles (RGPD).<\/p>\n<p style=\"text-align: left\">La pr\u00e9sente politique de protection des donn\u00e9es personnelles d\u00e9crit de mani\u00e8re transparente la mani\u00e8re dont GIAMBATISTA VALLI traite, collecte, conserve, utilise et communique les donn\u00e9es \u00e0 caract\u00e8re personnel des internautes (Vous) qui consultent le site Internet de GIAMBATISTA VALLI et utilisent ses services.<\/p>\n<p style=\"text-align: left\">GIAMBATISTA VALLI veille \u00e0 ce que des mesures de s\u00e9curit\u00e9 appropri\u00e9es soient mises en place pour prot\u00e9ger vos donn\u00e9es \u00e0 caract\u00e8re personnel contre toute forme de traitements illicites.<\/p>\n<p style=\"text-align: left\">Pour toute information sur la protection des donn\u00e9es \u00e0 caract\u00e8re personnel, vous pouvez consulter le site de la CNIL (Commission Nationale de l&rsquo;Informatique et des Libert\u00e9s) <a href=\"https:\/\/www.cnil.fr\/\" target=\"_blank\" rel=\"noopener\">www.cnil.fr<\/a>.<\/p>\n<p style=\"text-align: left\">En utilisant le Site Internet de GIAMBATISTA VALLI vous acceptez la pr\u00e9sente politique de protection des donn\u00e9es personnelles.<\/p>\n<p>&nbsp;<\/p>\n<h4 style=\"text-align: left\">1\/ LE RESPONSABLE DU TRAITEMENT DES DONN\u00c9ES PERSONNELLES<\/h4>\n<p style=\"text-align: left\">Le responsable de traitement d\u00e9finit pour quel usage et selon quelles modalit\u00e9s vos donn\u00e9es \u00e0 caract\u00e8re personnel sont utilis\u00e9es.<\/p>\n<p style=\"text-align: left\">Le responsable du traitement des donn\u00e9es \u00e0 caract\u00e8re personnel transmises est :<br \/>\nGIAMBATTISTA VALLI SAS<br \/>\n30 rue Boissy d\u2019Anglas<br \/>\n75008 PARIS<\/p>\n<p style=\"text-align: left\">Pour toute information relative \u00e0 la pr\u00e9sente politique de protection des donn\u00e9es personnelles vous pouvez contacter le responsable de traitement.<\/p>\n<p>&nbsp;<\/p>\n<h4 style=\"text-align: left\">2\/ LES CAT\u00c9GORIES DE DONN\u00c9ES COLLECT\u00c9ES<\/h4>\n<p style=\"text-align: left\">GIAMBATISTA VALLI est susceptible de collecter les cat\u00e9gories de donn\u00e9es suivantes :<\/p>\n<ul>\n<li style=\"text-align: left\">Votre nom,<\/li>\n<li style=\"text-align: left\">Votre pr\u00e9nom,<\/li>\n<li style=\"text-align: left\">Votre adresse,<\/li>\n<li style=\"text-align: left\">Votre adresse email,<\/li>\n<li style=\"text-align: left\">Votre num\u00e9ro de t\u00e9l\u00e9phone,<\/li>\n<li style=\"text-align: left\">Votre identifiant et mot de passe,<\/li>\n<li style=\"text-align: left\">Votre adresse IP, vos donn\u00e9es de connexions et donn\u00e9es de navigation,<\/li>\n<li style=\"text-align: left\">Vos informations relatives aux achats et commandes (et notamment type de produits achet\u00e9s, quantit\u00e9 et prix, vos historiques de commandes, vos incidents de livraison, vos r\u00e9clamations),<\/li>\n<li style=\"text-align: left\">Les produits que vous avez consult\u00e9s, les pages que vous avez visit\u00e9es (notamment date de la visite) et cos actions r\u00e9alis\u00e9es sur le site (par exemple mise d\u2019un produit dans le panier),<\/li>\n<li style=\"text-align: left\">Vos informations que vous communiquez publiquement (par exemple lorsque vous donner votre avis sur GIAMBATISTA VALLI ou ses produits sur nos r\u00e9seaux sociaux),<\/li>\n<\/ul>\n<p style=\"text-align: left\">Les donn\u00e9es marqu\u00e9es par un ast\u00e9risque doivent obligatoirement \u00eatre fournies. Si vous ne souhaitez pas soumettre ces donn\u00e9es alors qu\u2019elles sont n\u00e9cessaires \u00e0 la transaction, vous ne pourrez pas recevoir le produit ou le service demand\u00e9.<\/p>\n<p style=\"text-align: left\">Certaines de ces donn\u00e9es sont collect\u00e9es directement aupr\u00e8s de vous du fait de vos actions sur le site (lorsque vous cr\u00e9ez un compte par exemple), d\u2019autres sont collect\u00e9es de mani\u00e8re passive (utilisation de cookies ou traceurs de navigateur) et d\u2019autres peuvent \u00eatre transmises par des tiers (par exemple informations publi\u00e9es sur des sites ou r\u00e9seaux sociaux de tiers concernant des produits ou des services de GIAMBATISTA VALLI).<\/p>\n<p>&nbsp;<\/p>\n<h4 style=\"text-align: left\"><strong>3\/ LE MOMENT O\u00d9 LES DONN\u00c9ES SONT COLLECT\u00c9ES<\/strong><\/h4>\n<p style=\"text-align: left\">GIAMBATISTA VALLI est susceptible de collecter des donn\u00e9es \u00e0 caract\u00e8re personnel lorsque :<\/p>\n<ul>\n<li style=\"text-align: left\">vous cr\u00e9ez votre compte client sur notre site ;<\/li>\n<li style=\"text-align: left\">vous r\u00e9aliser une commande ou effectuez un achat sur notre site ou en boutique ;<\/li>\n<li style=\"text-align: left\">vous naviguez sur notre site et consultez des produits ;<\/li>\n<li style=\"text-align: left\">vous laissez un avis sur notre site ;<\/li>\n<li style=\"text-align: left\">vous effectuez un retour ou un \u00e9change de produits ;<\/li>\n<li style=\"text-align: left\">vous contactez le service client ;<\/li>\n<li style=\"text-align: left\">vous donnez votre avis sur des produits ou des services de GIAMBATISTA VALLI sur nos r\u00e9seaux sociaux ou sur des sites ou r\u00e9seaux sociaux de tiers ;<\/li>\n<li style=\"text-align: left\">vous vous inscrivez sur notre site pour recevoir nos newsletters et nos communications commerciales ;<\/li>\n<li style=\"text-align: left\">vous sollicitez une d\u00e9taxe en boutique.<\/li>\n<\/ul>\n<p>&nbsp;<\/p>\n<h4 style=\"text-align: left\"><strong>4\/ LA FINALIT\u00c9 DE LA COLLECTE DES DONN\u00c9ES \u00c0 CARACT\u00c8RE PERSONNEL<\/strong><\/h4>\n<p style=\"text-align: left\">De mani\u00e8re g\u00e9n\u00e9rale, GIAMBATISTA VALLI utilise vos donn\u00e9es \u00e0 caract\u00e8re personnel sur la base de fondements l\u00e9gaux (le traitement est n\u00e9cessaire \u00e0 l\u2019ex\u00e9cution des services propos\u00e9s sur le site Internet de GIAMBATISTA VALLI ; le traitement est n\u00e9cessaire aux fins d\u2019int\u00e9r\u00eats l\u00e9gitimes poursuivis par GIAMBATISTA VALLI (par exemple l\u00e9gitimit\u00e9 de GIAMBATISTA VALLI \u00e0 assurer la s\u00e9curit\u00e9 de son site Internet, la l\u00e9gitimit\u00e9 \u00e0 lutter contre les fraudes potentielles, \u00e0 mieux r\u00e9pondre aux attentes de ses clients lorsque cela ne d\u00e9roge pas \u00e0 vos propres int\u00e9r\u00eats et droits fondamentaux)) ou en vue de l\u2019ex\u00e9cution du contrat liant GIAMBATISTA VALLI \u00e0 un client (par exemple quand vous effectuez un achat).<\/p>\n<p style=\"text-align: left\">En cons\u00e9quence, GIAMBATISTA VALLI utilise vos donn\u00e9es \u00e0 caract\u00e8re personnel principalement pour :<\/p>\n<ul>\n<li style=\"text-align: left\">Le traitement de vos commandes, livraison de vos achats, traitement des suites de vos commandes (et notamment la facturation) ;<\/li>\n<li style=\"text-align: left\">Assurer un suivi de la relation client (et notamment communiquer avec vous \u00e0 propos de votre compte, r\u00e9pondre \u00e0 vos questions, g\u00e9rer vos r\u00e9clamations) et am\u00e9liorer les services que nous proposons ;<\/li>\n<li style=\"text-align: left\">L\u2019am\u00e9lioration de notre site et notamment son contenu, sa navigabilit\u00e9 ou sa s\u00e9curit\u00e9 (certaines donn\u00e9es de navigation sont par exemple collect\u00e9es pour permettre d\u2019assurer la s\u00e9curit\u00e9 de notre site et de d\u00e9tecter des tentatives d\u2019intrusion informatique) ;<\/li>\n<li style=\"text-align: left\">Lutter contre les risques de fraude ou tout autre acte r\u00e9pr\u00e9hensible pouvant affecter notre site (les donn\u00e9es \u00e0 caract\u00e8re personnel sont par exemple trait\u00e9es afin de s\u00e9curiser les paiements et les livraisons) ;<\/li>\n<li style=\"text-align: left\">Le traitement des impay\u00e9s et des contentieux ;<\/li>\n<li style=\"text-align: left\">Pourvoir r\u00e9aliser des analyses et statistiques commerciales sur notre site et nos produits pour mieux comprendre notre client\u00e8le et analyser l\u2019activit\u00e9 de notre site (par exemple nous mesurons le nombre de pages consult\u00e9es, le nombre de visites sur notre site, la fr\u00e9quence de retour des internautes sur notre site) ;<\/li>\n<li style=\"text-align: left\">Conserver un historique des transactions et autres documents commerciaux pour r\u00e9pondre \u00e0 des exigences juridiques, administratives ou \u00e0 des fins d\u2019audit ;<\/li>\n<li style=\"text-align: left\">Pouvoir personnaliser les produits qui sont susceptibles de vous int\u00e9resser en fonction de votre historique d\u2019achat ;<\/li>\n<li style=\"text-align: left\">Vous adresser, avec votre consentement, nos newsletters ou des communications commerciales ou des emails personnalis\u00e9s en fonction des produits que vous avez consult\u00e9s sur notre site ou achet\u00e9s.<\/li>\n<\/ul>\n<p>&nbsp;<\/p>\n<h4 style=\"text-align: left\"><strong>5\/ LA DIVULGATION DES DONN\u00c9ES \u00c0 CARACT\u00c8RE PERSONNEL \u00c0 DES TIERS<\/strong><\/h4>\n<p style=\"text-align: left\">GIAMBATISTA VALLI est susceptible de partager les donn\u00e9es \u00e0 caract\u00e8re personnel dans les cas suivants :<\/p>\n<p style=\"text-align: left\">Avec ses prestataires pour l\u2019ex\u00e9cution de prestations sous-trait\u00e9es et n\u00e9cessaires pour la r\u00e9alisation de ses services dans le cadre des finalit\u00e9s mentionn\u00e9es ci-dessus et en particulier :<\/p>\n<ul>\n<li style=\"text-align: left\">Prestataires en charge de r\u00e9aliser les campagnes publicitaires de GIAMBATTISTA VALLI (pour am\u00e9liorer les cibles de campagnes par exemple) ;<\/li>\n<li style=\"text-align: left\">Prestataire en charge de l\u2019h\u00e9bergement de notre site ;<\/li>\n<li style=\"text-align: left\">Prestataires en charge de l\u2019am\u00e9lioration de la navigation sur le site (si vous acceptez l\u2019utilisation des cookies) ;<\/li>\n<li style=\"text-align: left\">Prestataires en charge du traitement et du paiement de vos commandes.<\/li>\n<\/ul>\n<p style=\"text-align: left\">Avec certains partenaires commerciaux, avec votre consentement (par exemple, avec des tiers qui organisent un \u00e9v\u00e8nement conjointement avec GIAMBATISTA VALLI) ;<\/p>\n<p style=\"text-align: left\">Dans les cas o\u00f9 la loi imposerait ou autoriserait GIAMBATISTA VALLI \u00e0 divulguer des donn\u00e9es \u00e0 caract\u00e8re personnel (par exemple en cas de demande l\u00e9gitime d\u2019une autorit\u00e9 habilit\u00e9e par la loi ou d\u2019une d\u00e9cision de justice).<\/p>\n<p>&nbsp;<\/p>\n<h4 style=\"text-align: left\"><strong>6\/ LA DUR\u00c9E DE CONSERVATION DES DONN\u00c9ES \u00c0 CARACT\u00c8RE PERSONNEL<\/strong><\/h4>\n<p style=\"text-align: left\">GIAMBATISTA VALLI conservera les donn\u00e9es \u00e0 caract\u00e8re personnel pendant une dur\u00e9e raisonnablement n\u00e9cessaire au regard des finalit\u00e9s mentionn\u00e9es ci-dessus ou pendant une dur\u00e9e de conservation permise par la loi.<\/p>\n<p style=\"text-align: left\">Vous trouverez ci-dessous les principaux d\u00e9lais de conservation de vos donn\u00e9es \u00e0 caract\u00e8re personnel :<\/p>\n<ul>\n<li style=\"text-align: left\">Les donn\u00e9es \u00e0 caract\u00e8re personnel des prospects (internautes naviguant sur notre site sans effectuer d\u2019achat) sont trait\u00e9es pour les finalit\u00e9s mentionn\u00e9es ci-dessus pour une dur\u00e9e de 3 ans \u00e0 compter de la derni\u00e8re activit\u00e9 r\u00e9alis\u00e9e sur le site ;<\/li>\n<li style=\"text-align: left\">Les donn\u00e9es \u00e0 caract\u00e8re personnel des clients (internautes qui ach\u00e8tent au moins un produit sur le site) sont trait\u00e9es pour les finalit\u00e9s mentionn\u00e9es ci-dessus pour une dur\u00e9e de 7 ans \u00e0 compter de la derni\u00e8re activit\u00e9 r\u00e9alis\u00e9e sur le site.<\/li>\n<\/ul>\n<p style=\"text-align: left\">Les donn\u00e9es seront ensuite archiv\u00e9es et pourront \u00eatre utilis\u00e9es pour des raisons autoris\u00e9es par la loi (paiement, contestation, contentieux \u2026) pendant la dur\u00e9e de la prescription applicable.<\/p>\n<p style=\"text-align: left\">Les donnes seront ensuite supprim\u00e9es.<\/p>\n<p style=\"text-align: left\">Pour obtenir plus d\u2019informations sur la dur\u00e9e de conservation de vos donn\u00e9es \u00e0 caract\u00e8re personnelle pour une finalit\u00e9 sp\u00e9cifique, vous pouvez nous contacter \u00e0 l\u2019adresse email suivante <a href=\"mailto:eshop@giambattistavalli.com\">eshop@giambattistavalli.com<\/a>.<\/p>\n<p>&nbsp;<\/p>\n<h4 style=\"text-align: left\"><strong>7\/ COMMENT EXERCER VOS DROITS AU REGARD DE L\u2019UTILISATION DES DONN\u00c9ES \u00c0 CARACT\u00c8RE PERSONNEL<\/strong><\/h4>\n<p style=\"text-align: left\">Conform\u00e9ment \u00e0 la r\u00e8glementation sur la protection des donn\u00e9es \u00e0 caract\u00e8re personnel (articles 15 \u00e0 22 du RGPD), vous pouvez exercer vos droits \u00e0 savoir :<\/p>\n<ul>\n<li style=\"text-align: left\">Acc\u00e9der \u00e0 l\u2019ensemble des donn\u00e9es vous concernant ;<\/li>\n<li style=\"text-align: left\">Rectifier, mettre \u00e0 jour ou effacer toutes donn\u00e9es inexactes, incompl\u00e8tes ou obsol\u00e8tes ;<\/li>\n<li style=\"text-align: left\">Demander la portabilit\u00e9 de vos donn\u00e9es \u00e0 caract\u00e8re personnel ;<\/li>\n<li style=\"text-align: left\">Demander la suppression de vos donn\u00e9es \u00e0 caract\u00e8re personnel si :\n<ul>\n<li style=\"text-align: left\">vous avez retir\u00e9 votre consentement alors que ce consentement \u00e9tait une condition du traitement en question ;<\/li>\n<li style=\"text-align: left\">vous vous \u00eates oppos\u00e9 au traitement ;<\/li>\n<li style=\"text-align: left\">le traitement des donn\u00e9es dont la suppression est demand\u00e9e est ill\u00e9gal ;<\/li>\n<li style=\"text-align: left\">les donn\u00e9es ne sont plus n\u00e9cessaires pour la finalit\u00e9 envisag\u00e9e.<\/li>\n<\/ul>\n<\/li>\n<li style=\"text-align: left\">Demander une limitation du traitement de vos donn\u00e9es \u00e0 caract\u00e8re personnel ;<\/li>\n<li style=\"text-align: left\">Vous opposer au traitement de vos donn\u00e9es ;<\/li>\n<li style=\"text-align: left\">Introduire une r\u00e9clamation aupr\u00e8s de la CNIL notamment via son site Internet <a href=\"https:\/\/www.cnil.fr\/\" target=\"_blank\" rel=\"noopener\">www.cnil.fr<\/a>;<\/li>\n<li style=\"text-align: left\">Fournir des instructions sur la mani\u00e8re dont vous souhaitez que vos donn\u00e9es soient trait\u00e9es apr\u00e8s votre d\u00e9c\u00e8s ;<\/li>\n<li style=\"text-align: left\">Retirer \u00e0 tout moment votre consentement lorsque le traitement est effectu\u00e9 sur cette base.<\/li>\n<\/ul>\n<p style=\"text-align: left\">Ces droits peuvent \u00eatre exerc\u00e9s en s\u2019adressant \u00e0 GIAMBATTISTA VALLI SAS, 30 rue Boissy d\u2019Anglas 75008 Paris ou en adressant un email \u00e0 <a href=\"mailto:eshop@giambattistavalli.com\">eshop@giambattistavalli.com<\/a>.<\/p>\n<p style=\"text-align: left\">GIAMBATISTA VALLI pourra proc\u00e9der \u00e0 des v\u00e9rifications d\u2019identit\u00e9 avant de traiter votre demande afin de garantir la confidentialit\u00e9 et la s\u00e9curit\u00e9 de vos donn\u00e9es \u00e0 caract\u00e8re personnel.<\/p>\n<p>&nbsp;<\/p>\n<h4 style=\"text-align: left\"><strong>8\/ TRANSFERT DES DONN\u00c9ES \u00c0 CARACT\u00c8RE PERSONNEL EN DEHORS DE L\u2019UNION EUROP\u00c9ENNE<\/strong><\/h4>\n<p style=\"text-align: left\">Le site Internet de GIAMBATTISTA VALLI est h\u00e9berg\u00e9 sur des serveurs situ\u00e9s sur le territoire de l\u2019Union europ\u00e9enne.<\/p>\n<p style=\"text-align: left\">Dans l\u2019hypoth\u00e8se o\u00f9 des donn\u00e9es \u00e0 caract\u00e8re personnel vous concernant seraient transmises, pour les besoins des finalit\u00e9s mentionn\u00e9es ci-dessus, dans des pays situ\u00e9s en dehors de l\u2019Union Europ\u00e9enne n\u2019assurant pas un niveau de protection des donn\u00e9es ad\u00e9quat, GIAMBATTISTA VALLI prendra toutes les mesures n\u00e9cessaires pour s\u00e9curiser ce transfert et assurer un niveau de protection ad\u00e9quat aux donn\u00e9es personnelles transf\u00e9r\u00e9es vers ces pays. En particulier, ces transferts pourront \u00eatre encadr\u00e9s par les clauses contractuelles types valid\u00e9es par la Commission europ\u00e9enne sur la question de la protection des donn\u00e9es \u00e0 caract\u00e8re personnel.<\/p>\n<p>&nbsp;<\/p>\n<h4 style=\"text-align: left\"><strong>9\/ DONN\u00c9ES \u00c0 CARACT\u00c8RE PERSONNEL DES ENFANTS MINEURS<\/strong><\/h4>\n<p style=\"text-align: left\">Le site de GIAMBATISTA VALLI n\u2019est pas destin\u00e9 aux mineurs.<\/p>\n<p style=\"text-align: left\">En cons\u00e9quence, GIAMBATISTA VALLI ne collecte pas sciemment de donn\u00e9es \u00e0 caract\u00e8re personnel concernant des mineurs sans l\u2019accord d\u2019un parent ou d\u2019une personne exer\u00e7ant l\u2019autorit\u00e9 parentale.<\/p>\n<p style=\"text-align: left\">En effectuant les transactions propos\u00e9es sur le site de GIAMBATISTA VALLI vous garantissez \u00eatre \u00e2g\u00e9s d\u2019au moins 18 ans et \u00eatre en mesure de conclure ce type de transactions.<\/p>\n<p style=\"text-align: left\">GIAMBATISTA VALLI s\u2019engage \u00e0 supprimer les informations concernant un mineur qui lui aurait \u00e9t\u00e9 communiqu\u00e9es.<\/p>\n<p>&nbsp;<\/p>\n<h4 style=\"text-align: left\"><strong>10\/ MODIFICATION DE LA POLITIQUE DE PROTECTION DES DONN\u00c9ES PERSONNELLES<\/strong><\/h4>\n<p style=\"text-align: left\">La pr\u00e9sente politique de protection des donn\u00e9es personnelles peut \u00eatre modifi\u00e9e en raison des \u00e9volutions l\u00e9gislatives et r\u00e9glementaires ou pour refl\u00e9ter les \u00e9volutions dans la mani\u00e8re dont nous traitons les donn\u00e9es \u00e0 caract\u00e8re personnel. Une mise \u00e0 jour de la politique de protection des donn\u00e9es personnelles sera publi\u00e9e sur notre site.<\/p>\n<p style=\"text-align: left\">En continuant \u00e0 utiliser notre site apr\u00e8s la mise \u00e0 jour, vous acceptez les modifications effectu\u00e9es.<\/p>\n<p style=\"text-align: left\">Il est conseill\u00e9 de consulter l\u2019onglet \u00ab Politique de Confidentialit\u00e9 \u00bb chaque fois que vous utilisez notre site afin d\u2019\u00eatre inform\u00e9 de nos pratiques et de vos droits.<\/p>\n<p>&nbsp;<\/p>\n<h4 style=\"text-align: left\"><strong>11\/ UTILISATION DE COOKIES<\/strong><\/h4>\n<p style=\"text-align: left\">En naviguant sur un site Internet, ce site peut stocker des informations en utilisant votre navigateur, la plupart du temps sous la forme de cookies.<\/p>\n<p style=\"text-align: left\">Lors de la consultation de notre site, GIAMBATISTA VALLI est susceptible de collecter certaines donn\u00e9es \u00e0 caract\u00e8re personnel au travers de cookies d\u00e9pos\u00e9s sur votre terminal. Les modalit\u00e9s de collecte sont pr\u00e9vues dans l\u2019onglet \u00ab <a href=\"\/terms\">Conditions G\u00e9n\u00e9rales de Vente<\/a> \u00bb.<\/p>\n<p style=\"text-align: left\">Vous pouvez param\u00e9trez ces cookies dans l&rsquo;interface suivant: <a role='button' tabindex='0' class=\"cli_settings_button\">[:en]Cookie settings[:fr]Pr\u00e9f\u00e9rences[:]<\/a><\/p>\n","protected":false},"excerpt":{"rendered":"<p>GIAMBATISTA VALLI s\u2019engage \u00e0 respecter la confidentialit\u00e9 et la protection de vos donn\u00e9es \u00e0 caract\u00e8re personnel telles que d\u00e9finies par le R\u00e8glement UE 2016\/679 relatif \u00e0 la protection des Donn\u00e9es Personnelles (RGPD). La pr\u00e9sente politique de protection des donn\u00e9es personnelles d\u00e9crit de mani\u00e8re transparente la mani\u00e8re dont GIAMBATISTA VALLI traite, collecte, conserve, utilise et communique [&hellip;]<\/p>\n","protected":false},"author":2,"featured_media":0,"parent":0,"menu_order":0,"comment_status":"closed","ping_status":"closed","template":"","meta":{"_acf_changed":false,"footnotes":""},"class_list":["post-35169","page","type-page","status-publish","hentry"],"acf":[],"_links":{"self":[{"href":"https:\/\/www.giambattistavalli.com\/fr\/wp-json\/wp\/v2\/pages\/35169","targetHints":{"allow":["GET"]}}],"collection":[{"href":"https:\/\/www.giambattistavalli.com\/fr\/wp-json\/wp\/v2\/pages"}],"about":[{"href":"https:\/\/www.giambattistavalli.com\/fr\/wp-json\/wp\/v2\/types\/page"}],"author":[{"embeddable":true,"href":"https:\/\/www.giambattistavalli.com\/fr\/wp-json\/wp\/v2\/users\/2"}],"replies":[{"embeddable":true,"href":"https:\/\/www.giambattistavalli.com\/fr\/wp-json\/wp\/v2\/comments?post=35169"}],"version-history":[{"count":0,"href":"https:\/\/www.giambattistavalli.com\/fr\/wp-json\/wp\/v2\/pages\/35169\/revisions"}],"wp:attachment":[{"href":"https:\/\/www.giambattistavalli.com\/fr\/wp-json\/wp\/v2\/media?parent=35169"}],"curies":[{"name":"wp","href":"https:\/\/api.w.org\/{rel}","templated":true}]}}